{"id":3415421,"date":"2025-10-09T22:46:55","date_gmt":"2025-10-10T02:46:55","guid":{"rendered":"https:\/\/stoic-curie.212-227-153-4.plesk.page\/product\/star-brite-teak-sealer-tropical-natural-500-ml\/"},"modified":"2026-02-24T23:34:56","modified_gmt":"2026-02-24T23:34:56","slug":"star-brite-teak-sealer-tropical-natural-500-ml","status":"publish","type":"product","link":"https:\/\/stoic-curie.212-227-153-4.plesk.page\/de\/product\/star-brite-teak-sealer-tropical-natural-500-ml\/","title":{"rendered":"Star Brite Teak Sealer Tropical Natural 500 ml"},"content":{"rendered":"<p>Star Brite Teak Sealer Tropical Natural 500 ml &#8211; <\/p>\n<p>\u2022 Nat\u00fcrliche Farben von Tropen-Teak\u00f6l<br \/>\u2022 Versiegelung, die l\u00e4nger h\u00e4lt als jedes andere Teak\u00f6l oder Versiegelungsmittel<br \/>\u2022 Kein Tropfen, keine Spritzformel<br \/>\u2022 Sch\u00fctzt vor ultravioletten Strahlen<br \/>\u2022 Langanhaltend, dringt tief ein f\u00fcr einen vollst\u00e4ndigen Schutz<br \/>\u2022 Nur ein Anstrich erforderlich<\/p>\n","protected":false},"excerpt":{"rendered":"<p>Star Brite Teak Sealer Tropical Natural 500 ml &#8211; \u2022 Nat\u00fcrliche Farben von Tropen-Teak\u00f6l\u2022 Versiegelung, die l\u00e4nger h\u00e4lt als jedes<\/p>\n","protected":false},"featured_media":5941769,"comment_status":"closed","ping_status":"closed","template":"","meta":[],"product_brand":[3435],"product_cat":[1338],"product_tag":[],"class_list":{"0":"post-3415421","1":"product","2":"type-product","3":"status-publish","4":"has-post-thumbnail","6":"product_brand-starbrite-de","7":"product_cat-marine-schiffslacke-und-teakoel","9":"first","10":"instock","11":"shipping-taxable","12":"purchasable","13":"product-type-simple"},"_links":{"self":[{"href":"https:\/\/stoic-curie.212-227-153-4.plesk.page\/de\/wp-json\/wp\/v2\/product\/3415421","targetHints":{"allow":["GET"]}}],"collection":[{"href":"https:\/\/stoic-curie.212-227-153-4.plesk.page\/de\/wp-json\/wp\/v2\/product"}],"about":[{"href":"https:\/\/stoic-curie.212-227-153-4.plesk.page\/de\/wp-json\/wp\/v2\/types\/product"}],"replies":[{"embeddable":true,"href":"https:\/\/stoic-curie.212-227-153-4.plesk.page\/de\/wp-json\/wp\/v2\/comments?post=3415421"}],"version-history":[{"count":0,"href":"https:\/\/stoic-curie.212-227-153-4.plesk.page\/de\/wp-json\/wp\/v2\/product\/3415421\/revisions"}],"wp:featuredmedia":[{"embeddable":true,"href":"https:\/\/stoic-curie.212-227-153-4.plesk.page\/de\/wp-json\/wp\/v2\/media\/5941769"}],"wp:attachment":[{"href":"https:\/\/stoic-curie.212-227-153-4.plesk.page\/de\/wp-json\/wp\/v2\/media?parent=3415421"}],"wp:term":[{"taxonomy":"product_brand","embeddable":true,"href":"https:\/\/stoic-curie.212-227-153-4.plesk.page\/de\/wp-json\/wp\/v2\/product_brand?post=3415421"},{"taxonomy":"product_cat","embeddable":true,"href":"https:\/\/stoic-curie.212-227-153-4.plesk.page\/de\/wp-json\/wp\/v2\/product_cat?post=3415421"},{"taxonomy":"product_tag","embeddable":true,"href":"https:\/\/stoic-curie.212-227-153-4.plesk.page\/de\/wp-json\/wp\/v2\/product_tag?post=3415421"}],"curies":[{"name":"wp","href":"https:\/\/api.w.org\/{rel}","templated":true}]}}