{"id":3415429,"date":"2025-10-09T22:46:55","date_gmt":"2025-10-10T02:46:55","guid":{"rendered":"https:\/\/stoic-curie.212-227-153-4.plesk.page\/product\/magic-schwamm-star-brite-schmutzentferner\/"},"modified":"2026-02-24T23:34:56","modified_gmt":"2026-02-24T23:34:56","slug":"magic-schwamm-star-brite-schmutzentferner","status":"publish","type":"product","link":"https:\/\/stoic-curie.212-227-153-4.plesk.page\/de\/product\/magic-schwamm-star-brite-schmutzentferner\/","title":{"rendered":"Magic Schwamm Star Brite Schmutzentferner"},"content":{"rendered":"<p>Magic Schwamm Star Brite Schmutzentferner &#8211; <\/p>\n<p>Schwamm mit nano-abrasiven Elementen, der es erm\u00f6glicht, Flecken, Streifen und Kratzer von Vinyl- und Fiberglasoberfl\u00e4chen sowie von Bootsdecks und -seiten zu entfernen. Weich, besch\u00e4digt die Oberfl\u00e4che nicht und ben\u00f6tigt keine Chemikalien, um zu wirken.<\/p>\n","protected":false},"excerpt":{"rendered":"<p>Magic Schwamm Star Brite Schmutzentferner &#8211; Schwamm mit nano-abrasiven Elementen, der es erm\u00f6glicht, Flecken, Streifen und Kratzer von Vinyl- und<\/p>\n","protected":false},"featured_media":5941773,"comment_status":"closed","ping_status":"closed","template":"","meta":[],"product_brand":[3435],"product_cat":[1346,1344],"product_tag":[],"class_list":{"0":"post-3415429","1":"product","2":"type-product","3":"status-publish","4":"has-post-thumbnail","6":"product_brand-starbrite-de","7":"product_cat-reinigungsbuersten","8":"product_cat-werkzeuge-fuer-die-reinigung","10":"first","11":"instock","12":"shipping-taxable","13":"purchasable","14":"product-type-simple"},"_links":{"self":[{"href":"https:\/\/stoic-curie.212-227-153-4.plesk.page\/de\/wp-json\/wp\/v2\/product\/3415429","targetHints":{"allow":["GET"]}}],"collection":[{"href":"https:\/\/stoic-curie.212-227-153-4.plesk.page\/de\/wp-json\/wp\/v2\/product"}],"about":[{"href":"https:\/\/stoic-curie.212-227-153-4.plesk.page\/de\/wp-json\/wp\/v2\/types\/product"}],"replies":[{"embeddable":true,"href":"https:\/\/stoic-curie.212-227-153-4.plesk.page\/de\/wp-json\/wp\/v2\/comments?post=3415429"}],"version-history":[{"count":0,"href":"https:\/\/stoic-curie.212-227-153-4.plesk.page\/de\/wp-json\/wp\/v2\/product\/3415429\/revisions"}],"wp:featuredmedia":[{"embeddable":true,"href":"https:\/\/stoic-curie.212-227-153-4.plesk.page\/de\/wp-json\/wp\/v2\/media\/5941773"}],"wp:attachment":[{"href":"https:\/\/stoic-curie.212-227-153-4.plesk.page\/de\/wp-json\/wp\/v2\/media?parent=3415429"}],"wp:term":[{"taxonomy":"product_brand","embeddable":true,"href":"https:\/\/stoic-curie.212-227-153-4.plesk.page\/de\/wp-json\/wp\/v2\/product_brand?post=3415429"},{"taxonomy":"product_cat","embeddable":true,"href":"https:\/\/stoic-curie.212-227-153-4.plesk.page\/de\/wp-json\/wp\/v2\/product_cat?post=3415429"},{"taxonomy":"product_tag","embeddable":true,"href":"https:\/\/stoic-curie.212-227-153-4.plesk.page\/de\/wp-json\/wp\/v2\/product_tag?post=3415429"}],"curies":[{"name":"wp","href":"https:\/\/api.w.org\/{rel}","templated":true}]}}