{"id":3415469,"date":"2025-10-09T22:46:56","date_gmt":"2025-10-10T02:46:56","guid":{"rendered":"https:\/\/stoic-curie.212-227-153-4.plesk.page\/product\/bootsshampoo-eco-5l\/"},"modified":"2026-02-24T23:34:56","modified_gmt":"2026-02-24T23:34:56","slug":"bootsshampoo-eco-5l","status":"publish","type":"product","link":"https:\/\/stoic-curie.212-227-153-4.plesk.page\/de\/product\/bootsshampoo-eco-5l\/","title":{"rendered":"Bootsshampoo ECO 5l"},"content":{"rendered":"<p>Bootsshampoo ECO 5l &#8211; <\/p>\n<p>100% biologisch abbaubares, konzentriertes Universalshampoo, das zu verd\u00fcnnen ist. Geeignet f\u00fcr Fiberglas, lackierte Oberfl\u00e4chen, Metall und aufblasbare Gegenst\u00e4nde.<\/p>\n","protected":false},"excerpt":{"rendered":"<p>Bootsshampoo ECO 5l &#8211; 100% biologisch abbaubares, konzentriertes Universalshampoo, das zu verd\u00fcnnen ist. Geeignet f\u00fcr Fiberglas, lackierte Oberfl\u00e4chen, Metall und<\/p>\n","protected":false},"featured_media":5941812,"comment_status":"closed","ping_status":"closed","template":"","meta":[],"product_brand":[3235],"product_cat":[1341],"product_tag":[],"class_list":{"0":"post-3415469","1":"product","2":"type-product","3":"status-publish","4":"has-post-thumbnail","6":"product_brand-osculati-de","7":"product_cat-produkte-zur-reinigung","9":"first","10":"instock","11":"shipping-taxable","12":"purchasable","13":"product-type-simple"},"_links":{"self":[{"href":"https:\/\/stoic-curie.212-227-153-4.plesk.page\/de\/wp-json\/wp\/v2\/product\/3415469","targetHints":{"allow":["GET"]}}],"collection":[{"href":"https:\/\/stoic-curie.212-227-153-4.plesk.page\/de\/wp-json\/wp\/v2\/product"}],"about":[{"href":"https:\/\/stoic-curie.212-227-153-4.plesk.page\/de\/wp-json\/wp\/v2\/types\/product"}],"replies":[{"embeddable":true,"href":"https:\/\/stoic-curie.212-227-153-4.plesk.page\/de\/wp-json\/wp\/v2\/comments?post=3415469"}],"version-history":[{"count":0,"href":"https:\/\/stoic-curie.212-227-153-4.plesk.page\/de\/wp-json\/wp\/v2\/product\/3415469\/revisions"}],"wp:featuredmedia":[{"embeddable":true,"href":"https:\/\/stoic-curie.212-227-153-4.plesk.page\/de\/wp-json\/wp\/v2\/media\/5941812"}],"wp:attachment":[{"href":"https:\/\/stoic-curie.212-227-153-4.plesk.page\/de\/wp-json\/wp\/v2\/media?parent=3415469"}],"wp:term":[{"taxonomy":"product_brand","embeddable":true,"href":"https:\/\/stoic-curie.212-227-153-4.plesk.page\/de\/wp-json\/wp\/v2\/product_brand?post=3415469"},{"taxonomy":"product_cat","embeddable":true,"href":"https:\/\/stoic-curie.212-227-153-4.plesk.page\/de\/wp-json\/wp\/v2\/product_cat?post=3415469"},{"taxonomy":"product_tag","embeddable":true,"href":"https:\/\/stoic-curie.212-227-153-4.plesk.page\/de\/wp-json\/wp\/v2\/product_tag?post=3415469"}],"curies":[{"name":"wp","href":"https:\/\/api.w.org\/{rel}","templated":true}]}}