{"id":3415485,"date":"2025-10-09T22:46:57","date_gmt":"2025-10-10T02:46:57","guid":{"rendered":"https:\/\/stoic-curie.212-227-153-4.plesk.page\/product\/bilgenreiniger-iosso-4lt\/"},"modified":"2026-02-24T23:34:56","modified_gmt":"2026-02-24T23:34:56","slug":"bilgenreiniger-iosso-4lt","status":"publish","type":"product","link":"https:\/\/stoic-curie.212-227-153-4.plesk.page\/de\/product\/bilgenreiniger-iosso-4lt\/","title":{"rendered":"Bilgenreiniger Iosso 4lt"},"content":{"rendered":"<p>Bilgenreiniger Iosso 4lt &#8211; <\/p>\n<p>Professioneller Emulsions-Bilge-Reiniger, der auch in Salzwasser wirkt. Entwickelt, um Schmutz in Bilgen anzugreifen und aufzul\u00f6sen, besonders kraftvoll gegen Fette und \u00f6lige R\u00fcckst\u00e4nde.<\/p>\n","protected":false},"excerpt":{"rendered":"<p>Bilgenreiniger Iosso 4lt &#8211; Professioneller Emulsions-Bilge-Reiniger, der auch in Salzwasser wirkt. Entwickelt, um Schmutz in Bilgen anzugreifen und aufzul\u00f6sen, besonders<\/p>\n","protected":false},"featured_media":5941815,"comment_status":"closed","ping_status":"closed","template":"","meta":[],"product_brand":[3020],"product_cat":[1341],"product_tag":[],"class_list":{"0":"post-3415485","1":"product","2":"type-product","3":"status-publish","4":"has-post-thumbnail","6":"product_brand-iosso-de","7":"product_cat-produkte-zur-reinigung","9":"first","10":"instock","11":"shipping-taxable","12":"purchasable","13":"product-type-simple"},"_links":{"self":[{"href":"https:\/\/stoic-curie.212-227-153-4.plesk.page\/de\/wp-json\/wp\/v2\/product\/3415485","targetHints":{"allow":["GET"]}}],"collection":[{"href":"https:\/\/stoic-curie.212-227-153-4.plesk.page\/de\/wp-json\/wp\/v2\/product"}],"about":[{"href":"https:\/\/stoic-curie.212-227-153-4.plesk.page\/de\/wp-json\/wp\/v2\/types\/product"}],"replies":[{"embeddable":true,"href":"https:\/\/stoic-curie.212-227-153-4.plesk.page\/de\/wp-json\/wp\/v2\/comments?post=3415485"}],"version-history":[{"count":0,"href":"https:\/\/stoic-curie.212-227-153-4.plesk.page\/de\/wp-json\/wp\/v2\/product\/3415485\/revisions"}],"wp:featuredmedia":[{"embeddable":true,"href":"https:\/\/stoic-curie.212-227-153-4.plesk.page\/de\/wp-json\/wp\/v2\/media\/5941815"}],"wp:attachment":[{"href":"https:\/\/stoic-curie.212-227-153-4.plesk.page\/de\/wp-json\/wp\/v2\/media?parent=3415485"}],"wp:term":[{"taxonomy":"product_brand","embeddable":true,"href":"https:\/\/stoic-curie.212-227-153-4.plesk.page\/de\/wp-json\/wp\/v2\/product_brand?post=3415485"},{"taxonomy":"product_cat","embeddable":true,"href":"https:\/\/stoic-curie.212-227-153-4.plesk.page\/de\/wp-json\/wp\/v2\/product_cat?post=3415485"},{"taxonomy":"product_tag","embeddable":true,"href":"https:\/\/stoic-curie.212-227-153-4.plesk.page\/de\/wp-json\/wp\/v2\/product_tag?post=3415485"}],"curies":[{"name":"wp","href":"https:\/\/api.w.org\/{rel}","templated":true}]}}