{"id":3415503,"date":"2025-10-09T22:46:58","date_gmt":"2025-10-10T02:46:58","guid":{"rendered":"https:\/\/stoic-curie.212-227-153-4.plesk.page\/product\/elektronischer-bilgenwechselschalter-attwood-s3-12v-15-ampere\/"},"modified":"2026-02-24T23:34:56","modified_gmt":"2026-02-24T23:34:56","slug":"elektronischer-bilgenwechselschalter-attwood-s3-12v-15-ampere","status":"publish","type":"product","link":"https:\/\/stoic-curie.212-227-153-4.plesk.page\/de\/product\/elektronischer-bilgenwechselschalter-attwood-s3-12v-15-ampere\/","title":{"rendered":"Elektronischer Bilgenwechselschalter Attwood S3 12V 15 Ampere"},"content":{"rendered":"<p>Elektronischer Bilgenwechselschalter Attwood S3 12V 15 Ampere &#8211; <\/p>\n<p>Elektrischer Schalter, der jede Art von Fl\u00fcssigkeit im Schiffsraum erkennt. Verhindert, dass die Pumpe st\u00e4ndig ein- und ausgeschaltet wird, da er falsche Startvorg\u00e4nge durch spritzendes Wasser oder Schmutz erkennt. Hervorragende Lebensdauer mit 5 JAHREN GARANTIE, da sie ohne bewegliche mechanische Teile gebaut ist.<\/p>\n","protected":false},"excerpt":{"rendered":"<p>Elektronischer Bilgenwechselschalter Attwood S3 12V 15 Ampere &#8211; Elektrischer Schalter, der jede Art von Fl\u00fcssigkeit im Schiffsraum erkennt. Verhindert, dass<\/p>\n","protected":false},"featured_media":5941829,"comment_status":"closed","ping_status":"closed","template":"","meta":[],"product_brand":[2805],"product_cat":[1372],"product_tag":[],"class_list":{"0":"post-3415503","1":"product","2":"type-product","3":"status-publish","4":"has-post-thumbnail","6":"product_brand-attwood-de","7":"product_cat-elektrische-bilgepumpen","9":"first","10":"instock","11":"shipping-taxable","12":"purchasable","13":"product-type-simple"},"_links":{"self":[{"href":"https:\/\/stoic-curie.212-227-153-4.plesk.page\/de\/wp-json\/wp\/v2\/product\/3415503","targetHints":{"allow":["GET"]}}],"collection":[{"href":"https:\/\/stoic-curie.212-227-153-4.plesk.page\/de\/wp-json\/wp\/v2\/product"}],"about":[{"href":"https:\/\/stoic-curie.212-227-153-4.plesk.page\/de\/wp-json\/wp\/v2\/types\/product"}],"replies":[{"embeddable":true,"href":"https:\/\/stoic-curie.212-227-153-4.plesk.page\/de\/wp-json\/wp\/v2\/comments?post=3415503"}],"version-history":[{"count":0,"href":"https:\/\/stoic-curie.212-227-153-4.plesk.page\/de\/wp-json\/wp\/v2\/product\/3415503\/revisions"}],"wp:featuredmedia":[{"embeddable":true,"href":"https:\/\/stoic-curie.212-227-153-4.plesk.page\/de\/wp-json\/wp\/v2\/media\/5941829"}],"wp:attachment":[{"href":"https:\/\/stoic-curie.212-227-153-4.plesk.page\/de\/wp-json\/wp\/v2\/media?parent=3415503"}],"wp:term":[{"taxonomy":"product_brand","embeddable":true,"href":"https:\/\/stoic-curie.212-227-153-4.plesk.page\/de\/wp-json\/wp\/v2\/product_brand?post=3415503"},{"taxonomy":"product_cat","embeddable":true,"href":"https:\/\/stoic-curie.212-227-153-4.plesk.page\/de\/wp-json\/wp\/v2\/product_cat?post=3415503"},{"taxonomy":"product_tag","embeddable":true,"href":"https:\/\/stoic-curie.212-227-153-4.plesk.page\/de\/wp-json\/wp\/v2\/product_tag?post=3415503"}],"curies":[{"name":"wp","href":"https:\/\/api.w.org\/{rel}","templated":true}]}}