{"id":3415519,"date":"2025-10-09T22:46:58","date_gmt":"2025-10-10T02:46:58","guid":{"rendered":"https:\/\/stoic-curie.212-227-153-4.plesk.page\/product\/solar-led-docklicht\/"},"modified":"2026-02-24T23:34:56","modified_gmt":"2026-02-24T23:34:56","slug":"solar-led-docklicht","status":"publish","type":"product","link":"https:\/\/stoic-curie.212-227-153-4.plesk.page\/de\/product\/solar-led-docklicht\/","title":{"rendered":"Solar-LED-Docklicht"},"content":{"rendered":"<p>Solar-LED-Docklicht &#8211; <\/p>\n<p>Positionierte und freundliche wasserdichte Solar-LED-Leuchte f\u00fcr Docks, Liegepl\u00e4tze und gef\u00fchrte Wege. Schaltet sich automatisch nachts ein. Ein Kondensator speichert Sonnenenergie und l\u00e4dt den inneren Akku wieder auf. Verst\u00e4rktes Kunststoffgeh\u00e4use mit elektronischen Komponenten, die in antischockierendem Gel eingetaucht sind, kann selbst von schweren Fahrzeugen \u00fcberfahren werden.<\/p>\n","protected":false},"excerpt":{"rendered":"<p>Solar-LED-Docklicht &#8211; Positionierte und freundliche wasserdichte Solar-LED-Leuchte f\u00fcr Docks, Liegepl\u00e4tze und gef\u00fchrte Wege. Schaltet sich automatisch nachts ein. Ein Kondensator<\/p>\n","protected":false},"featured_media":5941832,"comment_status":"closed","ping_status":"closed","template":"","meta":[],"product_brand":[3220],"product_cat":[1452,1443],"product_tag":[],"class_list":{"0":"post-3415519","1":"product","2":"type-product","3":"status-publish","4":"has-post-thumbnail","6":"product_brand-oceanled-de","7":"product_cat-bootsbeleuchtung","8":"product_cat-bootshinweislichter","10":"first","11":"instock","12":"shipping-taxable","13":"purchasable","14":"product-type-simple"},"_links":{"self":[{"href":"https:\/\/stoic-curie.212-227-153-4.plesk.page\/de\/wp-json\/wp\/v2\/product\/3415519","targetHints":{"allow":["GET"]}}],"collection":[{"href":"https:\/\/stoic-curie.212-227-153-4.plesk.page\/de\/wp-json\/wp\/v2\/product"}],"about":[{"href":"https:\/\/stoic-curie.212-227-153-4.plesk.page\/de\/wp-json\/wp\/v2\/types\/product"}],"replies":[{"embeddable":true,"href":"https:\/\/stoic-curie.212-227-153-4.plesk.page\/de\/wp-json\/wp\/v2\/comments?post=3415519"}],"version-history":[{"count":0,"href":"https:\/\/stoic-curie.212-227-153-4.plesk.page\/de\/wp-json\/wp\/v2\/product\/3415519\/revisions"}],"wp:featuredmedia":[{"embeddable":true,"href":"https:\/\/stoic-curie.212-227-153-4.plesk.page\/de\/wp-json\/wp\/v2\/media\/5941832"}],"wp:attachment":[{"href":"https:\/\/stoic-curie.212-227-153-4.plesk.page\/de\/wp-json\/wp\/v2\/media?parent=3415519"}],"wp:term":[{"taxonomy":"product_brand","embeddable":true,"href":"https:\/\/stoic-curie.212-227-153-4.plesk.page\/de\/wp-json\/wp\/v2\/product_brand?post=3415519"},{"taxonomy":"product_cat","embeddable":true,"href":"https:\/\/stoic-curie.212-227-153-4.plesk.page\/de\/wp-json\/wp\/v2\/product_cat?post=3415519"},{"taxonomy":"product_tag","embeddable":true,"href":"https:\/\/stoic-curie.212-227-153-4.plesk.page\/de\/wp-json\/wp\/v2\/product_tag?post=3415519"}],"curies":[{"name":"wp","href":"https:\/\/api.w.org\/{rel}","templated":true}]}}