{"id":3415630,"date":"2025-10-09T22:47:01","date_gmt":"2025-10-10T02:47:01","guid":{"rendered":"https:\/\/stoic-curie.212-227-153-4.plesk.page\/product\/blaue-polyurethanbeschichtete-nylon-anhaengerseitenrollen-d120-f21\/"},"modified":"2026-02-24T23:34:56","modified_gmt":"2026-02-24T23:34:56","slug":"blaue-polyurethanbeschichtete-nylon-anhaengerseitenrollen-d120-f21","status":"publish","type":"product","link":"https:\/\/stoic-curie.212-227-153-4.plesk.page\/de\/product\/blaue-polyurethanbeschichtete-nylon-anhaengerseitenrollen-d120-f21\/","title":{"rendered":"Blaue Polyurethanbeschichtete Nylon-Anh\u00e4ngerseitenrollen D120 F21"},"content":{"rendered":"<p>Blaue Polyurethanbeschichtete Nylon-Anh\u00e4ngerseitenrollen D120 F21 &#8211; <\/p>\n<p>Blaue, mit Polyurethan beschichtete Nylon-Seitenwobbler f\u00fcr Anh\u00e4nger.<\/p>\n","protected":false},"excerpt":{"rendered":"<p>Blaue Polyurethanbeschichtete Nylon-Anh\u00e4ngerseitenrollen D120 F21 &#8211; Blaue, mit Polyurethan beschichtete Nylon-Seitenwobbler f\u00fcr Anh\u00e4nger.<\/p>\n","protected":false},"featured_media":5941849,"comment_status":"closed","ping_status":"closed","template":"","meta":[],"product_brand":[2890],"product_cat":[1554],"product_tag":[],"class_list":{"0":"post-3415630","1":"product","2":"type-product","3":"status-publish","4":"has-post-thumbnail","6":"product_brand-domar-de","7":"product_cat-anhaengerzubehoer","9":"first","10":"outofstock","11":"shipping-taxable","12":"purchasable","13":"product-type-simple"},"_links":{"self":[{"href":"https:\/\/stoic-curie.212-227-153-4.plesk.page\/de\/wp-json\/wp\/v2\/product\/3415630","targetHints":{"allow":["GET"]}}],"collection":[{"href":"https:\/\/stoic-curie.212-227-153-4.plesk.page\/de\/wp-json\/wp\/v2\/product"}],"about":[{"href":"https:\/\/stoic-curie.212-227-153-4.plesk.page\/de\/wp-json\/wp\/v2\/types\/product"}],"replies":[{"embeddable":true,"href":"https:\/\/stoic-curie.212-227-153-4.plesk.page\/de\/wp-json\/wp\/v2\/comments?post=3415630"}],"version-history":[{"count":0,"href":"https:\/\/stoic-curie.212-227-153-4.plesk.page\/de\/wp-json\/wp\/v2\/product\/3415630\/revisions"}],"wp:featuredmedia":[{"embeddable":true,"href":"https:\/\/stoic-curie.212-227-153-4.plesk.page\/de\/wp-json\/wp\/v2\/media\/5941849"}],"wp:attachment":[{"href":"https:\/\/stoic-curie.212-227-153-4.plesk.page\/de\/wp-json\/wp\/v2\/media?parent=3415630"}],"wp:term":[{"taxonomy":"product_brand","embeddable":true,"href":"https:\/\/stoic-curie.212-227-153-4.plesk.page\/de\/wp-json\/wp\/v2\/product_brand?post=3415630"},{"taxonomy":"product_cat","embeddable":true,"href":"https:\/\/stoic-curie.212-227-153-4.plesk.page\/de\/wp-json\/wp\/v2\/product_cat?post=3415630"},{"taxonomy":"product_tag","embeddable":true,"href":"https:\/\/stoic-curie.212-227-153-4.plesk.page\/de\/wp-json\/wp\/v2\/product_tag?post=3415630"}],"curies":[{"name":"wp","href":"https:\/\/api.w.org\/{rel}","templated":true}]}}