{"id":3415703,"date":"2025-10-09T22:47:04","date_gmt":"2025-10-10T02:47:04","guid":{"rendered":"https:\/\/stoic-curie.212-227-153-4.plesk.page\/product\/diebstahlsicherung-mcgard-fuer-mercruiser-und-volvo-penta\/"},"modified":"2026-02-24T23:34:56","modified_gmt":"2026-02-24T23:34:56","slug":"diebstahlsicherung-mcgard-fuer-mercruiser-und-volvo-penta","status":"publish","type":"product","link":"https:\/\/stoic-curie.212-227-153-4.plesk.page\/de\/product\/diebstahlsicherung-mcgard-fuer-mercruiser-und-volvo-penta\/","title":{"rendered":"Diebstahlsicherung MCGard f\u00fcr Mercruiser und Volvo Penta"},"content":{"rendered":"<p>Diebstahlsicherung MCGard f\u00fcr Mercruiser und Volvo Penta &#8211; <\/p>\n<p>Extrem widerstandsf\u00e4higes, einfach zu bedienendes und sicheres Diebstahlschutzsystem f\u00fcr Au\u00dfenbordmotoren, Innenbordmotoren oder Propeller. Einfach eine der Befestigungsmuttern durch eine McGard-Sicherungsmutter\/-h\u00fclse ersetzen. Die frei drehende H\u00fclse dreht sich um sich selbst und macht eine Demontage unm\u00f6glich. Nur mit dem im Paket enthaltenen McGard-Schl\u00fcssel kann das Diebstahlschutzger\u00e4t abgeschraubt werden.<\/p>\n","protected":false},"excerpt":{"rendered":"<p>Diebstahlsicherung MCGard f\u00fcr Mercruiser und Volvo Penta &#8211; Extrem widerstandsf\u00e4higes, einfach zu bedienendes und sicheres Diebstahlschutzsystem f\u00fcr Au\u00dfenbordmotoren, Innenbordmotoren oder<\/p>\n","protected":false},"featured_media":5941881,"comment_status":"closed","ping_status":"closed","template":"","meta":[],"product_brand":[3150],"product_cat":[1543,1542],"product_tag":[],"class_list":{"0":"post-3415703","1":"product","2":"type-product","3":"status-publish","4":"has-post-thumbnail","6":"product_brand-mcgard-marine-de","7":"product_cat-marine-ersatzteile-fuer-mercruiser","8":"product_cat-marine-ersatzteile-fuer-volvo-penta","10":"first","11":"instock","12":"shipping-taxable","13":"purchasable","14":"product-type-simple"},"_links":{"self":[{"href":"https:\/\/stoic-curie.212-227-153-4.plesk.page\/de\/wp-json\/wp\/v2\/product\/3415703","targetHints":{"allow":["GET"]}}],"collection":[{"href":"https:\/\/stoic-curie.212-227-153-4.plesk.page\/de\/wp-json\/wp\/v2\/product"}],"about":[{"href":"https:\/\/stoic-curie.212-227-153-4.plesk.page\/de\/wp-json\/wp\/v2\/types\/product"}],"replies":[{"embeddable":true,"href":"https:\/\/stoic-curie.212-227-153-4.plesk.page\/de\/wp-json\/wp\/v2\/comments?post=3415703"}],"version-history":[{"count":0,"href":"https:\/\/stoic-curie.212-227-153-4.plesk.page\/de\/wp-json\/wp\/v2\/product\/3415703\/revisions"}],"wp:featuredmedia":[{"embeddable":true,"href":"https:\/\/stoic-curie.212-227-153-4.plesk.page\/de\/wp-json\/wp\/v2\/media\/5941881"}],"wp:attachment":[{"href":"https:\/\/stoic-curie.212-227-153-4.plesk.page\/de\/wp-json\/wp\/v2\/media?parent=3415703"}],"wp:term":[{"taxonomy":"product_brand","embeddable":true,"href":"https:\/\/stoic-curie.212-227-153-4.plesk.page\/de\/wp-json\/wp\/v2\/product_brand?post=3415703"},{"taxonomy":"product_cat","embeddable":true,"href":"https:\/\/stoic-curie.212-227-153-4.plesk.page\/de\/wp-json\/wp\/v2\/product_cat?post=3415703"},{"taxonomy":"product_tag","embeddable":true,"href":"https:\/\/stoic-curie.212-227-153-4.plesk.page\/de\/wp-json\/wp\/v2\/product_tag?post=3415703"}],"curies":[{"name":"wp","href":"https:\/\/api.w.org\/{rel}","templated":true}]}}