{"id":3415735,"date":"2025-10-09T22:47:05","date_gmt":"2025-10-10T02:47:05","guid":{"rendered":"https:\/\/stoic-curie.212-227-153-4.plesk.page\/product\/spruehreiniger-star-brite-fuer-aufblasbare-boote\/"},"modified":"2026-02-24T23:34:56","modified_gmt":"2026-02-24T23:34:56","slug":"spruehreiniger-star-brite-fuer-aufblasbare-boote","status":"publish","type":"product","link":"https:\/\/stoic-curie.212-227-153-4.plesk.page\/de\/product\/spruehreiniger-star-brite-fuer-aufblasbare-boote\/","title":{"rendered":"Spr\u00fchreiniger Star Brite f\u00fcr aufblasbare Boote"},"content":{"rendered":"<p>Spr\u00fchreiniger Star Brite f\u00fcr aufblasbare Boote &#8211; <\/p>\n<p>\u2022 Dringt in den Fleck ein, um ihn aufzul\u00f6sen und entfernt Salzablagerungen. \u2022 PTEF-Polymere verbinden sich mit der behandelten Oberfl\u00e4che, um Schmutz und UV-Sch\u00e4den abzuweisen. \u2022 Speziell formuliert f\u00fcr die Anwendung auf Hypalon, PVC, Fiberglas, Gummi und Kunststoff.<\/p>\n","protected":false},"excerpt":{"rendered":"<p>Spr\u00fchreiniger Star Brite f\u00fcr aufblasbare Boote &#8211; \u2022 Dringt in den Fleck ein, um ihn aufzul\u00f6sen und entfernt Salzablagerungen. \u2022<\/p>\n","protected":false},"featured_media":5941893,"comment_status":"closed","ping_status":"closed","template":"","meta":[],"product_brand":[3435],"product_cat":[1341,1552],"product_tag":[],"class_list":{"0":"post-3415735","1":"product","2":"type-product","3":"status-publish","4":"has-post-thumbnail","6":"product_brand-starbrite-de","7":"product_cat-produkte-zur-reinigung","8":"product_cat-zubehoer-fuer-schlauchboote","10":"first","11":"instock","12":"shipping-taxable","13":"purchasable","14":"product-type-simple"},"_links":{"self":[{"href":"https:\/\/stoic-curie.212-227-153-4.plesk.page\/de\/wp-json\/wp\/v2\/product\/3415735","targetHints":{"allow":["GET"]}}],"collection":[{"href":"https:\/\/stoic-curie.212-227-153-4.plesk.page\/de\/wp-json\/wp\/v2\/product"}],"about":[{"href":"https:\/\/stoic-curie.212-227-153-4.plesk.page\/de\/wp-json\/wp\/v2\/types\/product"}],"replies":[{"embeddable":true,"href":"https:\/\/stoic-curie.212-227-153-4.plesk.page\/de\/wp-json\/wp\/v2\/comments?post=3415735"}],"version-history":[{"count":0,"href":"https:\/\/stoic-curie.212-227-153-4.plesk.page\/de\/wp-json\/wp\/v2\/product\/3415735\/revisions"}],"wp:featuredmedia":[{"embeddable":true,"href":"https:\/\/stoic-curie.212-227-153-4.plesk.page\/de\/wp-json\/wp\/v2\/media\/5941893"}],"wp:attachment":[{"href":"https:\/\/stoic-curie.212-227-153-4.plesk.page\/de\/wp-json\/wp\/v2\/media?parent=3415735"}],"wp:term":[{"taxonomy":"product_brand","embeddable":true,"href":"https:\/\/stoic-curie.212-227-153-4.plesk.page\/de\/wp-json\/wp\/v2\/product_brand?post=3415735"},{"taxonomy":"product_cat","embeddable":true,"href":"https:\/\/stoic-curie.212-227-153-4.plesk.page\/de\/wp-json\/wp\/v2\/product_cat?post=3415735"},{"taxonomy":"product_tag","embeddable":true,"href":"https:\/\/stoic-curie.212-227-153-4.plesk.page\/de\/wp-json\/wp\/v2\/product_tag?post=3415735"}],"curies":[{"name":"wp","href":"https:\/\/api.w.org\/{rel}","templated":true}]}}