{"id":3415742,"date":"2025-10-09T22:47:05","date_gmt":"2025-10-10T02:47:05","guid":{"rendered":"https:\/\/stoic-curie.212-227-153-4.plesk.page\/product\/star-brite-stoffreiniger-1-liter\/"},"modified":"2026-02-24T23:34:56","modified_gmt":"2026-02-24T23:34:56","slug":"star-brite-stoffreiniger-1-liter","status":"publish","type":"product","link":"https:\/\/stoic-curie.212-227-153-4.plesk.page\/de\/product\/star-brite-stoffreiniger-1-liter\/","title":{"rendered":"Star Brite Stoffreiniger 1 Liter"},"content":{"rendered":"<p>Star Brite Stoffreiniger 1 Liter &#8211; <\/p>\n<p>\u2022 Entfernt Schmutz und Flecken von Stoffen, Bootsh\u00fcllen, Segel\u00fcberz\u00fcgen, Bimini-\u00dcberz\u00fcgen, Planen und T-Topps \u2022 PTEF-Polymere verbinden sich mit dem behandelten Stoff und helfen, Schmutz und UV-Sch\u00e4den abzuwehren \u2022 H\u00e4lt Abdeckungen das ganze Jahr \u00fcber sch\u00f6n<\/p>\n","protected":false},"excerpt":{"rendered":"<p>Star Brite Stoffreiniger 1 Liter &#8211; \u2022 Entfernt Schmutz und Flecken von Stoffen, Bootsh\u00fcllen, Segel\u00fcberz\u00fcgen, Bimini-\u00dcberz\u00fcgen, Planen und T-Topps \u2022<\/p>\n","protected":false},"featured_media":5941894,"comment_status":"closed","ping_status":"closed","template":"","meta":[],"product_brand":[3435],"product_cat":[1396,1341],"product_tag":[],"class_list":{"0":"post-3415742","1":"product","2":"type-product","3":"status-publish","4":"has-post-thumbnail","6":"product_brand-starbrite-de","7":"product_cat-bootabdeckungen","8":"product_cat-produkte-zur-reinigung","10":"first","11":"instock","12":"shipping-taxable","13":"purchasable","14":"product-type-simple"},"_links":{"self":[{"href":"https:\/\/stoic-curie.212-227-153-4.plesk.page\/de\/wp-json\/wp\/v2\/product\/3415742","targetHints":{"allow":["GET"]}}],"collection":[{"href":"https:\/\/stoic-curie.212-227-153-4.plesk.page\/de\/wp-json\/wp\/v2\/product"}],"about":[{"href":"https:\/\/stoic-curie.212-227-153-4.plesk.page\/de\/wp-json\/wp\/v2\/types\/product"}],"replies":[{"embeddable":true,"href":"https:\/\/stoic-curie.212-227-153-4.plesk.page\/de\/wp-json\/wp\/v2\/comments?post=3415742"}],"version-history":[{"count":0,"href":"https:\/\/stoic-curie.212-227-153-4.plesk.page\/de\/wp-json\/wp\/v2\/product\/3415742\/revisions"}],"wp:featuredmedia":[{"embeddable":true,"href":"https:\/\/stoic-curie.212-227-153-4.plesk.page\/de\/wp-json\/wp\/v2\/media\/5941894"}],"wp:attachment":[{"href":"https:\/\/stoic-curie.212-227-153-4.plesk.page\/de\/wp-json\/wp\/v2\/media?parent=3415742"}],"wp:term":[{"taxonomy":"product_brand","embeddable":true,"href":"https:\/\/stoic-curie.212-227-153-4.plesk.page\/de\/wp-json\/wp\/v2\/product_brand?post=3415742"},{"taxonomy":"product_cat","embeddable":true,"href":"https:\/\/stoic-curie.212-227-153-4.plesk.page\/de\/wp-json\/wp\/v2\/product_cat?post=3415742"},{"taxonomy":"product_tag","embeddable":true,"href":"https:\/\/stoic-curie.212-227-153-4.plesk.page\/de\/wp-json\/wp\/v2\/product_tag?post=3415742"}],"curies":[{"name":"wp","href":"https:\/\/api.w.org\/{rel}","templated":true}]}}