{"id":3415840,"date":"2025-10-09T22:47:08","date_gmt":"2025-10-10T02:47:08","guid":{"rendered":"https:\/\/stoic-curie.212-227-153-4.plesk.page\/product\/kit-aluminium-anoden-fuer-yamaha-60-90-ps\/"},"modified":"2026-02-24T23:34:57","modified_gmt":"2026-02-24T23:34:57","slug":"kit-aluminium-anoden-fuer-yamaha-60-90-ps","status":"publish","type":"product","link":"https:\/\/stoic-curie.212-227-153-4.plesk.page\/de\/product\/kit-aluminium-anoden-fuer-yamaha-60-90-ps\/","title":{"rendered":"Kit Aluminium-Anoden f\u00fcr Yamaha 60\/90 PS"},"content":{"rendered":"<p>Kit Aluminium-Anoden f\u00fcr Yamaha 60\/90 PS &#8211; <\/p>\n<p>Martyr &#8220;Echter Typ&#8221; Aluminium M2 Legierungsanodensatz f\u00fcr Yamaha 60\/90. <br \/>\u2022 Sch\u00fctzt 50% l\u00e4nger als herk\u00f6mmliche Zinkanoden <br \/>\u2022 Wiegt 50% weniger als herk\u00f6mmliche Zinkanoden <br \/>Das Set enth\u00e4lt: <br \/>1 x 6884537102 <br \/>1 x 6H14525102<\/p>\n","protected":false},"excerpt":{"rendered":"<p>Kit Aluminium-Anoden f\u00fcr Yamaha 60\/90 PS &#8211; Martyr &#8220;Echter Typ&#8221; Aluminium M2 Legierungsanodensatz f\u00fcr Yamaha 60\/90. \u2022 Sch\u00fctzt 50% l\u00e4nger<\/p>\n","protected":false},"featured_media":5941936,"comment_status":"closed","ping_status":"closed","template":"","meta":[],"product_brand":[3125],"product_cat":[1544],"product_tag":[],"class_list":{"0":"post-3415840","1":"product","2":"type-product","3":"status-publish","4":"has-post-thumbnail","6":"product_brand-martyr-de","7":"product_cat-marine-ersatzteile-fuer-yamaha","9":"first","10":"instock","11":"shipping-taxable","12":"purchasable","13":"product-type-simple"},"_links":{"self":[{"href":"https:\/\/stoic-curie.212-227-153-4.plesk.page\/de\/wp-json\/wp\/v2\/product\/3415840","targetHints":{"allow":["GET"]}}],"collection":[{"href":"https:\/\/stoic-curie.212-227-153-4.plesk.page\/de\/wp-json\/wp\/v2\/product"}],"about":[{"href":"https:\/\/stoic-curie.212-227-153-4.plesk.page\/de\/wp-json\/wp\/v2\/types\/product"}],"replies":[{"embeddable":true,"href":"https:\/\/stoic-curie.212-227-153-4.plesk.page\/de\/wp-json\/wp\/v2\/comments?post=3415840"}],"version-history":[{"count":0,"href":"https:\/\/stoic-curie.212-227-153-4.plesk.page\/de\/wp-json\/wp\/v2\/product\/3415840\/revisions"}],"wp:featuredmedia":[{"embeddable":true,"href":"https:\/\/stoic-curie.212-227-153-4.plesk.page\/de\/wp-json\/wp\/v2\/media\/5941936"}],"wp:attachment":[{"href":"https:\/\/stoic-curie.212-227-153-4.plesk.page\/de\/wp-json\/wp\/v2\/media?parent=3415840"}],"wp:term":[{"taxonomy":"product_brand","embeddable":true,"href":"https:\/\/stoic-curie.212-227-153-4.plesk.page\/de\/wp-json\/wp\/v2\/product_brand?post=3415840"},{"taxonomy":"product_cat","embeddable":true,"href":"https:\/\/stoic-curie.212-227-153-4.plesk.page\/de\/wp-json\/wp\/v2\/product_cat?post=3415840"},{"taxonomy":"product_tag","embeddable":true,"href":"https:\/\/stoic-curie.212-227-153-4.plesk.page\/de\/wp-json\/wp\/v2\/product_tag?post=3415840"}],"curies":[{"name":"wp","href":"https:\/\/api.w.org\/{rel}","templated":true}]}}