{"id":3415980,"date":"2025-10-09T22:47:12","date_gmt":"2025-10-10T02:47:12","guid":{"rendered":"https:\/\/stoic-curie.212-227-153-4.plesk.page\/product\/wasserdichte-tasche-aquapac-fuer-kameras-185-x-115mm\/"},"modified":"2026-02-24T23:34:57","modified_gmt":"2026-02-24T23:34:57","slug":"wasserdichte-tasche-aquapac-fuer-kameras-185-x-115mm","status":"publish","type":"product","link":"https:\/\/stoic-curie.212-227-153-4.plesk.page\/de\/product\/wasserdichte-tasche-aquapac-fuer-kameras-185-x-115mm\/","title":{"rendered":"Wasserdichte Tasche Aquapac f\u00fcr Kameras 185 x 115mm"},"content":{"rendered":"<p>Wasserdichte Tasche Aquapac f\u00fcr Kameras 185 x 115mm &#8211; <\/p>\n<p>Bis zu 10 m tiefe wasserdichte Unterwasserh\u00fclle f\u00fcr kleine Kameras. Das doppelte Lenzlex-Linsenfenster erm\u00f6glicht hervorragende Aufnahmen sowohl unter Wasser als auch an Land, w\u00e4hrend die Kamera vollkommen sicher bleibt. Alle Tasten und Funktionen sind durch die H\u00fclle normal bedienbar. Inklusive Umh\u00e4ngeband und Trockenmittelbeutel. C = Innendurchmesser.<\/p>\n","protected":false},"excerpt":{"rendered":"<p>Wasserdichte Tasche Aquapac f\u00fcr Kameras 185 x 115mm &#8211; Bis zu 10 m tiefe wasserdichte Unterwasserh\u00fclle f\u00fcr kleine Kameras. Das<\/p>\n","protected":false},"featured_media":5941958,"comment_status":"closed","ping_status":"closed","template":"","meta":[],"product_brand":[2795],"product_cat":[1568],"product_tag":[],"class_list":{"0":"post-3415980","1":"product","2":"type-product","3":"status-publish","4":"has-post-thumbnail","6":"product_brand-aquapac-de","7":"product_cat-trockensaecke","9":"first","10":"instock","11":"shipping-taxable","12":"purchasable","13":"product-type-simple"},"_links":{"self":[{"href":"https:\/\/stoic-curie.212-227-153-4.plesk.page\/de\/wp-json\/wp\/v2\/product\/3415980","targetHints":{"allow":["GET"]}}],"collection":[{"href":"https:\/\/stoic-curie.212-227-153-4.plesk.page\/de\/wp-json\/wp\/v2\/product"}],"about":[{"href":"https:\/\/stoic-curie.212-227-153-4.plesk.page\/de\/wp-json\/wp\/v2\/types\/product"}],"replies":[{"embeddable":true,"href":"https:\/\/stoic-curie.212-227-153-4.plesk.page\/de\/wp-json\/wp\/v2\/comments?post=3415980"}],"version-history":[{"count":0,"href":"https:\/\/stoic-curie.212-227-153-4.plesk.page\/de\/wp-json\/wp\/v2\/product\/3415980\/revisions"}],"wp:featuredmedia":[{"embeddable":true,"href":"https:\/\/stoic-curie.212-227-153-4.plesk.page\/de\/wp-json\/wp\/v2\/media\/5941958"}],"wp:attachment":[{"href":"https:\/\/stoic-curie.212-227-153-4.plesk.page\/de\/wp-json\/wp\/v2\/media?parent=3415980"}],"wp:term":[{"taxonomy":"product_brand","embeddable":true,"href":"https:\/\/stoic-curie.212-227-153-4.plesk.page\/de\/wp-json\/wp\/v2\/product_brand?post=3415980"},{"taxonomy":"product_cat","embeddable":true,"href":"https:\/\/stoic-curie.212-227-153-4.plesk.page\/de\/wp-json\/wp\/v2\/product_cat?post=3415980"},{"taxonomy":"product_tag","embeddable":true,"href":"https:\/\/stoic-curie.212-227-153-4.plesk.page\/de\/wp-json\/wp\/v2\/product_tag?post=3415980"}],"curies":[{"name":"wp","href":"https:\/\/api.w.org\/{rel}","templated":true}]}}