{"id":3416277,"date":"2025-10-09T22:47:21","date_gmt":"2025-10-10T02:47:21","guid":{"rendered":"https:\/\/stoic-curie.212-227-153-4.plesk.page\/product\/wasserdichtes-kissen-beige-40-x-40cm\/"},"modified":"2026-02-24T23:34:57","modified_gmt":"2026-02-24T23:34:57","slug":"wasserdichtes-kissen-beige-40-x-40cm","status":"publish","type":"product","link":"https:\/\/stoic-curie.212-227-153-4.plesk.page\/de\/product\/wasserdichtes-kissen-beige-40-x-40cm\/","title":{"rendered":"Wasserdichtes Kissen Beige 40 x 40cm"},"content":{"rendered":"<p>Wasserdichtes Kissen Beige 40 x 40cm &#8211; <\/p>\n<p>Wasserdichte Polypropylenkissen mit Befestigung f\u00fcr St\u00fchle und B\u00e4nke.<\/p>\n","protected":false},"excerpt":{"rendered":"<p>Wasserdichtes Kissen Beige 40 x 40cm &#8211; Wasserdichte Polypropylenkissen mit Befestigung f\u00fcr St\u00fchle und B\u00e4nke.<\/p>\n","protected":false},"featured_media":5942051,"comment_status":"closed","ping_status":"closed","template":"","meta":[],"product_brand":[3110],"product_cat":[1355,1356],"product_tag":[],"class_list":{"0":"post-3416277","1":"product","2":"type-product","3":"status-publish","4":"has-post-thumbnail","6":"product_brand-marine-business-mb-de","7":"product_cat-stuehle-und-tische","8":"product_cat-teppiche-und-polster","10":"first","11":"instock","12":"shipping-taxable","13":"purchasable","14":"product-type-simple"},"_links":{"self":[{"href":"https:\/\/stoic-curie.212-227-153-4.plesk.page\/de\/wp-json\/wp\/v2\/product\/3416277","targetHints":{"allow":["GET"]}}],"collection":[{"href":"https:\/\/stoic-curie.212-227-153-4.plesk.page\/de\/wp-json\/wp\/v2\/product"}],"about":[{"href":"https:\/\/stoic-curie.212-227-153-4.plesk.page\/de\/wp-json\/wp\/v2\/types\/product"}],"replies":[{"embeddable":true,"href":"https:\/\/stoic-curie.212-227-153-4.plesk.page\/de\/wp-json\/wp\/v2\/comments?post=3416277"}],"version-history":[{"count":0,"href":"https:\/\/stoic-curie.212-227-153-4.plesk.page\/de\/wp-json\/wp\/v2\/product\/3416277\/revisions"}],"wp:featuredmedia":[{"embeddable":true,"href":"https:\/\/stoic-curie.212-227-153-4.plesk.page\/de\/wp-json\/wp\/v2\/media\/5942051"}],"wp:attachment":[{"href":"https:\/\/stoic-curie.212-227-153-4.plesk.page\/de\/wp-json\/wp\/v2\/media?parent=3416277"}],"wp:term":[{"taxonomy":"product_brand","embeddable":true,"href":"https:\/\/stoic-curie.212-227-153-4.plesk.page\/de\/wp-json\/wp\/v2\/product_brand?post=3416277"},{"taxonomy":"product_cat","embeddable":true,"href":"https:\/\/stoic-curie.212-227-153-4.plesk.page\/de\/wp-json\/wp\/v2\/product_cat?post=3416277"},{"taxonomy":"product_tag","embeddable":true,"href":"https:\/\/stoic-curie.212-227-153-4.plesk.page\/de\/wp-json\/wp\/v2\/product_tag?post=3416277"}],"curies":[{"name":"wp","href":"https:\/\/api.w.org\/{rel}","templated":true}]}}