{"id":3416345,"date":"2025-10-09T22:47:23","date_gmt":"2025-10-10T02:47:23","guid":{"rendered":"https:\/\/stoic-curie.212-227-153-4.plesk.page\/product\/getriebewasserschlaeuche-fuer-volvo-penta-875822\/"},"modified":"2026-02-24T23:34:57","modified_gmt":"2026-02-24T23:34:57","slug":"getriebewasserschlaeuche-fuer-volvo-penta-875822","status":"publish","type":"product","link":"https:\/\/stoic-curie.212-227-153-4.plesk.page\/de\/product\/getriebewasserschlaeuche-fuer-volvo-penta-875822\/","title":{"rendered":"Getriebewasserschl\u00e4uche f\u00fcr Volvo Penta 875822"},"content":{"rendered":"<p>Getriebewasserschl\u00e4uche f\u00fcr Volvo Penta 875822 &#8211; <\/p>\n<p>Formschlauch f\u00fcr den Wasseranschluss f\u00fcr Volvo Penta 200285 &#8211; DP-Getriebe. Komplett mit Edelstahlschl\u00e4uchen. Kann das originale Ersatzteil ersetzen.<\/p>\n","protected":false},"excerpt":{"rendered":"<p>Getriebewasserschl\u00e4uche f\u00fcr Volvo Penta 875822 &#8211; Formschlauch f\u00fcr den Wasseranschluss f\u00fcr Volvo Penta 200285 &#8211; DP-Getriebe. Komplett mit Edelstahlschl\u00e4uchen. Kann<\/p>\n","protected":false},"featured_media":5942061,"comment_status":"closed","ping_status":"closed","template":"","meta":[],"product_brand":[3390],"product_cat":[1542],"product_tag":[],"class_list":{"0":"post-3416345","1":"product","2":"type-product","3":"status-publish","4":"has-post-thumbnail","6":"product_brand-sierra-marine-de","7":"product_cat-marine-ersatzteile-fuer-volvo-penta","9":"first","10":"instock","11":"shipping-taxable","12":"purchasable","13":"product-type-simple"},"_links":{"self":[{"href":"https:\/\/stoic-curie.212-227-153-4.plesk.page\/de\/wp-json\/wp\/v2\/product\/3416345","targetHints":{"allow":["GET"]}}],"collection":[{"href":"https:\/\/stoic-curie.212-227-153-4.plesk.page\/de\/wp-json\/wp\/v2\/product"}],"about":[{"href":"https:\/\/stoic-curie.212-227-153-4.plesk.page\/de\/wp-json\/wp\/v2\/types\/product"}],"replies":[{"embeddable":true,"href":"https:\/\/stoic-curie.212-227-153-4.plesk.page\/de\/wp-json\/wp\/v2\/comments?post=3416345"}],"version-history":[{"count":0,"href":"https:\/\/stoic-curie.212-227-153-4.plesk.page\/de\/wp-json\/wp\/v2\/product\/3416345\/revisions"}],"wp:featuredmedia":[{"embeddable":true,"href":"https:\/\/stoic-curie.212-227-153-4.plesk.page\/de\/wp-json\/wp\/v2\/media\/5942061"}],"wp:attachment":[{"href":"https:\/\/stoic-curie.212-227-153-4.plesk.page\/de\/wp-json\/wp\/v2\/media?parent=3416345"}],"wp:term":[{"taxonomy":"product_brand","embeddable":true,"href":"https:\/\/stoic-curie.212-227-153-4.plesk.page\/de\/wp-json\/wp\/v2\/product_brand?post=3416345"},{"taxonomy":"product_cat","embeddable":true,"href":"https:\/\/stoic-curie.212-227-153-4.plesk.page\/de\/wp-json\/wp\/v2\/product_cat?post=3416345"},{"taxonomy":"product_tag","embeddable":true,"href":"https:\/\/stoic-curie.212-227-153-4.plesk.page\/de\/wp-json\/wp\/v2\/product_tag?post=3416345"}],"curies":[{"name":"wp","href":"https:\/\/api.w.org\/{rel}","templated":true}]}}