{"id":3416362,"date":"2025-10-09T22:47:24","date_gmt":"2025-10-10T02:47:24","guid":{"rendered":"https:\/\/stoic-curie.212-227-153-4.plesk.page\/product\/verstellbarer-filter-schluessel-7-bis-12-cm\/"},"modified":"2026-02-24T23:34:57","modified_gmt":"2026-02-24T23:34:57","slug":"verstellbarer-filter-schluessel-7-bis-12-cm","status":"publish","type":"product","link":"https:\/\/stoic-curie.212-227-153-4.plesk.page\/de\/product\/verstellbarer-filter-schluessel-7-bis-12-cm\/","title":{"rendered":"Verstellbarer Filter-Schl\u00fcssel 7 bis 12 cm"},"content":{"rendered":"<p>Verstellbarer Filter-Schl\u00fcssel 7 bis 12 cm &#8211; <\/p>\n<p>\u00d6lfilter-Schl\u00fcssel mit verst\u00e4rktem Griff f\u00fcr maximales Drehmoment. Einstellbar f\u00fcr einen Filterdurchmesser von 7,0-10,2 cm.<\/p>\n","protected":false},"excerpt":{"rendered":"<p>Verstellbarer Filter-Schl\u00fcssel 7 bis 12 cm &#8211; \u00d6lfilter-Schl\u00fcssel mit verst\u00e4rktem Griff f\u00fcr maximales Drehmoment. Einstellbar f\u00fcr einen Filterdurchmesser von 7,0-10,2<\/p>\n","protected":false},"featured_media":5942064,"comment_status":"closed","ping_status":"closed","template":"","meta":[],"product_brand":[3235],"product_cat":[1510],"product_tag":[],"class_list":{"0":"post-3416362","1":"product","2":"type-product","3":"status-publish","4":"has-post-thumbnail","6":"product_brand-osculati-de","7":"product_cat-kraftstoff-wasser-trennfilter","9":"first","10":"instock","11":"shipping-taxable","12":"purchasable","13":"product-type-simple"},"_links":{"self":[{"href":"https:\/\/stoic-curie.212-227-153-4.plesk.page\/de\/wp-json\/wp\/v2\/product\/3416362","targetHints":{"allow":["GET"]}}],"collection":[{"href":"https:\/\/stoic-curie.212-227-153-4.plesk.page\/de\/wp-json\/wp\/v2\/product"}],"about":[{"href":"https:\/\/stoic-curie.212-227-153-4.plesk.page\/de\/wp-json\/wp\/v2\/types\/product"}],"replies":[{"embeddable":true,"href":"https:\/\/stoic-curie.212-227-153-4.plesk.page\/de\/wp-json\/wp\/v2\/comments?post=3416362"}],"version-history":[{"count":0,"href":"https:\/\/stoic-curie.212-227-153-4.plesk.page\/de\/wp-json\/wp\/v2\/product\/3416362\/revisions"}],"wp:featuredmedia":[{"embeddable":true,"href":"https:\/\/stoic-curie.212-227-153-4.plesk.page\/de\/wp-json\/wp\/v2\/media\/5942064"}],"wp:attachment":[{"href":"https:\/\/stoic-curie.212-227-153-4.plesk.page\/de\/wp-json\/wp\/v2\/media?parent=3416362"}],"wp:term":[{"taxonomy":"product_brand","embeddable":true,"href":"https:\/\/stoic-curie.212-227-153-4.plesk.page\/de\/wp-json\/wp\/v2\/product_brand?post=3416362"},{"taxonomy":"product_cat","embeddable":true,"href":"https:\/\/stoic-curie.212-227-153-4.plesk.page\/de\/wp-json\/wp\/v2\/product_cat?post=3416362"},{"taxonomy":"product_tag","embeddable":true,"href":"https:\/\/stoic-curie.212-227-153-4.plesk.page\/de\/wp-json\/wp\/v2\/product_tag?post=3416362"}],"curies":[{"name":"wp","href":"https:\/\/api.w.org\/{rel}","templated":true}]}}