{"id":3416422,"date":"2025-10-09T22:47:26","date_gmt":"2025-10-10T02:47:26","guid":{"rendered":"https:\/\/stoic-curie.212-227-153-4.plesk.page\/product\/liros-dyneema-schaekel-weiss-6mm-x-1000kg\/"},"modified":"2026-02-24T23:34:57","modified_gmt":"2026-02-24T23:34:57","slug":"liros-dyneema-schaekel-weiss-6mm-x-1000kg","status":"publish","type":"product","link":"https:\/\/stoic-curie.212-227-153-4.plesk.page\/de\/product\/liros-dyneema-schaekel-weiss-6mm-x-1000kg\/","title":{"rendered":"Liros Dyneema Sch\u00e4kel Wei\u00df 6mm x 1000kg"},"content":{"rendered":"<p>Liros Dyneema Sch\u00e4kel Wei\u00df 6mm x 1000kg &#8211; <\/p>\n<p>Weiche Sch\u00e4kel, die Metall-Sch\u00e4kel und Karabiner zur Verbindung von Latten, Fallen und Bl\u00f6cken ersetzen. Sie werden auch in industriellen Anwendungen eingesetzt. Einfach, schnell und sicher mit einem Liros-Leine zu \u00f6ffnen, um Verletzungen und Decksch\u00e4den zu vermeiden. Sie bestehen aus hochfestem Dyneema SK78 und sind farblich entsprechend der Bruchlast gekennzeichnet, um die Identifizierung zu erleichtern.<\/p>\n","protected":false},"excerpt":{"rendered":"<p>Liros Dyneema Sch\u00e4kel Wei\u00df 6mm x 1000kg &#8211; Weiche Sch\u00e4kel, die Metall-Sch\u00e4kel und Karabiner zur Verbindung von Latten, Fallen und<\/p>\n","protected":false},"featured_media":5942076,"comment_status":"closed","ping_status":"closed","template":"","meta":[],"product_brand":[3065],"product_cat":[1480],"product_tag":[],"class_list":{"0":"post-3416422","1":"product","2":"type-product","3":"status-publish","4":"has-post-thumbnail","6":"product_brand-liros-de","7":"product_cat-dyneema-seil","9":"first","10":"instock","11":"shipping-taxable","12":"purchasable","13":"product-type-simple"},"_links":{"self":[{"href":"https:\/\/stoic-curie.212-227-153-4.plesk.page\/de\/wp-json\/wp\/v2\/product\/3416422","targetHints":{"allow":["GET"]}}],"collection":[{"href":"https:\/\/stoic-curie.212-227-153-4.plesk.page\/de\/wp-json\/wp\/v2\/product"}],"about":[{"href":"https:\/\/stoic-curie.212-227-153-4.plesk.page\/de\/wp-json\/wp\/v2\/types\/product"}],"replies":[{"embeddable":true,"href":"https:\/\/stoic-curie.212-227-153-4.plesk.page\/de\/wp-json\/wp\/v2\/comments?post=3416422"}],"version-history":[{"count":0,"href":"https:\/\/stoic-curie.212-227-153-4.plesk.page\/de\/wp-json\/wp\/v2\/product\/3416422\/revisions"}],"wp:featuredmedia":[{"embeddable":true,"href":"https:\/\/stoic-curie.212-227-153-4.plesk.page\/de\/wp-json\/wp\/v2\/media\/5942076"}],"wp:attachment":[{"href":"https:\/\/stoic-curie.212-227-153-4.plesk.page\/de\/wp-json\/wp\/v2\/media?parent=3416422"}],"wp:term":[{"taxonomy":"product_brand","embeddable":true,"href":"https:\/\/stoic-curie.212-227-153-4.plesk.page\/de\/wp-json\/wp\/v2\/product_brand?post=3416422"},{"taxonomy":"product_cat","embeddable":true,"href":"https:\/\/stoic-curie.212-227-153-4.plesk.page\/de\/wp-json\/wp\/v2\/product_cat?post=3416422"},{"taxonomy":"product_tag","embeddable":true,"href":"https:\/\/stoic-curie.212-227-153-4.plesk.page\/de\/wp-json\/wp\/v2\/product_tag?post=3416422"}],"curies":[{"name":"wp","href":"https:\/\/api.w.org\/{rel}","templated":true}]}}