{"id":3416453,"date":"2025-10-09T22:47:27","date_gmt":"2025-10-10T02:47:27","guid":{"rendered":"https:\/\/stoic-curie.212-227-153-4.plesk.page\/product\/liros-dyneema-schaekel-blau-12mm-x-4000kg\/"},"modified":"2026-02-24T23:34:57","modified_gmt":"2026-02-24T23:34:57","slug":"liros-dyneema-schaekel-blau-12mm-x-4000kg","status":"publish","type":"product","link":"https:\/\/stoic-curie.212-227-153-4.plesk.page\/de\/product\/liros-dyneema-schaekel-blau-12mm-x-4000kg\/","title":{"rendered":"Liros Dyneema Sch\u00e4kel Blau 12mm x 4000kg"},"content":{"rendered":"<p>Liros Dyneema Sch\u00e4kel Blau 12mm x 4000kg &#8211; <\/p>\n<p>Weiche Sch\u00e4keln, die Metall-Sch\u00e4keln und Karabiner zur Verbindung von Segeln, Schoten und Bl\u00f6cken ersetzen. Auch in der Industrie verwendet. Einfach, schnell und sicher mit dem Liros-Leitungsseil zu \u00f6ffnen, um Verletzungen und Decksch\u00e4den zu vermeiden. Aus hochfestem Dyneema SK78 gefertigt, sind sie gem\u00e4\u00df der Bruchlast farbcodiert, um eine einfache Identifizierung zu erm\u00f6glichen.<\/p>\n","protected":false},"excerpt":{"rendered":"<p>Liros Dyneema Sch\u00e4kel Blau 12mm x 4000kg &#8211; Weiche Sch\u00e4keln, die Metall-Sch\u00e4keln und Karabiner zur Verbindung von Segeln, Schoten und<\/p>\n","protected":false},"featured_media":5942076,"comment_status":"closed","ping_status":"closed","template":"","meta":[],"product_brand":[3065],"product_cat":[1480],"product_tag":[],"class_list":{"0":"post-3416453","1":"product","2":"type-product","3":"status-publish","4":"has-post-thumbnail","6":"product_brand-liros-de","7":"product_cat-dyneema-seil","9":"first","10":"instock","11":"shipping-taxable","12":"purchasable","13":"product-type-simple"},"_links":{"self":[{"href":"https:\/\/stoic-curie.212-227-153-4.plesk.page\/de\/wp-json\/wp\/v2\/product\/3416453","targetHints":{"allow":["GET"]}}],"collection":[{"href":"https:\/\/stoic-curie.212-227-153-4.plesk.page\/de\/wp-json\/wp\/v2\/product"}],"about":[{"href":"https:\/\/stoic-curie.212-227-153-4.plesk.page\/de\/wp-json\/wp\/v2\/types\/product"}],"replies":[{"embeddable":true,"href":"https:\/\/stoic-curie.212-227-153-4.plesk.page\/de\/wp-json\/wp\/v2\/comments?post=3416453"}],"version-history":[{"count":0,"href":"https:\/\/stoic-curie.212-227-153-4.plesk.page\/de\/wp-json\/wp\/v2\/product\/3416453\/revisions"}],"wp:featuredmedia":[{"embeddable":true,"href":"https:\/\/stoic-curie.212-227-153-4.plesk.page\/de\/wp-json\/wp\/v2\/media\/5942076"}],"wp:attachment":[{"href":"https:\/\/stoic-curie.212-227-153-4.plesk.page\/de\/wp-json\/wp\/v2\/media?parent=3416453"}],"wp:term":[{"taxonomy":"product_brand","embeddable":true,"href":"https:\/\/stoic-curie.212-227-153-4.plesk.page\/de\/wp-json\/wp\/v2\/product_brand?post=3416453"},{"taxonomy":"product_cat","embeddable":true,"href":"https:\/\/stoic-curie.212-227-153-4.plesk.page\/de\/wp-json\/wp\/v2\/product_cat?post=3416453"},{"taxonomy":"product_tag","embeddable":true,"href":"https:\/\/stoic-curie.212-227-153-4.plesk.page\/de\/wp-json\/wp\/v2\/product_tag?post=3416453"}],"curies":[{"name":"wp","href":"https:\/\/api.w.org\/{rel}","templated":true}]}}