{"id":3416644,"date":"2025-10-09T22:47:32","date_gmt":"2025-10-10T02:47:32","guid":{"rendered":"https:\/\/stoic-curie.212-227-153-4.plesk.page\/product\/schwarze-durchfuehrung-mit-edelstahlkappe-fuer-50mm-schlauch\/"},"modified":"2026-02-24T23:34:57","modified_gmt":"2026-02-24T23:34:57","slug":"schwarze-durchfuehrung-mit-edelstahlkappe-fuer-50mm-schlauch","status":"publish","type":"product","link":"https:\/\/stoic-curie.212-227-153-4.plesk.page\/de\/product\/schwarze-durchfuehrung-mit-edelstahlkappe-fuer-50mm-schlauch\/","title":{"rendered":"Schwarze Durchf\u00fchrung mit Edelstahlkappe f\u00fcr 50mm Schlauch"},"content":{"rendered":"<p>Schwarze Durchf\u00fchrung mit Edelstahlkappe f\u00fcr 50mm Schlauch &#8211; <\/p>\n<p>Kunststoffschlauch-Anschluss mit Edelstahlkappe.<\/p>\n","protected":false},"excerpt":{"rendered":"<p>Schwarze Durchf\u00fchrung mit Edelstahlkappe f\u00fcr 50mm Schlauch &#8211; Kunststoffschlauch-Anschluss mit Edelstahlkappe.<\/p>\n","protected":false},"featured_media":5942096,"comment_status":"closed","ping_status":"closed","template":"","meta":[],"product_brand":[2860],"product_cat":[1379,1374],"product_tag":[],"class_list":{"0":"post-3416644","1":"product","2":"type-product","3":"status-publish","4":"has-post-thumbnail","6":"product_brand-ceredi-de","7":"product_cat-durch-rumpf-verschraubungen","8":"product_cat-kunststoff-wasserinstallationsarmaturen","10":"first","11":"instock","12":"shipping-taxable","13":"purchasable","14":"product-type-simple"},"_links":{"self":[{"href":"https:\/\/stoic-curie.212-227-153-4.plesk.page\/de\/wp-json\/wp\/v2\/product\/3416644","targetHints":{"allow":["GET"]}}],"collection":[{"href":"https:\/\/stoic-curie.212-227-153-4.plesk.page\/de\/wp-json\/wp\/v2\/product"}],"about":[{"href":"https:\/\/stoic-curie.212-227-153-4.plesk.page\/de\/wp-json\/wp\/v2\/types\/product"}],"replies":[{"embeddable":true,"href":"https:\/\/stoic-curie.212-227-153-4.plesk.page\/de\/wp-json\/wp\/v2\/comments?post=3416644"}],"version-history":[{"count":0,"href":"https:\/\/stoic-curie.212-227-153-4.plesk.page\/de\/wp-json\/wp\/v2\/product\/3416644\/revisions"}],"wp:featuredmedia":[{"embeddable":true,"href":"https:\/\/stoic-curie.212-227-153-4.plesk.page\/de\/wp-json\/wp\/v2\/media\/5942096"}],"wp:attachment":[{"href":"https:\/\/stoic-curie.212-227-153-4.plesk.page\/de\/wp-json\/wp\/v2\/media?parent=3416644"}],"wp:term":[{"taxonomy":"product_brand","embeddable":true,"href":"https:\/\/stoic-curie.212-227-153-4.plesk.page\/de\/wp-json\/wp\/v2\/product_brand?post=3416644"},{"taxonomy":"product_cat","embeddable":true,"href":"https:\/\/stoic-curie.212-227-153-4.plesk.page\/de\/wp-json\/wp\/v2\/product_cat?post=3416644"},{"taxonomy":"product_tag","embeddable":true,"href":"https:\/\/stoic-curie.212-227-153-4.plesk.page\/de\/wp-json\/wp\/v2\/product_tag?post=3416644"}],"curies":[{"name":"wp","href":"https:\/\/api.w.org\/{rel}","templated":true}]}}