{"id":3416657,"date":"2025-10-09T22:47:33","date_gmt":"2025-10-10T02:47:33","guid":{"rendered":"https:\/\/stoic-curie.212-227-153-4.plesk.page\/product\/marinco-elektrokabel-16-a\/"},"modified":"2026-02-24T23:34:57","modified_gmt":"2026-02-24T23:34:57","slug":"marinco-elektrokabel-16-a","status":"publish","type":"product","link":"https:\/\/stoic-curie.212-227-153-4.plesk.page\/de\/product\/marinco-elektrokabel-16-a\/","title":{"rendered":"Marinco Elektrokabel 16 A"},"content":{"rendered":"<p>Marinco Elektrokabel 16 A &#8211; <\/p>\n<p>CE-zertifiziertes maritimes Kraftstromkabel f\u00fcr Stecker und Steckdosen. Mit PVC ummantelter und isolierter Klasse 5 IEC60228 verzinntem roten Kupferdraht bietet maximalen Schutz gegen Korrosion und Elektrolyse. Die hochwertige Isolationsh\u00fclle aus speziellem Nitrilkautschuk-PVC ist salzwasserbest\u00e4ndig, IEC60332-1 zertifiziert, flammwidrig und \u00f6lbest\u00e4ndig.<\/p>\n","protected":false},"excerpt":{"rendered":"<p>Marinco Elektrokabel 16 A &#8211; CE-zertifiziertes maritimes Kraftstromkabel f\u00fcr Stecker und Steckdosen. Mit PVC ummantelter und isolierter Klasse 5 IEC60228<\/p>\n","protected":false},"featured_media":5942098,"comment_status":"closed","ping_status":"closed","template":"","meta":[],"product_brand":[3105],"product_cat":[1463],"product_tag":[],"class_list":{"0":"post-3416657","1":"product","2":"type-product","3":"status-publish","4":"has-post-thumbnail","6":"product_brand-marinco-de","7":"product_cat-landstrom","9":"first","10":"instock","11":"shipping-taxable","12":"purchasable","13":"product-type-simple"},"_links":{"self":[{"href":"https:\/\/stoic-curie.212-227-153-4.plesk.page\/de\/wp-json\/wp\/v2\/product\/3416657","targetHints":{"allow":["GET"]}}],"collection":[{"href":"https:\/\/stoic-curie.212-227-153-4.plesk.page\/de\/wp-json\/wp\/v2\/product"}],"about":[{"href":"https:\/\/stoic-curie.212-227-153-4.plesk.page\/de\/wp-json\/wp\/v2\/types\/product"}],"replies":[{"embeddable":true,"href":"https:\/\/stoic-curie.212-227-153-4.plesk.page\/de\/wp-json\/wp\/v2\/comments?post=3416657"}],"version-history":[{"count":0,"href":"https:\/\/stoic-curie.212-227-153-4.plesk.page\/de\/wp-json\/wp\/v2\/product\/3416657\/revisions"}],"wp:featuredmedia":[{"embeddable":true,"href":"https:\/\/stoic-curie.212-227-153-4.plesk.page\/de\/wp-json\/wp\/v2\/media\/5942098"}],"wp:attachment":[{"href":"https:\/\/stoic-curie.212-227-153-4.plesk.page\/de\/wp-json\/wp\/v2\/media?parent=3416657"}],"wp:term":[{"taxonomy":"product_brand","embeddable":true,"href":"https:\/\/stoic-curie.212-227-153-4.plesk.page\/de\/wp-json\/wp\/v2\/product_brand?post=3416657"},{"taxonomy":"product_cat","embeddable":true,"href":"https:\/\/stoic-curie.212-227-153-4.plesk.page\/de\/wp-json\/wp\/v2\/product_cat?post=3416657"},{"taxonomy":"product_tag","embeddable":true,"href":"https:\/\/stoic-curie.212-227-153-4.plesk.page\/de\/wp-json\/wp\/v2\/product_tag?post=3416657"}],"curies":[{"name":"wp","href":"https:\/\/api.w.org\/{rel}","templated":true}]}}