{"id":3416673,"date":"2025-10-09T22:47:33","date_gmt":"2025-10-10T02:47:33","guid":{"rendered":"https:\/\/stoic-curie.212-227-153-4.plesk.page\/product\/marinco-elektrokabel-32-a\/"},"modified":"2026-02-24T23:34:57","modified_gmt":"2026-02-24T23:34:57","slug":"marinco-elektrokabel-32-a","status":"publish","type":"product","link":"https:\/\/stoic-curie.212-227-153-4.plesk.page\/de\/product\/marinco-elektrokabel-32-a\/","title":{"rendered":"Marinco Elektrokabel 32 A"},"content":{"rendered":"<p>Marinco Elektrokabel 32 A &#8211; <\/p>\n<p>CE-zertifiziertes maritimes Netzstromversorgungskabel f\u00fcr Stecker und Buchsen. Mit PVC ummantelten und isolierten Klasse 5 IEC60228 verzinntem roten Kupferdraht f\u00fcr maximalen Schutz gegen Korrosion und Elektrolyse. \u00dcberlegene Flexibilit\u00e4t des Isoliermantels aus speziellem Nitrilkautschuk, PVC, salzwasserbest\u00e4ndig, IEC60332-1 zertifiziert, flammhemmend und \u00f6lbest\u00e4ndig.<\/p>\n","protected":false},"excerpt":{"rendered":"<p>Marinco Elektrokabel 32 A &#8211; CE-zertifiziertes maritimes Netzstromversorgungskabel f\u00fcr Stecker und Buchsen. Mit PVC ummantelten und isolierten Klasse 5 IEC60228<\/p>\n","protected":false},"featured_media":5942098,"comment_status":"closed","ping_status":"closed","template":"","meta":[],"product_brand":[3105],"product_cat":[1463],"product_tag":[],"class_list":{"0":"post-3416673","1":"product","2":"type-product","3":"status-publish","4":"has-post-thumbnail","6":"product_brand-marinco-de","7":"product_cat-landstrom","9":"first","10":"instock","11":"shipping-taxable","12":"purchasable","13":"product-type-simple"},"_links":{"self":[{"href":"https:\/\/stoic-curie.212-227-153-4.plesk.page\/de\/wp-json\/wp\/v2\/product\/3416673","targetHints":{"allow":["GET"]}}],"collection":[{"href":"https:\/\/stoic-curie.212-227-153-4.plesk.page\/de\/wp-json\/wp\/v2\/product"}],"about":[{"href":"https:\/\/stoic-curie.212-227-153-4.plesk.page\/de\/wp-json\/wp\/v2\/types\/product"}],"replies":[{"embeddable":true,"href":"https:\/\/stoic-curie.212-227-153-4.plesk.page\/de\/wp-json\/wp\/v2\/comments?post=3416673"}],"version-history":[{"count":0,"href":"https:\/\/stoic-curie.212-227-153-4.plesk.page\/de\/wp-json\/wp\/v2\/product\/3416673\/revisions"}],"wp:featuredmedia":[{"embeddable":true,"href":"https:\/\/stoic-curie.212-227-153-4.plesk.page\/de\/wp-json\/wp\/v2\/media\/5942098"}],"wp:attachment":[{"href":"https:\/\/stoic-curie.212-227-153-4.plesk.page\/de\/wp-json\/wp\/v2\/media?parent=3416673"}],"wp:term":[{"taxonomy":"product_brand","embeddable":true,"href":"https:\/\/stoic-curie.212-227-153-4.plesk.page\/de\/wp-json\/wp\/v2\/product_brand?post=3416673"},{"taxonomy":"product_cat","embeddable":true,"href":"https:\/\/stoic-curie.212-227-153-4.plesk.page\/de\/wp-json\/wp\/v2\/product_cat?post=3416673"},{"taxonomy":"product_tag","embeddable":true,"href":"https:\/\/stoic-curie.212-227-153-4.plesk.page\/de\/wp-json\/wp\/v2\/product_tag?post=3416673"}],"curies":[{"name":"wp","href":"https:\/\/api.w.org\/{rel}","templated":true}]}}