{"id":3416684,"date":"2025-10-09T22:47:34","date_gmt":"2025-10-10T02:47:34","guid":{"rendered":"https:\/\/stoic-curie.212-227-153-4.plesk.page\/product\/liros-slide-protect-xtr-3-6mm\/"},"modified":"2026-02-24T23:34:57","modified_gmt":"2026-02-24T23:34:57","slug":"liros-slide-protect-xtr-3-6mm","status":"publish","type":"product","link":"https:\/\/stoic-curie.212-227-153-4.plesk.page\/de\/product\/liros-slide-protect-xtr-3-6mm\/","title":{"rendered":"Liros Slide Protect-xtr 3-6mm"},"content":{"rendered":"<p>Liros Slide Protect-xtr 3-6mm &#8211; <\/p>\n<p>LIROS Slide Protect-XTR bietet einen zus\u00e4tzlichen Schutz und sch\u00fctzt vor Abrieb in Umlenkrollen und Klampen. Slide Protect-XTR ist nicht f\u00fcr Stopper oder Winden geeignet, da der niedrige Griff-Faktor den geringsten Reibungswiderstand liefert.<\/p>\n<ul>\n<li>Griff-Faktor 3<\/li>\n<li>Sehr einfach zu splei\u00dfen<\/li>\n<li>Beste Abrieb- und Schnittfestigkeit<\/li>\n<li>Geeignet f\u00fcr Seil \u00c3\u0098 3-22 mm<\/li>\n<\/ul>\n<p>Material: Dyneema\u00c2\u00ae SK78 mit XTR-Beschichtung<\/p>\n","protected":false},"excerpt":{"rendered":"<p>Liros Slide Protect-xtr 3-6mm &#8211; LIROS Slide Protect-XTR bietet einen zus\u00e4tzlichen Schutz und sch\u00fctzt vor Abrieb in Umlenkrollen und Klampen.<\/p>\n","protected":false},"featured_media":5942106,"comment_status":"closed","ping_status":"closed","template":"","meta":[],"product_brand":[3065],"product_cat":[1480,1326],"product_tag":[],"class_list":{"0":"post-3416684","1":"product","2":"type-product","3":"status-publish","4":"has-post-thumbnail","6":"product_brand-liros-de","7":"product_cat-dyneema-seil","8":"product_cat-splicing-werkzeuge","10":"first","11":"instock","12":"shipping-taxable","13":"purchasable","14":"product-type-simple"},"_links":{"self":[{"href":"https:\/\/stoic-curie.212-227-153-4.plesk.page\/de\/wp-json\/wp\/v2\/product\/3416684","targetHints":{"allow":["GET"]}}],"collection":[{"href":"https:\/\/stoic-curie.212-227-153-4.plesk.page\/de\/wp-json\/wp\/v2\/product"}],"about":[{"href":"https:\/\/stoic-curie.212-227-153-4.plesk.page\/de\/wp-json\/wp\/v2\/types\/product"}],"replies":[{"embeddable":true,"href":"https:\/\/stoic-curie.212-227-153-4.plesk.page\/de\/wp-json\/wp\/v2\/comments?post=3416684"}],"version-history":[{"count":0,"href":"https:\/\/stoic-curie.212-227-153-4.plesk.page\/de\/wp-json\/wp\/v2\/product\/3416684\/revisions"}],"wp:featuredmedia":[{"embeddable":true,"href":"https:\/\/stoic-curie.212-227-153-4.plesk.page\/de\/wp-json\/wp\/v2\/media\/5942106"}],"wp:attachment":[{"href":"https:\/\/stoic-curie.212-227-153-4.plesk.page\/de\/wp-json\/wp\/v2\/media?parent=3416684"}],"wp:term":[{"taxonomy":"product_brand","embeddable":true,"href":"https:\/\/stoic-curie.212-227-153-4.plesk.page\/de\/wp-json\/wp\/v2\/product_brand?post=3416684"},{"taxonomy":"product_cat","embeddable":true,"href":"https:\/\/stoic-curie.212-227-153-4.plesk.page\/de\/wp-json\/wp\/v2\/product_cat?post=3416684"},{"taxonomy":"product_tag","embeddable":true,"href":"https:\/\/stoic-curie.212-227-153-4.plesk.page\/de\/wp-json\/wp\/v2\/product_tag?post=3416684"}],"curies":[{"name":"wp","href":"https:\/\/api.w.org\/{rel}","templated":true}]}}