{"id":3416814,"date":"2025-10-09T22:47:37","date_gmt":"2025-10-10T02:47:37","guid":{"rendered":"https:\/\/stoic-curie.212-227-153-4.plesk.page\/product\/marines-kabel-marinequalitaet-1-x-25-36-mm-gelb-gruen\/"},"modified":"2026-02-24T23:34:57","modified_gmt":"2026-02-24T23:34:57","slug":"marines-kabel-marinequalitaet-1-x-25-36-mm-gelb-gruen","status":"publish","type":"product","link":"https:\/\/stoic-curie.212-227-153-4.plesk.page\/de\/product\/marines-kabel-marinequalitaet-1-x-25-36-mm-gelb-gruen\/","title":{"rendered":"Marines Kabel Marinequalit\u00e4t 1 x 2,5 &#8211; 3,6 mm Gelb\/Gr\u00fcn"},"content":{"rendered":"<p>Marines Kabel Marinequalit\u00e4t 1 x 2,5 &#8211; 3,6 mm Gelb\/Gr\u00fcn &#8211; <\/p>\n<p>RI.Na. zertifiziertes marinespezifisches Elektrokabel f\u00fcr Bootinstallationen. Klasse 5 IEC60228 verzinntes Kupferdraht f\u00fcr maximalen Schutz vor Korrosion und Elektrolyse. \u00dcberlegene Flexibilit\u00e4t durch Isoliermantel aus speziellem nitril, halogenfrei, flammwidrig und best\u00e4ndig gegen UV- und \u00d6leinwirkung.<\/p>\n","protected":false},"excerpt":{"rendered":"<p>Marines Kabel Marinequalit\u00e4t 1 x 2,5 &#8211; 3,6 mm Gelb\/Gr\u00fcn &#8211; RI.Na. zertifiziertes marinespezifisches Elektrokabel f\u00fcr Bootinstallationen. Klasse 5 IEC60228<\/p>\n","protected":false},"featured_media":5942107,"comment_status":"closed","ping_status":"closed","template":"","meta":[],"product_brand":[2830],"product_cat":[1468],"product_tag":[],"class_list":{"0":"post-3416814","1":"product","2":"type-product","3":"status-publish","4":"has-post-thumbnail","6":"product_brand-blue-sea-systems-de","7":"product_cat-elektrokabel","9":"first","10":"instock","11":"shipping-taxable","12":"purchasable","13":"product-type-simple"},"_links":{"self":[{"href":"https:\/\/stoic-curie.212-227-153-4.plesk.page\/de\/wp-json\/wp\/v2\/product\/3416814","targetHints":{"allow":["GET"]}}],"collection":[{"href":"https:\/\/stoic-curie.212-227-153-4.plesk.page\/de\/wp-json\/wp\/v2\/product"}],"about":[{"href":"https:\/\/stoic-curie.212-227-153-4.plesk.page\/de\/wp-json\/wp\/v2\/types\/product"}],"replies":[{"embeddable":true,"href":"https:\/\/stoic-curie.212-227-153-4.plesk.page\/de\/wp-json\/wp\/v2\/comments?post=3416814"}],"version-history":[{"count":0,"href":"https:\/\/stoic-curie.212-227-153-4.plesk.page\/de\/wp-json\/wp\/v2\/product\/3416814\/revisions"}],"wp:featuredmedia":[{"embeddable":true,"href":"https:\/\/stoic-curie.212-227-153-4.plesk.page\/de\/wp-json\/wp\/v2\/media\/5942107"}],"wp:attachment":[{"href":"https:\/\/stoic-curie.212-227-153-4.plesk.page\/de\/wp-json\/wp\/v2\/media?parent=3416814"}],"wp:term":[{"taxonomy":"product_brand","embeddable":true,"href":"https:\/\/stoic-curie.212-227-153-4.plesk.page\/de\/wp-json\/wp\/v2\/product_brand?post=3416814"},{"taxonomy":"product_cat","embeddable":true,"href":"https:\/\/stoic-curie.212-227-153-4.plesk.page\/de\/wp-json\/wp\/v2\/product_cat?post=3416814"},{"taxonomy":"product_tag","embeddable":true,"href":"https:\/\/stoic-curie.212-227-153-4.plesk.page\/de\/wp-json\/wp\/v2\/product_tag?post=3416814"}],"curies":[{"name":"wp","href":"https:\/\/api.w.org\/{rel}","templated":true}]}}