{"id":3416821,"date":"2025-10-09T22:47:38","date_gmt":"2025-10-10T02:47:38","guid":{"rendered":"https:\/\/stoic-curie.212-227-153-4.plesk.page\/product\/elektrisches-kabel-1-x-4-mm2-rot-fuer-solarpaneele\/"},"modified":"2026-02-24T23:34:57","modified_gmt":"2026-02-24T23:34:57","slug":"elektrisches-kabel-1-x-4-mm2-rot-fuer-solarpaneele","status":"publish","type":"product","link":"https:\/\/stoic-curie.212-227-153-4.plesk.page\/de\/product\/elektrisches-kabel-1-x-4-mm2-rot-fuer-solarpaneele\/","title":{"rendered":"Elektrisches Kabel 1 x 4 mm2 Rot f\u00fcr Solarpaneele"},"content":{"rendered":"<p>Elektrisches Kabel 1 x 4 mm2 Rot f\u00fcr Solarpaneele &#8211; <\/p>\n<p>RI.Na. zertifiziertes maritimes Elektro-Kabel f\u00fcr Bootinstallationen. Klasse 5 IEC60228 verzinntes Kupferkabel f\u00fcr maximalen Schutz gegen Korrosion und Elektrolyse. \u00dcberlegene Flexibilit\u00e4t durch eine Isolierh\u00fclle aus einem speziellen, halogenfreien, flammhemmenden, UV- und \u00f6lbest\u00e4ndigen Nitril-Material.<\/p>\n","protected":false},"excerpt":{"rendered":"<p>Elektrisches Kabel 1 x 4 mm2 Rot f\u00fcr Solarpaneele &#8211; RI.Na. zertifiziertes maritimes Elektro-Kabel f\u00fcr Bootinstallationen. Klasse 5 IEC60228 verzinntes<\/p>\n","protected":false},"featured_media":5942107,"comment_status":"closed","ping_status":"closed","template":"","meta":[],"product_brand":[2830],"product_cat":[1468,1462],"product_tag":[],"class_list":{"0":"post-3416821","1":"product","2":"type-product","3":"status-publish","4":"has-post-thumbnail","6":"product_brand-blue-sea-systems-de","7":"product_cat-elektrokabel","8":"product_cat-solarpaneele","10":"first","11":"instock","12":"shipping-taxable","13":"purchasable","14":"product-type-simple"},"_links":{"self":[{"href":"https:\/\/stoic-curie.212-227-153-4.plesk.page\/de\/wp-json\/wp\/v2\/product\/3416821","targetHints":{"allow":["GET"]}}],"collection":[{"href":"https:\/\/stoic-curie.212-227-153-4.plesk.page\/de\/wp-json\/wp\/v2\/product"}],"about":[{"href":"https:\/\/stoic-curie.212-227-153-4.plesk.page\/de\/wp-json\/wp\/v2\/types\/product"}],"replies":[{"embeddable":true,"href":"https:\/\/stoic-curie.212-227-153-4.plesk.page\/de\/wp-json\/wp\/v2\/comments?post=3416821"}],"version-history":[{"count":0,"href":"https:\/\/stoic-curie.212-227-153-4.plesk.page\/de\/wp-json\/wp\/v2\/product\/3416821\/revisions"}],"wp:featuredmedia":[{"embeddable":true,"href":"https:\/\/stoic-curie.212-227-153-4.plesk.page\/de\/wp-json\/wp\/v2\/media\/5942107"}],"wp:attachment":[{"href":"https:\/\/stoic-curie.212-227-153-4.plesk.page\/de\/wp-json\/wp\/v2\/media?parent=3416821"}],"wp:term":[{"taxonomy":"product_brand","embeddable":true,"href":"https:\/\/stoic-curie.212-227-153-4.plesk.page\/de\/wp-json\/wp\/v2\/product_brand?post=3416821"},{"taxonomy":"product_cat","embeddable":true,"href":"https:\/\/stoic-curie.212-227-153-4.plesk.page\/de\/wp-json\/wp\/v2\/product_cat?post=3416821"},{"taxonomy":"product_tag","embeddable":true,"href":"https:\/\/stoic-curie.212-227-153-4.plesk.page\/de\/wp-json\/wp\/v2\/product_tag?post=3416821"}],"curies":[{"name":"wp","href":"https:\/\/api.w.org\/{rel}","templated":true}]}}