{"id":3416953,"date":"2025-10-09T22:47:41","date_gmt":"2025-10-10T02:47:41","guid":{"rendered":"https:\/\/stoic-curie.212-227-153-4.plesk.page\/product\/marine-flachkabel-3-x-15-mm2-braun\/"},"modified":"2026-02-24T23:34:57","modified_gmt":"2026-02-24T23:34:57","slug":"marine-flachkabel-3-x-15-mm2-braun","status":"publish","type":"product","link":"https:\/\/stoic-curie.212-227-153-4.plesk.page\/de\/product\/marine-flachkabel-3-x-15-mm2-braun\/","title":{"rendered":"Marine Flachkabel 3 x 1,5 mm2 Braun"},"content":{"rendered":"<p>Marine Flachkabel 3 x 1,5 mm2 Braun &#8211; <\/p>\n<p>CE-zertifiziertes maritimes Flachkabel f\u00fcr Bootsinstallationen. Ideal f\u00fcr Bilge-Schalter, Pumpen und die Steuerung elektrischer Ger\u00e4te. Klasse 5 IEC60228 versilberter Kupferdraht f\u00fcr maximalen Schutz gegen Korrosion und Elektrolyse. \u00dcberlegene Flexibilit\u00e4t durch einen speziellen PVC-Brandhemmenden und \u00f6lfesten Isoliermantel.<\/p>\n","protected":false},"excerpt":{"rendered":"<p>Marine Flachkabel 3 x 1,5 mm2 Braun &#8211; CE-zertifiziertes maritimes Flachkabel f\u00fcr Bootsinstallationen. Ideal f\u00fcr Bilge-Schalter, Pumpen und die Steuerung<\/p>\n","protected":false},"featured_media":5942130,"comment_status":"closed","ping_status":"closed","template":"","meta":[],"product_brand":[2830],"product_cat":[1468],"product_tag":[],"class_list":{"0":"post-3416953","1":"product","2":"type-product","3":"status-publish","4":"has-post-thumbnail","6":"product_brand-blue-sea-systems-de","7":"product_cat-elektrokabel","9":"first","10":"instock","11":"shipping-taxable","12":"purchasable","13":"product-type-simple"},"_links":{"self":[{"href":"https:\/\/stoic-curie.212-227-153-4.plesk.page\/de\/wp-json\/wp\/v2\/product\/3416953","targetHints":{"allow":["GET"]}}],"collection":[{"href":"https:\/\/stoic-curie.212-227-153-4.plesk.page\/de\/wp-json\/wp\/v2\/product"}],"about":[{"href":"https:\/\/stoic-curie.212-227-153-4.plesk.page\/de\/wp-json\/wp\/v2\/types\/product"}],"replies":[{"embeddable":true,"href":"https:\/\/stoic-curie.212-227-153-4.plesk.page\/de\/wp-json\/wp\/v2\/comments?post=3416953"}],"version-history":[{"count":0,"href":"https:\/\/stoic-curie.212-227-153-4.plesk.page\/de\/wp-json\/wp\/v2\/product\/3416953\/revisions"}],"wp:featuredmedia":[{"embeddable":true,"href":"https:\/\/stoic-curie.212-227-153-4.plesk.page\/de\/wp-json\/wp\/v2\/media\/5942130"}],"wp:attachment":[{"href":"https:\/\/stoic-curie.212-227-153-4.plesk.page\/de\/wp-json\/wp\/v2\/media?parent=3416953"}],"wp:term":[{"taxonomy":"product_brand","embeddable":true,"href":"https:\/\/stoic-curie.212-227-153-4.plesk.page\/de\/wp-json\/wp\/v2\/product_brand?post=3416953"},{"taxonomy":"product_cat","embeddable":true,"href":"https:\/\/stoic-curie.212-227-153-4.plesk.page\/de\/wp-json\/wp\/v2\/product_cat?post=3416953"},{"taxonomy":"product_tag","embeddable":true,"href":"https:\/\/stoic-curie.212-227-153-4.plesk.page\/de\/wp-json\/wp\/v2\/product_tag?post=3416953"}],"curies":[{"name":"wp","href":"https:\/\/api.w.org\/{rel}","templated":true}]}}