{"id":3417108,"date":"2025-10-09T22:47:46","date_gmt":"2025-10-10T02:47:46","guid":{"rendered":"https:\/\/stoic-curie.212-227-153-4.plesk.page\/product\/sub9-blaues-messer\/"},"modified":"2026-02-24T23:34:58","modified_gmt":"2026-02-24T23:34:58","slug":"sub9-blaues-messer","status":"publish","type":"product","link":"https:\/\/stoic-curie.212-227-153-4.plesk.page\/de\/product\/sub9-blaues-messer\/","title":{"rendered":"Sub9 Blaues Messer"},"content":{"rendered":"<p>Sub9 Blaues Messer &#8211; <\/p>\n<p>Klassisches Tauchermesser. Komplett mit Scheide und G\u00fcrtel. Klinge aus Edelstahl W1.4116. Die Klinge sollte nach Gebrauch mit S\u00fc\u00dfwasser abgesp\u00fclt und einge\u00f6lt werden.<\/p>\n","protected":false},"excerpt":{"rendered":"<p>Sub9 Blaues Messer &#8211; Klassisches Tauchermesser. Komplett mit Scheide und G\u00fcrtel. Klinge aus Edelstahl W1.4116. Die Klinge sollte nach Gebrauch<\/p>\n","protected":false},"featured_media":5942195,"comment_status":"closed","ping_status":"closed","template":"","meta":[],"product_brand":[3080],"product_cat":[1569,1557],"product_tag":[],"class_list":{"0":"post-3417108","1":"product","2":"type-product","3":"status-publish","4":"has-post-thumbnail","6":"product_brand-macs-de","7":"product_cat-segelmesser-und-werkzeuge","8":"product_cat-tauchzubehoer","10":"first","11":"instock","12":"shipping-taxable","13":"purchasable","14":"product-type-simple"},"_links":{"self":[{"href":"https:\/\/stoic-curie.212-227-153-4.plesk.page\/de\/wp-json\/wp\/v2\/product\/3417108","targetHints":{"allow":["GET"]}}],"collection":[{"href":"https:\/\/stoic-curie.212-227-153-4.plesk.page\/de\/wp-json\/wp\/v2\/product"}],"about":[{"href":"https:\/\/stoic-curie.212-227-153-4.plesk.page\/de\/wp-json\/wp\/v2\/types\/product"}],"replies":[{"embeddable":true,"href":"https:\/\/stoic-curie.212-227-153-4.plesk.page\/de\/wp-json\/wp\/v2\/comments?post=3417108"}],"version-history":[{"count":0,"href":"https:\/\/stoic-curie.212-227-153-4.plesk.page\/de\/wp-json\/wp\/v2\/product\/3417108\/revisions"}],"wp:featuredmedia":[{"embeddable":true,"href":"https:\/\/stoic-curie.212-227-153-4.plesk.page\/de\/wp-json\/wp\/v2\/media\/5942195"}],"wp:attachment":[{"href":"https:\/\/stoic-curie.212-227-153-4.plesk.page\/de\/wp-json\/wp\/v2\/media?parent=3417108"}],"wp:term":[{"taxonomy":"product_brand","embeddable":true,"href":"https:\/\/stoic-curie.212-227-153-4.plesk.page\/de\/wp-json\/wp\/v2\/product_brand?post=3417108"},{"taxonomy":"product_cat","embeddable":true,"href":"https:\/\/stoic-curie.212-227-153-4.plesk.page\/de\/wp-json\/wp\/v2\/product_cat?post=3417108"},{"taxonomy":"product_tag","embeddable":true,"href":"https:\/\/stoic-curie.212-227-153-4.plesk.page\/de\/wp-json\/wp\/v2\/product_tag?post=3417108"}],"curies":[{"name":"wp","href":"https:\/\/api.w.org\/{rel}","templated":true}]}}