{"id":3417128,"date":"2025-10-09T22:47:47","date_gmt":"2025-10-10T02:47:47","guid":{"rendered":"https:\/\/stoic-curie.212-227-153-4.plesk.page\/product\/weisses-led-spotslicht-quick-ted-n-72mm-3000k\/"},"modified":"2026-02-24T23:34:58","modified_gmt":"2026-02-24T23:34:58","slug":"weisses-led-spotslicht-quick-ted-n-72mm-3000k","status":"publish","type":"product","link":"https:\/\/stoic-curie.212-227-153-4.plesk.page\/de\/product\/weisses-led-spotslicht-quick-ted-n-72mm-3000k\/","title":{"rendered":"Wei\u00dfes LED-Spotslicht Quick Ted N 72mm 3000k"},"content":{"rendered":"<p>Wei\u00dfes LED-Spotslicht Quick Ted N 72mm 3000k &#8211; <\/p>\n<p>2W IP66 LED Einbaustrahler f\u00fcr Innen- und Au\u00dfenbereiche mit wei\u00dfem Verbundrahmen. Unterputzmontage mit Schrauben. Universelle Spannung von 9-32V mit dimmbarer LED, die vor \u00dcberspannungen und Verpolung gesch\u00fctzt ist.<\/p>\n","protected":false},"excerpt":{"rendered":"<p>Wei\u00dfes LED-Spotslicht Quick Ted N 72mm 3000k &#8211; 2W IP66 LED Einbaustrahler f\u00fcr Innen- und Au\u00dfenbereiche mit wei\u00dfem Verbundrahmen. Unterputzmontage<\/p>\n","protected":false},"featured_media":5942200,"comment_status":"closed","ping_status":"closed","template":"","meta":[],"product_brand":[3280],"product_cat":[1452],"product_tag":[],"class_list":{"0":"post-3417128","1":"product","2":"type-product","3":"status-publish","4":"has-post-thumbnail","6":"product_brand-quick-de","7":"product_cat-bootsbeleuchtung","9":"first","10":"instock","11":"shipping-taxable","12":"purchasable","13":"product-type-simple"},"_links":{"self":[{"href":"https:\/\/stoic-curie.212-227-153-4.plesk.page\/de\/wp-json\/wp\/v2\/product\/3417128","targetHints":{"allow":["GET"]}}],"collection":[{"href":"https:\/\/stoic-curie.212-227-153-4.plesk.page\/de\/wp-json\/wp\/v2\/product"}],"about":[{"href":"https:\/\/stoic-curie.212-227-153-4.plesk.page\/de\/wp-json\/wp\/v2\/types\/product"}],"replies":[{"embeddable":true,"href":"https:\/\/stoic-curie.212-227-153-4.plesk.page\/de\/wp-json\/wp\/v2\/comments?post=3417128"}],"version-history":[{"count":0,"href":"https:\/\/stoic-curie.212-227-153-4.plesk.page\/de\/wp-json\/wp\/v2\/product\/3417128\/revisions"}],"wp:featuredmedia":[{"embeddable":true,"href":"https:\/\/stoic-curie.212-227-153-4.plesk.page\/de\/wp-json\/wp\/v2\/media\/5942200"}],"wp:attachment":[{"href":"https:\/\/stoic-curie.212-227-153-4.plesk.page\/de\/wp-json\/wp\/v2\/media?parent=3417128"}],"wp:term":[{"taxonomy":"product_brand","embeddable":true,"href":"https:\/\/stoic-curie.212-227-153-4.plesk.page\/de\/wp-json\/wp\/v2\/product_brand?post=3417128"},{"taxonomy":"product_cat","embeddable":true,"href":"https:\/\/stoic-curie.212-227-153-4.plesk.page\/de\/wp-json\/wp\/v2\/product_cat?post=3417128"},{"taxonomy":"product_tag","embeddable":true,"href":"https:\/\/stoic-curie.212-227-153-4.plesk.page\/de\/wp-json\/wp\/v2\/product_tag?post=3417128"}],"curies":[{"name":"wp","href":"https:\/\/api.w.org\/{rel}","templated":true}]}}