{"id":3417211,"date":"2025-10-09T22:47:49","date_gmt":"2025-10-10T02:47:49","guid":{"rendered":"https:\/\/stoic-curie.212-227-153-4.plesk.page\/product\/verbinder-fuer-batteriekabel-16mm2\/"},"modified":"2026-02-24T23:34:58","modified_gmt":"2026-02-24T23:34:58","slug":"verbinder-fuer-batteriekabel-16mm2","status":"publish","type":"product","link":"https:\/\/stoic-curie.212-227-153-4.plesk.page\/de\/product\/verbinder-fuer-batteriekabel-16mm2\/","title":{"rendered":"Verbinder f\u00fcr Batteriekabel 16mm2"},"content":{"rendered":"<p>Verbinder f\u00fcr Batteriekabel 16mm2 &#8211; <\/p>\n<p>Nicht isolierte Durchgangsverbinder f\u00fcr Batteriekabel. Elektrolytisch verzinnt und korrosionsgesch\u00fctzt. Erh\u00f6hte mechanische Festigkeit aufgrund des Gl\u00fchprozesses. Mit innerem Konus und zentralem Anschlag f\u00fcr eine genaue Kabelpositionierung.<\/p>\n","protected":false},"excerpt":{"rendered":"<p>Verbinder f\u00fcr Batteriekabel 16mm2 &#8211; Nicht isolierte Durchgangsverbinder f\u00fcr Batteriekabel. Elektrolytisch verzinnt und korrosionsgesch\u00fctzt. Erh\u00f6hte mechanische Festigkeit aufgrund des Gl\u00fchprozesses.<\/p>\n","protected":false},"featured_media":5942220,"comment_status":"closed","ping_status":"closed","template":"","meta":[],"product_brand":[3215],"product_cat":[1465],"product_tag":[],"class_list":{"0":"post-3417211","1":"product","2":"type-product","3":"status-publish","4":"has-post-thumbnail","6":"product_brand-oceanflex-de","7":"product_cat-bootsbatteriekabel-und-klemmen","9":"first","10":"instock","11":"shipping-taxable","12":"purchasable","13":"product-type-simple"},"_links":{"self":[{"href":"https:\/\/stoic-curie.212-227-153-4.plesk.page\/de\/wp-json\/wp\/v2\/product\/3417211","targetHints":{"allow":["GET"]}}],"collection":[{"href":"https:\/\/stoic-curie.212-227-153-4.plesk.page\/de\/wp-json\/wp\/v2\/product"}],"about":[{"href":"https:\/\/stoic-curie.212-227-153-4.plesk.page\/de\/wp-json\/wp\/v2\/types\/product"}],"replies":[{"embeddable":true,"href":"https:\/\/stoic-curie.212-227-153-4.plesk.page\/de\/wp-json\/wp\/v2\/comments?post=3417211"}],"version-history":[{"count":0,"href":"https:\/\/stoic-curie.212-227-153-4.plesk.page\/de\/wp-json\/wp\/v2\/product\/3417211\/revisions"}],"wp:featuredmedia":[{"embeddable":true,"href":"https:\/\/stoic-curie.212-227-153-4.plesk.page\/de\/wp-json\/wp\/v2\/media\/5942220"}],"wp:attachment":[{"href":"https:\/\/stoic-curie.212-227-153-4.plesk.page\/de\/wp-json\/wp\/v2\/media?parent=3417211"}],"wp:term":[{"taxonomy":"product_brand","embeddable":true,"href":"https:\/\/stoic-curie.212-227-153-4.plesk.page\/de\/wp-json\/wp\/v2\/product_brand?post=3417211"},{"taxonomy":"product_cat","embeddable":true,"href":"https:\/\/stoic-curie.212-227-153-4.plesk.page\/de\/wp-json\/wp\/v2\/product_cat?post=3417211"},{"taxonomy":"product_tag","embeddable":true,"href":"https:\/\/stoic-curie.212-227-153-4.plesk.page\/de\/wp-json\/wp\/v2\/product_tag?post=3417211"}],"curies":[{"name":"wp","href":"https:\/\/api.w.org\/{rel}","templated":true}]}}