{"id":3417278,"date":"2025-10-09T22:47:52","date_gmt":"2025-10-10T02:47:52","guid":{"rendered":"https:\/\/stoic-curie.212-227-153-4.plesk.page\/product\/selbstloeschende-polyamid-kabelbinder-100-x-25-mm\/"},"modified":"2026-02-24T23:34:58","modified_gmt":"2026-02-24T23:34:58","slug":"selbstloeschende-polyamid-kabelbinder-100-x-25-mm","status":"publish","type":"product","link":"https:\/\/stoic-curie.212-227-153-4.plesk.page\/de\/product\/selbstloeschende-polyamid-kabelbinder-100-x-25-mm\/","title":{"rendered":"Selbstl\u00f6schende Polyamid-Kabelbinder 100 x 2,5 mm"},"content":{"rendered":"<p>Selbstl\u00f6schende Polyamid-Kabelbinder 100 x 2,5 mm &#8211; <\/p>\n<p>UV- und \u00f6lbest\u00e4ndige, cl.V2 selbstverl\u00f6schende und halogenfreie Polyamid-Kabelbinder. Mit abgerundeten Ecken f\u00fcr mehr Sicherheit und einfache Eins\u00e4tze bei schr\u00e4g gestellten Litzen.<\/p>\n","protected":false},"excerpt":{"rendered":"<p>Selbstl\u00f6schende Polyamid-Kabelbinder 100 x 2,5 mm &#8211; UV- und \u00f6lbest\u00e4ndige, cl.V2 selbstverl\u00f6schende und halogenfreie Polyamid-Kabelbinder. Mit abgerundeten Ecken f\u00fcr mehr<\/p>\n","protected":false},"featured_media":5942228,"comment_status":"closed","ping_status":"closed","template":"","meta":[],"product_brand":[2830],"product_cat":[1453],"product_tag":[],"class_list":{"0":"post-3417278","1":"product","2":"type-product","3":"status-publish","4":"has-post-thumbnail","6":"product_brand-blue-sea-systems-de","7":"product_cat-elektrozubehoer","9":"first","10":"instock","11":"shipping-taxable","12":"purchasable","13":"product-type-simple"},"_links":{"self":[{"href":"https:\/\/stoic-curie.212-227-153-4.plesk.page\/de\/wp-json\/wp\/v2\/product\/3417278","targetHints":{"allow":["GET"]}}],"collection":[{"href":"https:\/\/stoic-curie.212-227-153-4.plesk.page\/de\/wp-json\/wp\/v2\/product"}],"about":[{"href":"https:\/\/stoic-curie.212-227-153-4.plesk.page\/de\/wp-json\/wp\/v2\/types\/product"}],"replies":[{"embeddable":true,"href":"https:\/\/stoic-curie.212-227-153-4.plesk.page\/de\/wp-json\/wp\/v2\/comments?post=3417278"}],"version-history":[{"count":0,"href":"https:\/\/stoic-curie.212-227-153-4.plesk.page\/de\/wp-json\/wp\/v2\/product\/3417278\/revisions"}],"wp:featuredmedia":[{"embeddable":true,"href":"https:\/\/stoic-curie.212-227-153-4.plesk.page\/de\/wp-json\/wp\/v2\/media\/5942228"}],"wp:attachment":[{"href":"https:\/\/stoic-curie.212-227-153-4.plesk.page\/de\/wp-json\/wp\/v2\/media?parent=3417278"}],"wp:term":[{"taxonomy":"product_brand","embeddable":true,"href":"https:\/\/stoic-curie.212-227-153-4.plesk.page\/de\/wp-json\/wp\/v2\/product_brand?post=3417278"},{"taxonomy":"product_cat","embeddable":true,"href":"https:\/\/stoic-curie.212-227-153-4.plesk.page\/de\/wp-json\/wp\/v2\/product_cat?post=3417278"},{"taxonomy":"product_tag","embeddable":true,"href":"https:\/\/stoic-curie.212-227-153-4.plesk.page\/de\/wp-json\/wp\/v2\/product_tag?post=3417278"}],"curies":[{"name":"wp","href":"https:\/\/api.w.org\/{rel}","templated":true}]}}