{"id":3417325,"date":"2025-10-09T22:47:53","date_gmt":"2025-10-10T02:47:53","guid":{"rendered":"https:\/\/stoic-curie.212-227-153-4.plesk.page\/product\/elektrische-vorkonfektionierte-anschluesse-typ-f-fuer-kabel-15-25-mm\/"},"modified":"2026-02-24T23:34:58","modified_gmt":"2026-02-24T23:34:58","slug":"elektrische-vorkonfektionierte-anschluesse-typ-f-fuer-kabel-15-25-mm","status":"publish","type":"product","link":"https:\/\/stoic-curie.212-227-153-4.plesk.page\/de\/product\/elektrische-vorkonfektionierte-anschluesse-typ-f-fuer-kabel-15-25-mm\/","title":{"rendered":"Elektrische vorkonfektionierte Anschl\u00fcsse Typ F f\u00fcr Kabel 1,5-2,5 mm"},"content":{"rendered":"<p>Elektrische vorkonfektionierte Anschl\u00fcsse Typ F f\u00fcr Kabel 1,5-2,5 mm &#8211; <\/p>\n<p>Einfache Einlage von vollst\u00e4ndig isolierten PC-Steckverbindern f\u00fcr Kupferkabel. Elektrolytisch verzinnt und korrosionsgesch\u00fctzt, halogenfrei.<\/p>\n","protected":false},"excerpt":{"rendered":"<p>Elektrische vorkonfektionierte Anschl\u00fcsse Typ F f\u00fcr Kabel 1,5-2,5 mm &#8211; Einfache Einlage von vollst\u00e4ndig isolierten PC-Steckverbindern f\u00fcr Kupferkabel. Elektrolytisch verzinnt<\/p>\n","protected":false},"featured_media":5942237,"comment_status":"closed","ping_status":"closed","template":"","meta":[],"product_brand":[2830],"product_cat":[1453],"product_tag":[],"class_list":{"0":"post-3417325","1":"product","2":"type-product","3":"status-publish","4":"has-post-thumbnail","6":"product_brand-blue-sea-systems-de","7":"product_cat-elektrozubehoer","9":"first","10":"instock","11":"shipping-taxable","12":"purchasable","13":"product-type-simple"},"_links":{"self":[{"href":"https:\/\/stoic-curie.212-227-153-4.plesk.page\/de\/wp-json\/wp\/v2\/product\/3417325","targetHints":{"allow":["GET"]}}],"collection":[{"href":"https:\/\/stoic-curie.212-227-153-4.plesk.page\/de\/wp-json\/wp\/v2\/product"}],"about":[{"href":"https:\/\/stoic-curie.212-227-153-4.plesk.page\/de\/wp-json\/wp\/v2\/types\/product"}],"replies":[{"embeddable":true,"href":"https:\/\/stoic-curie.212-227-153-4.plesk.page\/de\/wp-json\/wp\/v2\/comments?post=3417325"}],"version-history":[{"count":0,"href":"https:\/\/stoic-curie.212-227-153-4.plesk.page\/de\/wp-json\/wp\/v2\/product\/3417325\/revisions"}],"wp:featuredmedia":[{"embeddable":true,"href":"https:\/\/stoic-curie.212-227-153-4.plesk.page\/de\/wp-json\/wp\/v2\/media\/5942237"}],"wp:attachment":[{"href":"https:\/\/stoic-curie.212-227-153-4.plesk.page\/de\/wp-json\/wp\/v2\/media?parent=3417325"}],"wp:term":[{"taxonomy":"product_brand","embeddable":true,"href":"https:\/\/stoic-curie.212-227-153-4.plesk.page\/de\/wp-json\/wp\/v2\/product_brand?post=3417325"},{"taxonomy":"product_cat","embeddable":true,"href":"https:\/\/stoic-curie.212-227-153-4.plesk.page\/de\/wp-json\/wp\/v2\/product_cat?post=3417325"},{"taxonomy":"product_tag","embeddable":true,"href":"https:\/\/stoic-curie.212-227-153-4.plesk.page\/de\/wp-json\/wp\/v2\/product_tag?post=3417325"}],"curies":[{"name":"wp","href":"https:\/\/api.w.org\/{rel}","templated":true}]}}