{"id":3417352,"date":"2025-10-09T22:47:54","date_gmt":"2025-10-10T02:47:54","guid":{"rendered":"https:\/\/stoic-curie.212-227-153-4.plesk.page\/product\/basis-fuer-antennen-glomex-ra135\/"},"modified":"2026-02-24T23:34:58","modified_gmt":"2026-02-24T23:34:58","slug":"basis-fuer-antennen-glomex-ra135","status":"publish","type":"product","link":"https:\/\/stoic-curie.212-227-153-4.plesk.page\/de\/product\/basis-fuer-antennen-glomex-ra135\/","title":{"rendered":"Basis f\u00fcr Antennen Glomex Ra135"},"content":{"rendered":"<p>Basis f\u00fcr Antennen Glomex Ra135 &#8211; <\/p>\n<p>Double Junction RA135-Basis. Hergestellt aus UV-best\u00e4ndigem, verst\u00e4rktem Nylon und mit einem einstellbaren Knopf. Mit wasserdurchl\u00e4ssigem Kabeldurchlass und Seitensteckplatz. 1&#8243; x 14 Standardgewinde.<\/p>\n","protected":false},"excerpt":{"rendered":"<p>Basis f\u00fcr Antennen Glomex Ra135 &#8211; Double Junction RA135-Basis. Hergestellt aus UV-best\u00e4ndigem, verst\u00e4rktem Nylon und mit einem einstellbaren Knopf. Mit<\/p>\n","protected":false},"featured_media":5942248,"comment_status":"closed","ping_status":"closed","template":"","meta":[],"product_brand":[2980],"product_cat":[1466],"product_tag":[],"class_list":{"0":"post-3417352","1":"product","2":"type-product","3":"status-publish","4":"has-post-thumbnail","6":"product_brand-glomex-de","7":"product_cat-vhf-antennen","9":"first","10":"instock","11":"shipping-taxable","12":"purchasable","13":"product-type-simple"},"_links":{"self":[{"href":"https:\/\/stoic-curie.212-227-153-4.plesk.page\/de\/wp-json\/wp\/v2\/product\/3417352","targetHints":{"allow":["GET"]}}],"collection":[{"href":"https:\/\/stoic-curie.212-227-153-4.plesk.page\/de\/wp-json\/wp\/v2\/product"}],"about":[{"href":"https:\/\/stoic-curie.212-227-153-4.plesk.page\/de\/wp-json\/wp\/v2\/types\/product"}],"replies":[{"embeddable":true,"href":"https:\/\/stoic-curie.212-227-153-4.plesk.page\/de\/wp-json\/wp\/v2\/comments?post=3417352"}],"version-history":[{"count":0,"href":"https:\/\/stoic-curie.212-227-153-4.plesk.page\/de\/wp-json\/wp\/v2\/product\/3417352\/revisions"}],"wp:featuredmedia":[{"embeddable":true,"href":"https:\/\/stoic-curie.212-227-153-4.plesk.page\/de\/wp-json\/wp\/v2\/media\/5942248"}],"wp:attachment":[{"href":"https:\/\/stoic-curie.212-227-153-4.plesk.page\/de\/wp-json\/wp\/v2\/media?parent=3417352"}],"wp:term":[{"taxonomy":"product_brand","embeddable":true,"href":"https:\/\/stoic-curie.212-227-153-4.plesk.page\/de\/wp-json\/wp\/v2\/product_brand?post=3417352"},{"taxonomy":"product_cat","embeddable":true,"href":"https:\/\/stoic-curie.212-227-153-4.plesk.page\/de\/wp-json\/wp\/v2\/product_cat?post=3417352"},{"taxonomy":"product_tag","embeddable":true,"href":"https:\/\/stoic-curie.212-227-153-4.plesk.page\/de\/wp-json\/wp\/v2\/product_tag?post=3417352"}],"curies":[{"name":"wp","href":"https:\/\/api.w.org\/{rel}","templated":true}]}}