{"id":3417488,"date":"2025-10-09T22:47:58","date_gmt":"2025-10-10T02:47:58","guid":{"rendered":"https:\/\/stoic-curie.212-227-153-4.plesk.page\/product\/edelstahl-marinemesser-7cm\/"},"modified":"2026-02-24T23:34:58","modified_gmt":"2026-02-24T23:34:58","slug":"edelstahl-marinemesser-7cm","status":"publish","type":"product","link":"https:\/\/stoic-curie.212-227-153-4.plesk.page\/de\/product\/edelstahl-marinemesser-7cm\/","title":{"rendered":"Edelstahl-Marinemesser 7cm"},"content":{"rendered":"<p>Edelstahl-Marinemesser 7cm &#8211; <\/p>\n<p>Kompaktes Tauchmesser mit Schnurenschneider und \u00d6ffnung f\u00fcr Sch\u00e4kel. Der Griff aus rostfreiem Stahl und die reduzierte Dicke von nur 4 mm machen dieses Messer ideal zum Tauchen. Komplett mit Scheide und G\u00fcrtel. Klinge aus rostfreiem Stahl W1.4116. Die Klinge sollte nach dem Gebrauch mit frischem Wasser abgesp\u00fclt und einge\u00f6lt werden.<\/p>\n","protected":false},"excerpt":{"rendered":"<p>Edelstahl-Marinemesser 7cm &#8211; Kompaktes Tauchmesser mit Schnurenschneider und \u00d6ffnung f\u00fcr Sch\u00e4kel. Der Griff aus rostfreiem Stahl und die reduzierte Dicke<\/p>\n","protected":false},"featured_media":5942269,"comment_status":"closed","ping_status":"closed","template":"","meta":[],"product_brand":[3080],"product_cat":[1569,1557],"product_tag":[],"class_list":{"0":"post-3417488","1":"product","2":"type-product","3":"status-publish","4":"has-post-thumbnail","6":"product_brand-macs-de","7":"product_cat-segelmesser-und-werkzeuge","8":"product_cat-tauchzubehoer","10":"first","11":"instock","12":"shipping-taxable","13":"purchasable","14":"product-type-simple"},"_links":{"self":[{"href":"https:\/\/stoic-curie.212-227-153-4.plesk.page\/de\/wp-json\/wp\/v2\/product\/3417488","targetHints":{"allow":["GET"]}}],"collection":[{"href":"https:\/\/stoic-curie.212-227-153-4.plesk.page\/de\/wp-json\/wp\/v2\/product"}],"about":[{"href":"https:\/\/stoic-curie.212-227-153-4.plesk.page\/de\/wp-json\/wp\/v2\/types\/product"}],"replies":[{"embeddable":true,"href":"https:\/\/stoic-curie.212-227-153-4.plesk.page\/de\/wp-json\/wp\/v2\/comments?post=3417488"}],"version-history":[{"count":0,"href":"https:\/\/stoic-curie.212-227-153-4.plesk.page\/de\/wp-json\/wp\/v2\/product\/3417488\/revisions"}],"wp:featuredmedia":[{"embeddable":true,"href":"https:\/\/stoic-curie.212-227-153-4.plesk.page\/de\/wp-json\/wp\/v2\/media\/5942269"}],"wp:attachment":[{"href":"https:\/\/stoic-curie.212-227-153-4.plesk.page\/de\/wp-json\/wp\/v2\/media?parent=3417488"}],"wp:term":[{"taxonomy":"product_brand","embeddable":true,"href":"https:\/\/stoic-curie.212-227-153-4.plesk.page\/de\/wp-json\/wp\/v2\/product_brand?post=3417488"},{"taxonomy":"product_cat","embeddable":true,"href":"https:\/\/stoic-curie.212-227-153-4.plesk.page\/de\/wp-json\/wp\/v2\/product_cat?post=3417488"},{"taxonomy":"product_tag","embeddable":true,"href":"https:\/\/stoic-curie.212-227-153-4.plesk.page\/de\/wp-json\/wp\/v2\/product_tag?post=3417488"}],"curies":[{"name":"wp","href":"https:\/\/api.w.org\/{rel}","templated":true}]}}