{"id":3417496,"date":"2025-10-09T22:47:58","date_gmt":"2025-10-10T02:47:58","guid":{"rendered":"https:\/\/stoic-curie.212-227-153-4.plesk.page\/product\/edelstahl-fischhaken-harpune-33-cm\/"},"modified":"2026-02-24T23:34:58","modified_gmt":"2026-02-24T23:34:58","slug":"edelstahl-fischhaken-harpune-33-cm","status":"publish","type":"product","link":"https:\/\/stoic-curie.212-227-153-4.plesk.page\/de\/product\/edelstahl-fischhaken-harpune-33-cm\/","title":{"rendered":"Edelstahl Fischhaken-Harpune 33 cm"},"content":{"rendered":"<p>Edelstahl Fischhaken-Harpune 33 cm &#8211; <\/p>\n<p>Fischhakenwerkzeug. Wird auch verwendet, um den Fisch bei betr\u00e4chtlichen Gr\u00f6\u00dfen an Bord zu heben. Polypropylen-Griff, Harpunen aus rostfreiem Stahl 316.<\/p>\n","protected":false},"excerpt":{"rendered":"<p>Edelstahl Fischhaken-Harpune 33 cm &#8211; Fischhakenwerkzeug. Wird auch verwendet, um den Fisch bei betr\u00e4chtlichen Gr\u00f6\u00dfen an Bord zu heben. Polypropylen-Griff,<\/p>\n","protected":false},"featured_media":5942273,"comment_status":"closed","ping_status":"closed","template":"","meta":[],"product_brand":[3080],"product_cat":[1556,1329],"product_tag":[],"class_list":{"0":"post-3417496","1":"product","2":"type-product","3":"status-publish","4":"has-post-thumbnail","6":"product_brand-macs-de","7":"product_cat-angelzubehoer","8":"product_cat-festmacher-und-anlegehaken","10":"first","11":"instock","12":"shipping-taxable","13":"purchasable","14":"product-type-simple"},"_links":{"self":[{"href":"https:\/\/stoic-curie.212-227-153-4.plesk.page\/de\/wp-json\/wp\/v2\/product\/3417496","targetHints":{"allow":["GET"]}}],"collection":[{"href":"https:\/\/stoic-curie.212-227-153-4.plesk.page\/de\/wp-json\/wp\/v2\/product"}],"about":[{"href":"https:\/\/stoic-curie.212-227-153-4.plesk.page\/de\/wp-json\/wp\/v2\/types\/product"}],"replies":[{"embeddable":true,"href":"https:\/\/stoic-curie.212-227-153-4.plesk.page\/de\/wp-json\/wp\/v2\/comments?post=3417496"}],"version-history":[{"count":0,"href":"https:\/\/stoic-curie.212-227-153-4.plesk.page\/de\/wp-json\/wp\/v2\/product\/3417496\/revisions"}],"wp:featuredmedia":[{"embeddable":true,"href":"https:\/\/stoic-curie.212-227-153-4.plesk.page\/de\/wp-json\/wp\/v2\/media\/5942273"}],"wp:attachment":[{"href":"https:\/\/stoic-curie.212-227-153-4.plesk.page\/de\/wp-json\/wp\/v2\/media?parent=3417496"}],"wp:term":[{"taxonomy":"product_brand","embeddable":true,"href":"https:\/\/stoic-curie.212-227-153-4.plesk.page\/de\/wp-json\/wp\/v2\/product_brand?post=3417496"},{"taxonomy":"product_cat","embeddable":true,"href":"https:\/\/stoic-curie.212-227-153-4.plesk.page\/de\/wp-json\/wp\/v2\/product_cat?post=3417496"},{"taxonomy":"product_tag","embeddable":true,"href":"https:\/\/stoic-curie.212-227-153-4.plesk.page\/de\/wp-json\/wp\/v2\/product_tag?post=3417496"}],"curies":[{"name":"wp","href":"https:\/\/api.w.org\/{rel}","templated":true}]}}