{"id":3417537,"date":"2025-10-09T22:48:00","date_gmt":"2025-10-10T02:48:00","guid":{"rendered":"https:\/\/stoic-curie.212-227-153-4.plesk.page\/product\/kraftstoffstandsanzeige-ecms-weiss-e-1-2-f-52-mm\/"},"modified":"2026-02-24T23:34:58","modified_gmt":"2026-02-24T23:34:58","slug":"kraftstoffstandsanzeige-ecms-weiss-e-1-2-f-52-mm","status":"publish","type":"product","link":"https:\/\/stoic-curie.212-227-153-4.plesk.page\/de\/product\/kraftstoffstandsanzeige-ecms-weiss-e-1-2-f-52-mm\/","title":{"rendered":"Kraftstoffstandsanzeige ECMS Wei\u00df E-1\/2-F 52 mm"},"content":{"rendered":"<p>Kraftstoffstandsanzeige ECMS Wei\u00df E-1\/2-F 52 mm &#8211; <\/p>\n<p>Ecms White Chrome 12\/24V Instrumente mit verkabeltem Molex-Stecker. Polierte Edelstahlblende und wei\u00dfes Zifferblatt. Wasserdicht mit IP67 gesch\u00fctzter kuppelf\u00f6rmiger, beschlagfreier Linse. Anpassbares, mehrfarbig hinterleuchtetes Zifferblatt. Die Pegelanzeigen k\u00f6nnen mit dem R\u00fcckenkonfigurationsknopf auf jeden Impedanzwert eingestellt werden. Sie sind werkseitig auf den Standardwert 0-190 Ohm voreingestellt. Die \u00d6lzeiger mit 5 und 10 bar sind mit Standardf\u00fchlern (10-180 Ohm) kompatibel, w\u00e4hrend der 30 bar nur mit elektronischen Sensoren (0,5-4,5V) kompatibel ist. Die Amperemeter sind mit einem Sensor (Shunt) ausgestattet, um den Strom zu messen.<\/p>\n","protected":false},"excerpt":{"rendered":"<p>Kraftstoffstandsanzeige ECMS Wei\u00df E-1\/2-F 52 mm &#8211; Ecms White Chrome 12\/24V Instrumente mit verkabeltem Molex-Stecker. Polierte Edelstahlblende und wei\u00dfes Zifferblatt.<\/p>\n","protected":false},"featured_media":5942294,"comment_status":"closed","ping_status":"closed","template":"","meta":[],"product_brand":[2910],"product_cat":[1524,1495],"product_tag":[],"class_list":{"0":"post-3417537","1":"product","2":"type-product","3":"status-publish","4":"has-post-thumbnail","6":"product_brand-ecms-marine-de","7":"product_cat-ecms-messgeraete","8":"product_cat-kraftstoffstandanzeigen-und-geber","10":"first","11":"instock","12":"shipping-taxable","13":"purchasable","14":"product-type-simple"},"_links":{"self":[{"href":"https:\/\/stoic-curie.212-227-153-4.plesk.page\/de\/wp-json\/wp\/v2\/product\/3417537","targetHints":{"allow":["GET"]}}],"collection":[{"href":"https:\/\/stoic-curie.212-227-153-4.plesk.page\/de\/wp-json\/wp\/v2\/product"}],"about":[{"href":"https:\/\/stoic-curie.212-227-153-4.plesk.page\/de\/wp-json\/wp\/v2\/types\/product"}],"replies":[{"embeddable":true,"href":"https:\/\/stoic-curie.212-227-153-4.plesk.page\/de\/wp-json\/wp\/v2\/comments?post=3417537"}],"version-history":[{"count":0,"href":"https:\/\/stoic-curie.212-227-153-4.plesk.page\/de\/wp-json\/wp\/v2\/product\/3417537\/revisions"}],"wp:featuredmedia":[{"embeddable":true,"href":"https:\/\/stoic-curie.212-227-153-4.plesk.page\/de\/wp-json\/wp\/v2\/media\/5942294"}],"wp:attachment":[{"href":"https:\/\/stoic-curie.212-227-153-4.plesk.page\/de\/wp-json\/wp\/v2\/media?parent=3417537"}],"wp:term":[{"taxonomy":"product_brand","embeddable":true,"href":"https:\/\/stoic-curie.212-227-153-4.plesk.page\/de\/wp-json\/wp\/v2\/product_brand?post=3417537"},{"taxonomy":"product_cat","embeddable":true,"href":"https:\/\/stoic-curie.212-227-153-4.plesk.page\/de\/wp-json\/wp\/v2\/product_cat?post=3417537"},{"taxonomy":"product_tag","embeddable":true,"href":"https:\/\/stoic-curie.212-227-153-4.plesk.page\/de\/wp-json\/wp\/v2\/product_tag?post=3417537"}],"curies":[{"name":"wp","href":"https:\/\/api.w.org\/{rel}","templated":true}]}}