{"id":3417553,"date":"2025-10-09T22:48:00","date_gmt":"2025-10-10T02:48:00","guid":{"rendered":"https:\/\/stoic-curie.212-227-153-4.plesk.page\/product\/wasserstandsanzeiger-ecms-weiss-verchromt-52mm\/"},"modified":"2026-02-24T23:34:58","modified_gmt":"2026-02-24T23:34:58","slug":"wasserstandsanzeiger-ecms-weiss-verchromt-52mm","status":"publish","type":"product","link":"https:\/\/stoic-curie.212-227-153-4.plesk.page\/de\/product\/wasserstandsanzeiger-ecms-weiss-verchromt-52mm\/","title":{"rendered":"Wasserstandsanzeiger ECMS Wei\u00df &#8211; Verchromt 52mm"},"content":{"rendered":"<p>Wasserstandsanzeiger ECMS Wei\u00df &#8211; Verchromt 52mm &#8211; <\/p>\n<p>Die Ecms White Chrome 12\/24V Messger\u00e4te sind mit einem verdrahteten Molex-Stecker ausgestattet. Sie verf\u00fcgen \u00fcber einen polierten Edelstahlrand und ein wei\u00dfes Ziffernblatt. Der wasserdichte IP67 gesch\u00fctzte gew\u00f6lbte, fog-resistant Linsen sch\u00fctzt vor Nebelbildung. Das mehrfarbig anpassbare, LED-hintergrundbeleuchtete Ziffernblatt sorgt f\u00fcr eine individuelle Anpassung. Die F\u00fcllstandsanzeiger k\u00f6nnen mithilfe des Konfigurationsknopfes auf der R\u00fcckseite auf jeden Impedanzwert eingestellt werden. Sie sind auf den Standardwert von 0-190 Ohm vorprogrammiert. Die \u00d6l-Druckmesser mit 5 und 10 bar sind mit g\u00e4ngigen Sensoren (10-180 Ohm) kompatibel, w\u00e4hrend das 30 bar Modell nur mit elektronischen Sensoren (0,5-4,5V) arbeitet. Die Amperemeter sind mit einem Sensor (Shunt) ausgestattet, um den Strom zu messen.<\/p>\n","protected":false},"excerpt":{"rendered":"<p>Wasserstandsanzeiger ECMS Wei\u00df &#8211; Verchromt 52mm &#8211; Die Ecms White Chrome 12\/24V Messger\u00e4te sind mit einem verdrahteten Molex-Stecker ausgestattet. Sie<\/p>\n","protected":false},"featured_media":5942294,"comment_status":"closed","ping_status":"closed","template":"","meta":[],"product_brand":[2910],"product_cat":[1524,1371],"product_tag":[],"class_list":{"0":"post-3417553","1":"product","2":"type-product","3":"status-publish","4":"has-post-thumbnail","6":"product_brand-ecms-marine-de","7":"product_cat-ecms-messgeraete","8":"product_cat-wasserstandsanzeigen-und-geber","10":"first","11":"instock","12":"shipping-taxable","13":"purchasable","14":"product-type-simple"},"_links":{"self":[{"href":"https:\/\/stoic-curie.212-227-153-4.plesk.page\/de\/wp-json\/wp\/v2\/product\/3417553","targetHints":{"allow":["GET"]}}],"collection":[{"href":"https:\/\/stoic-curie.212-227-153-4.plesk.page\/de\/wp-json\/wp\/v2\/product"}],"about":[{"href":"https:\/\/stoic-curie.212-227-153-4.plesk.page\/de\/wp-json\/wp\/v2\/types\/product"}],"replies":[{"embeddable":true,"href":"https:\/\/stoic-curie.212-227-153-4.plesk.page\/de\/wp-json\/wp\/v2\/comments?post=3417553"}],"version-history":[{"count":0,"href":"https:\/\/stoic-curie.212-227-153-4.plesk.page\/de\/wp-json\/wp\/v2\/product\/3417553\/revisions"}],"wp:featuredmedia":[{"embeddable":true,"href":"https:\/\/stoic-curie.212-227-153-4.plesk.page\/de\/wp-json\/wp\/v2\/media\/5942294"}],"wp:attachment":[{"href":"https:\/\/stoic-curie.212-227-153-4.plesk.page\/de\/wp-json\/wp\/v2\/media?parent=3417553"}],"wp:term":[{"taxonomy":"product_brand","embeddable":true,"href":"https:\/\/stoic-curie.212-227-153-4.plesk.page\/de\/wp-json\/wp\/v2\/product_brand?post=3417553"},{"taxonomy":"product_cat","embeddable":true,"href":"https:\/\/stoic-curie.212-227-153-4.plesk.page\/de\/wp-json\/wp\/v2\/product_cat?post=3417553"},{"taxonomy":"product_tag","embeddable":true,"href":"https:\/\/stoic-curie.212-227-153-4.plesk.page\/de\/wp-json\/wp\/v2\/product_tag?post=3417553"}],"curies":[{"name":"wp","href":"https:\/\/api.w.org\/{rel}","templated":true}]}}