{"id":3417568,"date":"2025-10-09T22:48:00","date_gmt":"2025-10-10T02:48:00","guid":{"rendered":"https:\/\/stoic-curie.212-227-153-4.plesk.page\/product\/wasserstandsanzeiger-schwarz-verchromt-ecms-52mm\/"},"modified":"2026-02-24T23:34:58","modified_gmt":"2026-02-24T23:34:58","slug":"wasserstandsanzeiger-schwarz-verchromt-ecms-52mm","status":"publish","type":"product","link":"https:\/\/stoic-curie.212-227-153-4.plesk.page\/de\/product\/wasserstandsanzeiger-schwarz-verchromt-ecms-52mm\/","title":{"rendered":"Wasserstandsanzeiger Schwarz &#8211; Verchromt ECMS 52mm"},"content":{"rendered":"<p>Wasserstandsanzeiger Schwarz &#8211; Verchromt ECMS 52mm &#8211; <\/p>\n<p>Ecms Black Chrome 12\/24V Instrumente mit verdrahtetem Molex-Stecker. Polierte Edelstahlblende und schwarzes Zifferblatt. Wasserdicht IP67 gesch\u00fctztes gew\u00f6lbtes, nebelresistentes Glas. Anpassbares mehrfarbiges LED-hintergrundbeleuchtetem Zifferblatt. Die F\u00fcllstandsanzeigen k\u00f6nnen mit der Konfigurationstaste auf der R\u00fcckseite auf jeden Impedanzwert eingestellt werden. Sie sind werkseitig auf den Standardwert 0-190 Ohm voreingestellt. Die 5 und 10 Bar \u00d6ldruckanzeigen sind mit Standard-Sensoren (10-180 Ohm) kompatibel, w\u00e4hrend die 30 Bar-Anzeige nur mit elektronischen Sensoren (0,5-4,5V) kompatibel ist. Die Amperemeter sind mit einem Sensor (Shunt) ausgestattet, um den Strom zu messen.<\/p>\n","protected":false},"excerpt":{"rendered":"<p>Wasserstandsanzeiger Schwarz &#8211; Verchromt ECMS 52mm &#8211; Ecms Black Chrome 12\/24V Instrumente mit verdrahtetem Molex-Stecker. Polierte Edelstahlblende und schwarzes Zifferblatt.<\/p>\n","protected":false},"featured_media":5942305,"comment_status":"closed","ping_status":"closed","template":"","meta":[],"product_brand":[2910],"product_cat":[1524,1371],"product_tag":[],"class_list":{"0":"post-3417568","1":"product","2":"type-product","3":"status-publish","4":"has-post-thumbnail","6":"product_brand-ecms-marine-de","7":"product_cat-ecms-messgeraete","8":"product_cat-wasserstandsanzeigen-und-geber","10":"first","11":"instock","12":"shipping-taxable","13":"purchasable","14":"product-type-simple"},"_links":{"self":[{"href":"https:\/\/stoic-curie.212-227-153-4.plesk.page\/de\/wp-json\/wp\/v2\/product\/3417568","targetHints":{"allow":["GET"]}}],"collection":[{"href":"https:\/\/stoic-curie.212-227-153-4.plesk.page\/de\/wp-json\/wp\/v2\/product"}],"about":[{"href":"https:\/\/stoic-curie.212-227-153-4.plesk.page\/de\/wp-json\/wp\/v2\/types\/product"}],"replies":[{"embeddable":true,"href":"https:\/\/stoic-curie.212-227-153-4.plesk.page\/de\/wp-json\/wp\/v2\/comments?post=3417568"}],"version-history":[{"count":0,"href":"https:\/\/stoic-curie.212-227-153-4.plesk.page\/de\/wp-json\/wp\/v2\/product\/3417568\/revisions"}],"wp:featuredmedia":[{"embeddable":true,"href":"https:\/\/stoic-curie.212-227-153-4.plesk.page\/de\/wp-json\/wp\/v2\/media\/5942305"}],"wp:attachment":[{"href":"https:\/\/stoic-curie.212-227-153-4.plesk.page\/de\/wp-json\/wp\/v2\/media?parent=3417568"}],"wp:term":[{"taxonomy":"product_brand","embeddable":true,"href":"https:\/\/stoic-curie.212-227-153-4.plesk.page\/de\/wp-json\/wp\/v2\/product_brand?post=3417568"},{"taxonomy":"product_cat","embeddable":true,"href":"https:\/\/stoic-curie.212-227-153-4.plesk.page\/de\/wp-json\/wp\/v2\/product_cat?post=3417568"},{"taxonomy":"product_tag","embeddable":true,"href":"https:\/\/stoic-curie.212-227-153-4.plesk.page\/de\/wp-json\/wp\/v2\/product_tag?post=3417568"}],"curies":[{"name":"wp","href":"https:\/\/api.w.org\/{rel}","templated":true}]}}