{"id":3417576,"date":"2025-10-09T22:48:01","date_gmt":"2025-10-10T02:48:01","guid":{"rendered":"https:\/\/stoic-curie.212-227-153-4.plesk.page\/product\/ecms-weiss-chrom-12-24v-abwasserstandsanzeige-52-mm\/"},"modified":"2026-02-24T23:34:58","modified_gmt":"2026-02-24T23:34:58","slug":"ecms-weiss-chrom-12-24v-abwasserstandsanzeige-52-mm","status":"publish","type":"product","link":"https:\/\/stoic-curie.212-227-153-4.plesk.page\/de\/product\/ecms-weiss-chrom-12-24v-abwasserstandsanzeige-52-mm\/","title":{"rendered":"ECMS Wei\u00df Chrom 12\/24V Abwasserstandsanzeige 52 mm"},"content":{"rendered":"<p>ECMS Wei\u00df Chrom 12\/24V Abwasserstandsanzeige 52 mm &#8211; <\/p>\n<p>Ecms wei\u00dfe Chrom 12\/24V Anzeigen komplett mit verdrahtetem Molex-Stecker. Polierter Edelstahlrahmen und wei\u00dfe Zifferblatt. Wasserdichtes IP67 gesch\u00fctztes kuppelf\u00f6rmiges, beschlagfreies Glas. Anpassbares mehrfarbiges LED-hintergrundbeleuchtetes Zifferblatt. Die Niveaumesser k\u00f6nnen \u00fcber die Konfigurationstaste auf der R\u00fcckseite auf jeden Impedanzwert eingestellt werden. Sie sind auf den Standardwert 0-190 Ohm voreingestellt. Die 5- und 10-Bar-\u00d6ldruckmesser sind mit Standardf\u00fchlern (10-180 Ohm) kompatibel, w\u00e4hrend der 30-Bar-Messer nur mit elektronischen Sensoren (0,5-4,5V) kompatibel ist. Die Amperemeter werden komplett mit Sensor (Shunt) zur Messung des Stroms geliefert.<\/p>\n","protected":false},"excerpt":{"rendered":"<p>ECMS Wei\u00df Chrom 12\/24V Abwasserstandsanzeige 52 mm &#8211; Ecms wei\u00dfe Chrom 12\/24V Anzeigen komplett mit verdrahtetem Molex-Stecker. Polierter Edelstahlrahmen und<\/p>\n","protected":false},"featured_media":5942294,"comment_status":"closed","ping_status":"closed","template":"","meta":[],"product_brand":[2910],"product_cat":[1362,1524],"product_tag":[],"class_list":{"0":"post-3417576","1":"product","2":"type-product","3":"status-publish","4":"has-post-thumbnail","6":"product_brand-ecms-marine-de","7":"product_cat-abwassertanks","8":"product_cat-ecms-messgeraete","10":"first","11":"instock","12":"shipping-taxable","13":"purchasable","14":"product-type-simple"},"_links":{"self":[{"href":"https:\/\/stoic-curie.212-227-153-4.plesk.page\/de\/wp-json\/wp\/v2\/product\/3417576","targetHints":{"allow":["GET"]}}],"collection":[{"href":"https:\/\/stoic-curie.212-227-153-4.plesk.page\/de\/wp-json\/wp\/v2\/product"}],"about":[{"href":"https:\/\/stoic-curie.212-227-153-4.plesk.page\/de\/wp-json\/wp\/v2\/types\/product"}],"replies":[{"embeddable":true,"href":"https:\/\/stoic-curie.212-227-153-4.plesk.page\/de\/wp-json\/wp\/v2\/comments?post=3417576"}],"version-history":[{"count":0,"href":"https:\/\/stoic-curie.212-227-153-4.plesk.page\/de\/wp-json\/wp\/v2\/product\/3417576\/revisions"}],"wp:featuredmedia":[{"embeddable":true,"href":"https:\/\/stoic-curie.212-227-153-4.plesk.page\/de\/wp-json\/wp\/v2\/media\/5942294"}],"wp:attachment":[{"href":"https:\/\/stoic-curie.212-227-153-4.plesk.page\/de\/wp-json\/wp\/v2\/media?parent=3417576"}],"wp:term":[{"taxonomy":"product_brand","embeddable":true,"href":"https:\/\/stoic-curie.212-227-153-4.plesk.page\/de\/wp-json\/wp\/v2\/product_brand?post=3417576"},{"taxonomy":"product_cat","embeddable":true,"href":"https:\/\/stoic-curie.212-227-153-4.plesk.page\/de\/wp-json\/wp\/v2\/product_cat?post=3417576"},{"taxonomy":"product_tag","embeddable":true,"href":"https:\/\/stoic-curie.212-227-153-4.plesk.page\/de\/wp-json\/wp\/v2\/product_tag?post=3417576"}],"curies":[{"name":"wp","href":"https:\/\/api.w.org\/{rel}","templated":true}]}}