{"id":3417578,"date":"2025-10-09T22:48:01","date_gmt":"2025-10-10T02:48:01","guid":{"rendered":"https:\/\/stoic-curie.212-227-153-4.plesk.page\/product\/ecms-schwarzes-chrom-12-24v-abwasserstandmessgeraet-e-1-2-f\/"},"modified":"2026-02-24T23:34:58","modified_gmt":"2026-02-24T23:34:58","slug":"ecms-schwarzes-chrom-12-24v-abwasserstandmessgeraet-e-1-2-f","status":"publish","type":"product","link":"https:\/\/stoic-curie.212-227-153-4.plesk.page\/de\/product\/ecms-schwarzes-chrom-12-24v-abwasserstandmessgeraet-e-1-2-f\/","title":{"rendered":"ECMS Schwarzes Chrom 12\/24V Abwasserstandmessger\u00e4t E-1\/2-F"},"content":{"rendered":"<p>ECMS Schwarzes Chrom 12\/24V Abwasserstandmessger\u00e4t E-1\/2-F &#8211; <\/p>\n<p>Ecms Black Chrome 12\/24V Messger\u00e4te sind mit einem verdrahteten Molex-Stecker ausgestattet. Polierter Edelstahlrahmen und schwar Zifferblatt. Wasserdichtes IP67 gesch\u00fctztes kuppelartiges, nebelfreies Glas. Anpassbare mehrfarbige LED-Hintergrundbeleuchtung des Zifferblatts. Die Niveaumessger\u00e4te k\u00f6nnen mit der R\u00fcckseiteneinstelltaste auf jeden Impedanzwert eingestellt werden. Sie sind auf den Standardwert von 0-190 Ohm voreingestellt. Die 5- und 10-Bar \u00d6ldruckmesser sind mit Standard-Sensoren (10-180 Ohm) kompatibel, w\u00e4hrend der 30-Bar-Messer nur mit elektronischen Sensoren (0,5-4,5V) kompatibel ist. Die Amperemeter sind mit einem Sensor (Shunt) ausgestattet, um den Strom zu messen.<\/p>\n","protected":false},"excerpt":{"rendered":"<p>ECMS Schwarzes Chrom 12\/24V Abwasserstandmessger\u00e4t E-1\/2-F &#8211; Ecms Black Chrome 12\/24V Messger\u00e4te sind mit einem verdrahteten Molex-Stecker ausgestattet. Polierter Edelstahlrahmen<\/p>\n","protected":false},"featured_media":5942305,"comment_status":"closed","ping_status":"closed","template":"","meta":[],"product_brand":[2910],"product_cat":[1362,1524],"product_tag":[],"class_list":{"0":"post-3417578","1":"product","2":"type-product","3":"status-publish","4":"has-post-thumbnail","6":"product_brand-ecms-marine-de","7":"product_cat-abwassertanks","8":"product_cat-ecms-messgeraete","10":"first","11":"instock","12":"shipping-taxable","13":"purchasable","14":"product-type-simple"},"_links":{"self":[{"href":"https:\/\/stoic-curie.212-227-153-4.plesk.page\/de\/wp-json\/wp\/v2\/product\/3417578","targetHints":{"allow":["GET"]}}],"collection":[{"href":"https:\/\/stoic-curie.212-227-153-4.plesk.page\/de\/wp-json\/wp\/v2\/product"}],"about":[{"href":"https:\/\/stoic-curie.212-227-153-4.plesk.page\/de\/wp-json\/wp\/v2\/types\/product"}],"replies":[{"embeddable":true,"href":"https:\/\/stoic-curie.212-227-153-4.plesk.page\/de\/wp-json\/wp\/v2\/comments?post=3417578"}],"version-history":[{"count":0,"href":"https:\/\/stoic-curie.212-227-153-4.plesk.page\/de\/wp-json\/wp\/v2\/product\/3417578\/revisions"}],"wp:featuredmedia":[{"embeddable":true,"href":"https:\/\/stoic-curie.212-227-153-4.plesk.page\/de\/wp-json\/wp\/v2\/media\/5942305"}],"wp:attachment":[{"href":"https:\/\/stoic-curie.212-227-153-4.plesk.page\/de\/wp-json\/wp\/v2\/media?parent=3417578"}],"wp:term":[{"taxonomy":"product_brand","embeddable":true,"href":"https:\/\/stoic-curie.212-227-153-4.plesk.page\/de\/wp-json\/wp\/v2\/product_brand?post=3417578"},{"taxonomy":"product_cat","embeddable":true,"href":"https:\/\/stoic-curie.212-227-153-4.plesk.page\/de\/wp-json\/wp\/v2\/product_cat?post=3417578"},{"taxonomy":"product_tag","embeddable":true,"href":"https:\/\/stoic-curie.212-227-153-4.plesk.page\/de\/wp-json\/wp\/v2\/product_tag?post=3417578"}],"curies":[{"name":"wp","href":"https:\/\/api.w.org\/{rel}","templated":true}]}}