{"id":3417599,"date":"2025-10-09T22:48:01","date_gmt":"2025-10-10T02:48:01","guid":{"rendered":"https:\/\/stoic-curie.212-227-153-4.plesk.page\/product\/ecms-12-24v-wassertemperaturmessgeraet-weiss-40-120-x-52-mm\/"},"modified":"2026-02-24T23:34:58","modified_gmt":"2026-02-24T23:34:58","slug":"ecms-12-24v-wassertemperaturmessgeraet-weiss-40-120-x-52-mm","status":"publish","type":"product","link":"https:\/\/stoic-curie.212-227-153-4.plesk.page\/de\/product\/ecms-12-24v-wassertemperaturmessgeraet-weiss-40-120-x-52-mm\/","title":{"rendered":"ECMS 12\/24V Wassertemperaturmessger\u00e4t Wei\u00df 40-120\u00b0 x 52 mm"},"content":{"rendered":"<p>ECMS 12\/24V Wassertemperaturmessger\u00e4t Wei\u00df 40-120\u00b0 x 52 mm &#8211; <\/p>\n<p>Ecms White Chrome 12\/24V Messger\u00e4te komplett mit angeschlossenem Molex-Stecker. Polierter Edelstahlrahmen und wei\u00dfes Ziffernblatt. Wasserdicht gem\u00e4\u00df IP67 gesch\u00fctzte gew\u00f6lbte, beschlagfreie Linse. Anpassbares mehrfarbiges LED-hintergrundbeleuchtetes Ziffernblatt. Die Pegelmessger\u00e4te k\u00f6nnen \u00fcber die Konfigurationstaste auf der R\u00fcckseite auf jeden Impedanzwert eingestellt werden. Sie sind werksseitig auf den Standardwert 0-190 Ohm eingestellt. Die \u00d6l Druckmesser mit 5 und 10 bar sind mit Standardf\u00fchlern (10-180 Ohm) kompatibel, w\u00e4hrend der 30 bar-Messer nur mit elektronischen Sensoren (0,5-4,5V) kompatibel ist. Die Amperemeter werden mit einem Sensorshunt geliefert, um die Stromst\u00e4rke zu messen.<\/p>\n","protected":false},"excerpt":{"rendered":"<p>ECMS 12\/24V Wassertemperaturmessger\u00e4t Wei\u00df 40-120\u00b0 x 52 mm &#8211; Ecms White Chrome 12\/24V Messger\u00e4te komplett mit angeschlossenem Molex-Stecker. Polierter Edelstahlrahmen<\/p>\n","protected":false},"featured_media":5942294,"comment_status":"closed","ping_status":"closed","template":"","meta":[],"product_brand":[2910],"product_cat":[1524],"product_tag":[],"class_list":{"0":"post-3417599","1":"product","2":"type-product","3":"status-publish","4":"has-post-thumbnail","6":"product_brand-ecms-marine-de","7":"product_cat-ecms-messgeraete","9":"first","10":"instock","11":"shipping-taxable","12":"purchasable","13":"product-type-simple"},"_links":{"self":[{"href":"https:\/\/stoic-curie.212-227-153-4.plesk.page\/de\/wp-json\/wp\/v2\/product\/3417599","targetHints":{"allow":["GET"]}}],"collection":[{"href":"https:\/\/stoic-curie.212-227-153-4.plesk.page\/de\/wp-json\/wp\/v2\/product"}],"about":[{"href":"https:\/\/stoic-curie.212-227-153-4.plesk.page\/de\/wp-json\/wp\/v2\/types\/product"}],"replies":[{"embeddable":true,"href":"https:\/\/stoic-curie.212-227-153-4.plesk.page\/de\/wp-json\/wp\/v2\/comments?post=3417599"}],"version-history":[{"count":0,"href":"https:\/\/stoic-curie.212-227-153-4.plesk.page\/de\/wp-json\/wp\/v2\/product\/3417599\/revisions"}],"wp:featuredmedia":[{"embeddable":true,"href":"https:\/\/stoic-curie.212-227-153-4.plesk.page\/de\/wp-json\/wp\/v2\/media\/5942294"}],"wp:attachment":[{"href":"https:\/\/stoic-curie.212-227-153-4.plesk.page\/de\/wp-json\/wp\/v2\/media?parent=3417599"}],"wp:term":[{"taxonomy":"product_brand","embeddable":true,"href":"https:\/\/stoic-curie.212-227-153-4.plesk.page\/de\/wp-json\/wp\/v2\/product_brand?post=3417599"},{"taxonomy":"product_cat","embeddable":true,"href":"https:\/\/stoic-curie.212-227-153-4.plesk.page\/de\/wp-json\/wp\/v2\/product_cat?post=3417599"},{"taxonomy":"product_tag","embeddable":true,"href":"https:\/\/stoic-curie.212-227-153-4.plesk.page\/de\/wp-json\/wp\/v2\/product_tag?post=3417599"}],"curies":[{"name":"wp","href":"https:\/\/api.w.org\/{rel}","templated":true}]}}