{"id":3417608,"date":"2025-10-09T22:48:02","date_gmt":"2025-10-10T02:48:02","guid":{"rendered":"https:\/\/stoic-curie.212-227-153-4.plesk.page\/product\/wassertemperaturanzeiger-ecms-schwarz-chromiert-40-120-grad-52-mm\/"},"modified":"2026-02-24T23:34:58","modified_gmt":"2026-02-24T23:34:58","slug":"wassertemperaturanzeiger-ecms-schwarz-chromiert-40-120-grad-52-mm","status":"publish","type":"product","link":"https:\/\/stoic-curie.212-227-153-4.plesk.page\/de\/product\/wassertemperaturanzeiger-ecms-schwarz-chromiert-40-120-grad-52-mm\/","title":{"rendered":"Wassertemperaturanzeiger ECMS Schwarz-Chromiert 40-120 Grad 52 mm"},"content":{"rendered":"<p>Wassertemperaturanzeiger ECMS Schwarz-Chromiert 40-120 Grad 52 mm &#8211; <\/p>\n<p>Ecms Black Chrome 12\/24V Instrumente mit verkabeltem Molex-Stecker. Polierter Edelstahlrahmen und schwarzes Zifferblatt. Wasserdicht mit IP67 gesch\u00fctzter gew\u00f6lbter, fog-resistant Linse. Anpassbares, mehrfarbiges LED-hintergrundbeleuchtetes Zifferblatt. Die Pegelanzeigen k\u00f6nnen mit dem Konfigurationsknopf auf der R\u00fcckseite auf jeden Impedanzwert eingestellt werden. Sie sind werkseitig auf den Standardwert von 0-190 Ohm voreingestellt. Die 5- und 10-Bar-\u00d6ldruckanzeigen sind mit Standard-Sensoren (10-180 Ohm) kompatibel, w\u00e4hrend der 30-Bar-Druckgeber nur mit elektronischen Sensoren (0,5-4,5V) kompatibel ist. Die Amperemeter sind mit einem Sensor (Shunt) ausgestattet, um den Strom zu messen.<\/p>\n","protected":false},"excerpt":{"rendered":"<p>Wassertemperaturanzeiger ECMS Schwarz-Chromiert 40-120 Grad 52 mm &#8211; Ecms Black Chrome 12\/24V Instrumente mit verkabeltem Molex-Stecker. Polierter Edelstahlrahmen und schwarzes<\/p>\n","protected":false},"featured_media":5942305,"comment_status":"closed","ping_status":"closed","template":"","meta":[],"product_brand":[2910],"product_cat":[1524],"product_tag":[],"class_list":{"0":"post-3417608","1":"product","2":"type-product","3":"status-publish","4":"has-post-thumbnail","6":"product_brand-ecms-marine-de","7":"product_cat-ecms-messgeraete","9":"first","10":"instock","11":"shipping-taxable","12":"purchasable","13":"product-type-simple"},"_links":{"self":[{"href":"https:\/\/stoic-curie.212-227-153-4.plesk.page\/de\/wp-json\/wp\/v2\/product\/3417608","targetHints":{"allow":["GET"]}}],"collection":[{"href":"https:\/\/stoic-curie.212-227-153-4.plesk.page\/de\/wp-json\/wp\/v2\/product"}],"about":[{"href":"https:\/\/stoic-curie.212-227-153-4.plesk.page\/de\/wp-json\/wp\/v2\/types\/product"}],"replies":[{"embeddable":true,"href":"https:\/\/stoic-curie.212-227-153-4.plesk.page\/de\/wp-json\/wp\/v2\/comments?post=3417608"}],"version-history":[{"count":0,"href":"https:\/\/stoic-curie.212-227-153-4.plesk.page\/de\/wp-json\/wp\/v2\/product\/3417608\/revisions"}],"wp:featuredmedia":[{"embeddable":true,"href":"https:\/\/stoic-curie.212-227-153-4.plesk.page\/de\/wp-json\/wp\/v2\/media\/5942305"}],"wp:attachment":[{"href":"https:\/\/stoic-curie.212-227-153-4.plesk.page\/de\/wp-json\/wp\/v2\/media?parent=3417608"}],"wp:term":[{"taxonomy":"product_brand","embeddable":true,"href":"https:\/\/stoic-curie.212-227-153-4.plesk.page\/de\/wp-json\/wp\/v2\/product_brand?post=3417608"},{"taxonomy":"product_cat","embeddable":true,"href":"https:\/\/stoic-curie.212-227-153-4.plesk.page\/de\/wp-json\/wp\/v2\/product_cat?post=3417608"},{"taxonomy":"product_tag","embeddable":true,"href":"https:\/\/stoic-curie.212-227-153-4.plesk.page\/de\/wp-json\/wp\/v2\/product_tag?post=3417608"}],"curies":[{"name":"wp","href":"https:\/\/api.w.org\/{rel}","templated":true}]}}