{"id":3417610,"date":"2025-10-09T22:48:02","date_gmt":"2025-10-10T02:48:02","guid":{"rendered":"https:\/\/stoic-curie.212-227-153-4.plesk.page\/product\/oeldruckmessgeraet-ecms-weiss-chrom-0-5-bar-52-mm\/"},"modified":"2026-02-24T23:34:58","modified_gmt":"2026-02-24T23:34:58","slug":"oeldruckmessgeraet-ecms-weiss-chrom-0-5-bar-52-mm","status":"publish","type":"product","link":"https:\/\/stoic-curie.212-227-153-4.plesk.page\/de\/product\/oeldruckmessgeraet-ecms-weiss-chrom-0-5-bar-52-mm\/","title":{"rendered":"\u00d6ldruckmessger\u00e4t ECMS Wei\u00df Chrom 0-5 bar 52 mm"},"content":{"rendered":"<p>\u00d6ldruckmessger\u00e4t ECMS Wei\u00df Chrom 0-5 bar 52 mm &#8211; <\/p>\n<p>Ecms White Chrome 12\/24V Anzeigen, komplett mit verdrahtetem Molex-Stecker. Polierter Edelstahlrahmen und wei\u00dfes Zifferblatt. Wasserdichtes IP67-gesch\u00fctztes kuppelf\u00f6rmiges und beschlagfreies Glas. Anpassbares mehrfarbiges LED-hintergrundbeleuchtetes Zifferblatt. Die Niveauanzeigen k\u00f6nnen mit der R\u00fcckkonfigurations-Taste auf jeden Impedanzwert eingestellt werden. Sie sind auf den Standardwert von 0-190 Ohm voreingestellt. Die \u00d6ldruckanzeigen mit 5 und 10 bar sind mit Standard-Sensoren (10-180 Ohm) kompatibel, w\u00e4hrend die 30-bar-Anzeige nur mit elektronic Sensors (0,5-4,5 V) kompatibel ist. Die Amperemeter sind mit einem Sensor (Shunt) ausgestattet, um den Strom zu messen.<\/p>\n","protected":false},"excerpt":{"rendered":"<p>\u00d6ldruckmessger\u00e4t ECMS Wei\u00df Chrom 0-5 bar 52 mm &#8211; Ecms White Chrome 12\/24V Anzeigen, komplett mit verdrahtetem Molex-Stecker. Polierter Edelstahlrahmen<\/p>\n","protected":false},"featured_media":5942294,"comment_status":"closed","ping_status":"closed","template":"","meta":[],"product_brand":[2910],"product_cat":[1524],"product_tag":[],"class_list":{"0":"post-3417610","1":"product","2":"type-product","3":"status-publish","4":"has-post-thumbnail","6":"product_brand-ecms-marine-de","7":"product_cat-ecms-messgeraete","9":"first","10":"instock","11":"shipping-taxable","12":"purchasable","13":"product-type-simple"},"_links":{"self":[{"href":"https:\/\/stoic-curie.212-227-153-4.plesk.page\/de\/wp-json\/wp\/v2\/product\/3417610","targetHints":{"allow":["GET"]}}],"collection":[{"href":"https:\/\/stoic-curie.212-227-153-4.plesk.page\/de\/wp-json\/wp\/v2\/product"}],"about":[{"href":"https:\/\/stoic-curie.212-227-153-4.plesk.page\/de\/wp-json\/wp\/v2\/types\/product"}],"replies":[{"embeddable":true,"href":"https:\/\/stoic-curie.212-227-153-4.plesk.page\/de\/wp-json\/wp\/v2\/comments?post=3417610"}],"version-history":[{"count":0,"href":"https:\/\/stoic-curie.212-227-153-4.plesk.page\/de\/wp-json\/wp\/v2\/product\/3417610\/revisions"}],"wp:featuredmedia":[{"embeddable":true,"href":"https:\/\/stoic-curie.212-227-153-4.plesk.page\/de\/wp-json\/wp\/v2\/media\/5942294"}],"wp:attachment":[{"href":"https:\/\/stoic-curie.212-227-153-4.plesk.page\/de\/wp-json\/wp\/v2\/media?parent=3417610"}],"wp:term":[{"taxonomy":"product_brand","embeddable":true,"href":"https:\/\/stoic-curie.212-227-153-4.plesk.page\/de\/wp-json\/wp\/v2\/product_brand?post=3417610"},{"taxonomy":"product_cat","embeddable":true,"href":"https:\/\/stoic-curie.212-227-153-4.plesk.page\/de\/wp-json\/wp\/v2\/product_cat?post=3417610"},{"taxonomy":"product_tag","embeddable":true,"href":"https:\/\/stoic-curie.212-227-153-4.plesk.page\/de\/wp-json\/wp\/v2\/product_tag?post=3417610"}],"curies":[{"name":"wp","href":"https:\/\/api.w.org\/{rel}","templated":true}]}}