{"id":3417648,"date":"2025-10-09T22:48:03","date_gmt":"2025-10-10T02:48:03","guid":{"rendered":"https:\/\/stoic-curie.212-227-153-4.plesk.page\/product\/ecms-voltmeter-12v-weiss-52-mm-8-32v\/"},"modified":"2026-02-24T23:34:58","modified_gmt":"2026-02-24T23:34:58","slug":"ecms-voltmeter-12v-weiss-52-mm-8-32v","status":"publish","type":"product","link":"https:\/\/stoic-curie.212-227-153-4.plesk.page\/de\/product\/ecms-voltmeter-12v-weiss-52-mm-8-32v\/","title":{"rendered":"ECMS Voltmeter 12V Wei\u00df 52 mm 8-32V"},"content":{"rendered":"<p>ECMS Voltmeter 12V Wei\u00df 52 mm 8-32V &#8211; <\/p>\n<p>Ecms Wei\u00dfe Chrom 12\/24V Anzeigen mit verdrahtetem Molex-Stecker. \u041f\u043e\u043bierter Edelstahlrahmen und wei\u00dfe Ziffer. Wasserdichtes und IP67-gesch\u00fctztes kuppelformiges, nebelbest\u00e4ndiges Glas. Anpassbare mehrfarbige LED-hintergrundbeleuchtete Anzeige. Die Niveaumessger\u00e4te k\u00f6nnen mit der R\u00fcckkonfigurationstaste auf jeden Impedanzwert eingestellt werden. Sie sind standardm\u00e4\u00dfig auf den Wert 0-190 Ohm voreingestellt. Die 5 und 10 bar \u00d6lmanometer sind mit Standard-Sensoren (10-180 Ohm) kompatibel, w\u00e4hrend das 30 bar nur mit elektronischen Sensoren (0,5-4,5V) kompatibel ist. Die Amperemeter werden mit Sensor (Shunt) geliefert, um den Strom zu messen.<\/p>\n","protected":false},"excerpt":{"rendered":"<p>ECMS Voltmeter 12V Wei\u00df 52 mm 8-32V &#8211; Ecms Wei\u00dfe Chrom 12\/24V Anzeigen mit verdrahtetem Molex-Stecker. \u041f\u043e\u043bierter Edelstahlrahmen und wei\u00dfe<\/p>\n","protected":false},"featured_media":5942294,"comment_status":"closed","ping_status":"closed","template":"","meta":[],"product_brand":[2910],"product_cat":[1442,1524],"product_tag":[],"class_list":{"0":"post-3417648","1":"product","2":"type-product","3":"status-publish","4":"has-post-thumbnail","6":"product_brand-ecms-marine-de","7":"product_cat-bootsbatterien","8":"product_cat-ecms-messgeraete","10":"first","11":"instock","12":"shipping-taxable","13":"purchasable","14":"product-type-simple"},"_links":{"self":[{"href":"https:\/\/stoic-curie.212-227-153-4.plesk.page\/de\/wp-json\/wp\/v2\/product\/3417648","targetHints":{"allow":["GET"]}}],"collection":[{"href":"https:\/\/stoic-curie.212-227-153-4.plesk.page\/de\/wp-json\/wp\/v2\/product"}],"about":[{"href":"https:\/\/stoic-curie.212-227-153-4.plesk.page\/de\/wp-json\/wp\/v2\/types\/product"}],"replies":[{"embeddable":true,"href":"https:\/\/stoic-curie.212-227-153-4.plesk.page\/de\/wp-json\/wp\/v2\/comments?post=3417648"}],"version-history":[{"count":0,"href":"https:\/\/stoic-curie.212-227-153-4.plesk.page\/de\/wp-json\/wp\/v2\/product\/3417648\/revisions"}],"wp:featuredmedia":[{"embeddable":true,"href":"https:\/\/stoic-curie.212-227-153-4.plesk.page\/de\/wp-json\/wp\/v2\/media\/5942294"}],"wp:attachment":[{"href":"https:\/\/stoic-curie.212-227-153-4.plesk.page\/de\/wp-json\/wp\/v2\/media?parent=3417648"}],"wp:term":[{"taxonomy":"product_brand","embeddable":true,"href":"https:\/\/stoic-curie.212-227-153-4.plesk.page\/de\/wp-json\/wp\/v2\/product_brand?post=3417648"},{"taxonomy":"product_cat","embeddable":true,"href":"https:\/\/stoic-curie.212-227-153-4.plesk.page\/de\/wp-json\/wp\/v2\/product_cat?post=3417648"},{"taxonomy":"product_tag","embeddable":true,"href":"https:\/\/stoic-curie.212-227-153-4.plesk.page\/de\/wp-json\/wp\/v2\/product_tag?post=3417648"}],"curies":[{"name":"wp","href":"https:\/\/api.w.org\/{rel}","templated":true}]}}