{"id":3417804,"date":"2025-10-09T22:48:08","date_gmt":"2025-10-10T02:48:08","guid":{"rendered":"https:\/\/stoic-curie.212-227-153-4.plesk.page\/product\/elektrischer-sicherungskasten-fuer-6-flachsicherungen-led-anzeige\/"},"modified":"2026-02-24T23:34:58","modified_gmt":"2026-02-24T23:34:58","slug":"elektrischer-sicherungskasten-fuer-6-flachsicherungen-led-anzeige","status":"publish","type":"product","link":"https:\/\/stoic-curie.212-227-153-4.plesk.page\/de\/product\/elektrischer-sicherungskasten-fuer-6-flachsicherungen-led-anzeige\/","title":{"rendered":"Elektrischer Sicherungskasten f\u00fcr 6 Flachsicherungen (LED-Anzeige)"},"content":{"rendered":"<p>Elektrischer Sicherungskasten f\u00fcr 6 Flachsicherungen (LED-Anzeige) &#8211; <\/p>\n<p>Standard Midi-Klinge-Sicherung modularen Bl\u00f6cke mit LED-Anzeige, die aktiviert wird, wenn die Sicherung durchgebrannt ist. Ausgestattet mit Platz f\u00fcr 2 Ersatzsicherungen, Schutzabdeckung und 60 Etikettenaufkleber. Das ineinandergreifende Modul erm\u00f6glicht das Anschlie\u00dfen von 6 Stromkreisen an die modularen Halter, die kombiniert werden k\u00f6nnen. Set von zwei 2101683 Sicherungsboxen ist erh\u00e4ltlich.<\/p>\n","protected":false},"excerpt":{"rendered":"<p>Elektrischer Sicherungskasten f\u00fcr 6 Flachsicherungen (LED-Anzeige) &#8211; Standard Midi-Klinge-Sicherung modularen Bl\u00f6cke mit LED-Anzeige, die aktiviert wird, wenn die Sicherung durchgebrannt<\/p>\n","protected":false},"featured_media":5942491,"comment_status":"closed","ping_status":"closed","template":"","meta":[],"product_brand":[2830],"product_cat":[1453],"product_tag":[],"class_list":{"0":"post-3417804","1":"product","2":"type-product","3":"status-publish","4":"has-post-thumbnail","6":"product_brand-blue-sea-systems-de","7":"product_cat-elektrozubehoer","9":"first","10":"instock","11":"shipping-taxable","12":"purchasable","13":"product-type-simple"},"_links":{"self":[{"href":"https:\/\/stoic-curie.212-227-153-4.plesk.page\/de\/wp-json\/wp\/v2\/product\/3417804","targetHints":{"allow":["GET"]}}],"collection":[{"href":"https:\/\/stoic-curie.212-227-153-4.plesk.page\/de\/wp-json\/wp\/v2\/product"}],"about":[{"href":"https:\/\/stoic-curie.212-227-153-4.plesk.page\/de\/wp-json\/wp\/v2\/types\/product"}],"replies":[{"embeddable":true,"href":"https:\/\/stoic-curie.212-227-153-4.plesk.page\/de\/wp-json\/wp\/v2\/comments?post=3417804"}],"version-history":[{"count":0,"href":"https:\/\/stoic-curie.212-227-153-4.plesk.page\/de\/wp-json\/wp\/v2\/product\/3417804\/revisions"}],"wp:featuredmedia":[{"embeddable":true,"href":"https:\/\/stoic-curie.212-227-153-4.plesk.page\/de\/wp-json\/wp\/v2\/media\/5942491"}],"wp:attachment":[{"href":"https:\/\/stoic-curie.212-227-153-4.plesk.page\/de\/wp-json\/wp\/v2\/media?parent=3417804"}],"wp:term":[{"taxonomy":"product_brand","embeddable":true,"href":"https:\/\/stoic-curie.212-227-153-4.plesk.page\/de\/wp-json\/wp\/v2\/product_brand?post=3417804"},{"taxonomy":"product_cat","embeddable":true,"href":"https:\/\/stoic-curie.212-227-153-4.plesk.page\/de\/wp-json\/wp\/v2\/product_cat?post=3417804"},{"taxonomy":"product_tag","embeddable":true,"href":"https:\/\/stoic-curie.212-227-153-4.plesk.page\/de\/wp-json\/wp\/v2\/product_tag?post=3417804"}],"curies":[{"name":"wp","href":"https:\/\/api.w.org\/{rel}","templated":true}]}}