{"id":3417814,"date":"2025-10-09T22:48:08","date_gmt":"2025-10-10T02:48:08","guid":{"rendered":"https:\/\/stoic-curie.212-227-153-4.plesk.page\/product\/schwarze-anschluesse-mit-m8-gewindebolzen-fuer-elektrische-kabelverbindungen\/"},"modified":"2026-02-24T23:34:58","modified_gmt":"2026-02-24T23:34:58","slug":"schwarze-anschluesse-mit-m8-gewindebolzen-fuer-elektrische-kabelverbindungen","status":"publish","type":"product","link":"https:\/\/stoic-curie.212-227-153-4.plesk.page\/de\/product\/schwarze-anschluesse-mit-m8-gewindebolzen-fuer-elektrische-kabelverbindungen\/","title":{"rendered":"Schwarze Anschl\u00fcsse mit M8 Gewindebolzen f\u00fcr elektrische Kabelverbindungen"},"content":{"rendered":"<p>Schwarze Anschl\u00fcsse mit M8 Gewindebolzen f\u00fcr elektrische Kabelverbindungen &#8211; <\/p>\n<p>Isolierte Basisterminalbolzen mit M8 oder M10 Edelstahl-Gewindepinne. Abmessungen 46 mm x 43 mm x H33 mm.<\/p>\n","protected":false},"excerpt":{"rendered":"<p>Schwarze Anschl\u00fcsse mit M8 Gewindebolzen f\u00fcr elektrische Kabelverbindungen &#8211; Isolierte Basisterminalbolzen mit M8 oder M10 Edelstahl-Gewindepinne. Abmessungen 46 mm x<\/p>\n","protected":false},"featured_media":5942495,"comment_status":"closed","ping_status":"closed","template":"","meta":[],"product_brand":[2830],"product_cat":[1465,1453],"product_tag":[],"class_list":{"0":"post-3417814","1":"product","2":"type-product","3":"status-publish","4":"has-post-thumbnail","6":"product_brand-blue-sea-systems-de","7":"product_cat-bootsbatteriekabel-und-klemmen","8":"product_cat-elektrozubehoer","10":"first","11":"instock","12":"shipping-taxable","13":"purchasable","14":"product-type-simple"},"_links":{"self":[{"href":"https:\/\/stoic-curie.212-227-153-4.plesk.page\/de\/wp-json\/wp\/v2\/product\/3417814","targetHints":{"allow":["GET"]}}],"collection":[{"href":"https:\/\/stoic-curie.212-227-153-4.plesk.page\/de\/wp-json\/wp\/v2\/product"}],"about":[{"href":"https:\/\/stoic-curie.212-227-153-4.plesk.page\/de\/wp-json\/wp\/v2\/types\/product"}],"replies":[{"embeddable":true,"href":"https:\/\/stoic-curie.212-227-153-4.plesk.page\/de\/wp-json\/wp\/v2\/comments?post=3417814"}],"version-history":[{"count":0,"href":"https:\/\/stoic-curie.212-227-153-4.plesk.page\/de\/wp-json\/wp\/v2\/product\/3417814\/revisions"}],"wp:featuredmedia":[{"embeddable":true,"href":"https:\/\/stoic-curie.212-227-153-4.plesk.page\/de\/wp-json\/wp\/v2\/media\/5942495"}],"wp:attachment":[{"href":"https:\/\/stoic-curie.212-227-153-4.plesk.page\/de\/wp-json\/wp\/v2\/media?parent=3417814"}],"wp:term":[{"taxonomy":"product_brand","embeddable":true,"href":"https:\/\/stoic-curie.212-227-153-4.plesk.page\/de\/wp-json\/wp\/v2\/product_brand?post=3417814"},{"taxonomy":"product_cat","embeddable":true,"href":"https:\/\/stoic-curie.212-227-153-4.plesk.page\/de\/wp-json\/wp\/v2\/product_cat?post=3417814"},{"taxonomy":"product_tag","embeddable":true,"href":"https:\/\/stoic-curie.212-227-153-4.plesk.page\/de\/wp-json\/wp\/v2\/product_tag?post=3417814"}],"curies":[{"name":"wp","href":"https:\/\/api.w.org\/{rel}","templated":true}]}}