{"id":3417858,"date":"2025-10-09T22:48:10","date_gmt":"2025-10-10T02:48:10","guid":{"rendered":"https:\/\/stoic-curie.212-227-153-4.plesk.page\/product\/wasserglaeser-mb-bali-9-cm-x-h10-cm-6-stueck\/"},"modified":"2026-02-24T23:34:58","modified_gmt":"2026-02-24T23:34:58","slug":"wasserglaeser-mb-bali-9-cm-x-h10-cm-6-stueck","status":"publish","type":"product","link":"https:\/\/stoic-curie.212-227-153-4.plesk.page\/de\/product\/wasserglaeser-mb-bali-9-cm-x-h10-cm-6-stueck\/","title":{"rendered":"Wassergl\u00e4ser MB Bali, 9 cm x H10 cm, 6 St\u00fcck"},"content":{"rendered":"<p>Wassergl\u00e4ser MB Bali, 9 cm x H10 cm, 6 St\u00fcck &#8211; <\/p>\n<p>Bali dekoriertes Wasserglas. Hergestellt aus 100 % zertifiziert lebensmittelsicherem Tritan. Sp\u00fclmaschinenfest, unzerbrechlich und fleckenfrei. 6 St\u00fcck pro Packung.<\/p>\n","protected":false},"excerpt":{"rendered":"<p>Wassergl\u00e4ser MB Bali, 9 cm x H10 cm, 6 St\u00fcck &#8211; Bali dekoriertes Wasserglas. Hergestellt aus 100 % zertifiziert lebensmittelsicherem<\/p>\n","protected":false},"featured_media":5942508,"comment_status":"closed","ping_status":"closed","template":"","meta":[],"product_brand":[3110],"product_cat":[1358],"product_tag":[],"class_list":{"0":"post-3417858","1":"product","2":"type-product","3":"status-publish","4":"has-post-thumbnail","6":"product_brand-marine-business-mb-de","7":"product_cat-bootsgeschirr","9":"first","10":"instock","11":"shipping-taxable","12":"purchasable","13":"product-type-simple"},"_links":{"self":[{"href":"https:\/\/stoic-curie.212-227-153-4.plesk.page\/de\/wp-json\/wp\/v2\/product\/3417858","targetHints":{"allow":["GET"]}}],"collection":[{"href":"https:\/\/stoic-curie.212-227-153-4.plesk.page\/de\/wp-json\/wp\/v2\/product"}],"about":[{"href":"https:\/\/stoic-curie.212-227-153-4.plesk.page\/de\/wp-json\/wp\/v2\/types\/product"}],"replies":[{"embeddable":true,"href":"https:\/\/stoic-curie.212-227-153-4.plesk.page\/de\/wp-json\/wp\/v2\/comments?post=3417858"}],"version-history":[{"count":0,"href":"https:\/\/stoic-curie.212-227-153-4.plesk.page\/de\/wp-json\/wp\/v2\/product\/3417858\/revisions"}],"wp:featuredmedia":[{"embeddable":true,"href":"https:\/\/stoic-curie.212-227-153-4.plesk.page\/de\/wp-json\/wp\/v2\/media\/5942508"}],"wp:attachment":[{"href":"https:\/\/stoic-curie.212-227-153-4.plesk.page\/de\/wp-json\/wp\/v2\/media?parent=3417858"}],"wp:term":[{"taxonomy":"product_brand","embeddable":true,"href":"https:\/\/stoic-curie.212-227-153-4.plesk.page\/de\/wp-json\/wp\/v2\/product_brand?post=3417858"},{"taxonomy":"product_cat","embeddable":true,"href":"https:\/\/stoic-curie.212-227-153-4.plesk.page\/de\/wp-json\/wp\/v2\/product_cat?post=3417858"},{"taxonomy":"product_tag","embeddable":true,"href":"https:\/\/stoic-curie.212-227-153-4.plesk.page\/de\/wp-json\/wp\/v2\/product_tag?post=3417858"}],"curies":[{"name":"wp","href":"https:\/\/api.w.org\/{rel}","templated":true}]}}