{"id":3417973,"date":"2025-10-09T22:48:13","date_gmt":"2025-10-10T02:48:13","guid":{"rendered":"https:\/\/stoic-curie.212-227-153-4.plesk.page\/product\/oel-und-kraftstoff-tubularabsorber-8x240-cm\/"},"modified":"2026-02-24T23:34:58","modified_gmt":"2026-02-24T23:34:58","slug":"oel-und-kraftstoff-tubularabsorber-8x240-cm","status":"publish","type":"product","link":"https:\/\/stoic-curie.212-227-153-4.plesk.page\/de\/product\/oel-und-kraftstoff-tubularabsorber-8x240-cm\/","title":{"rendered":"\u00d6l- und Kraftstoff-Tubularabsorber 8&#215;240 cm"},"content":{"rendered":"<p>\u00d6l- und Kraftstoff-Tubularabsorber 8&#215;240 cm &#8211; <\/p>\n<p>Besondere absorbierende R\u00f6hren, die \u00d6l und Kraftstoff aufnehmen, aber Wasser abweisen. Sie k\u00f6nnen das 20-fache ihres Gewichts an \u00d6l oder Kraftstoff aufnehmen. Ideal f\u00fcr den Gebrauch bei der Betankung oder dem \u00d6lwechsel, um zu verhindern, dass Treibstoff oder \u00d6l ins umliegende Wasser gelangen.<\/p>\n","protected":false},"excerpt":{"rendered":"<p>\u00d6l- und Kraftstoff-Tubularabsorber 8&#215;240 cm &#8211; Besondere absorbierende R\u00f6hren, die \u00d6l und Kraftstoff aufnehmen, aber Wasser abweisen. Sie k\u00f6nnen das<\/p>\n","protected":false},"featured_media":5942527,"comment_status":"closed","ping_status":"closed","template":"","meta":[],"product_brand":[2870],"product_cat":[1343,1344],"product_tag":[],"class_list":{"0":"post-3417973","1":"product","2":"type-product","3":"status-publish","4":"has-post-thumbnail","6":"product_brand-crc-marine-de","7":"product_cat-oel-und-kraftstoffabsorber","8":"product_cat-werkzeuge-fuer-die-reinigung","10":"first","11":"instock","12":"shipping-taxable","13":"purchasable","14":"product-type-simple"},"_links":{"self":[{"href":"https:\/\/stoic-curie.212-227-153-4.plesk.page\/de\/wp-json\/wp\/v2\/product\/3417973","targetHints":{"allow":["GET"]}}],"collection":[{"href":"https:\/\/stoic-curie.212-227-153-4.plesk.page\/de\/wp-json\/wp\/v2\/product"}],"about":[{"href":"https:\/\/stoic-curie.212-227-153-4.plesk.page\/de\/wp-json\/wp\/v2\/types\/product"}],"replies":[{"embeddable":true,"href":"https:\/\/stoic-curie.212-227-153-4.plesk.page\/de\/wp-json\/wp\/v2\/comments?post=3417973"}],"version-history":[{"count":0,"href":"https:\/\/stoic-curie.212-227-153-4.plesk.page\/de\/wp-json\/wp\/v2\/product\/3417973\/revisions"}],"wp:featuredmedia":[{"embeddable":true,"href":"https:\/\/stoic-curie.212-227-153-4.plesk.page\/de\/wp-json\/wp\/v2\/media\/5942527"}],"wp:attachment":[{"href":"https:\/\/stoic-curie.212-227-153-4.plesk.page\/de\/wp-json\/wp\/v2\/media?parent=3417973"}],"wp:term":[{"taxonomy":"product_brand","embeddable":true,"href":"https:\/\/stoic-curie.212-227-153-4.plesk.page\/de\/wp-json\/wp\/v2\/product_brand?post=3417973"},{"taxonomy":"product_cat","embeddable":true,"href":"https:\/\/stoic-curie.212-227-153-4.plesk.page\/de\/wp-json\/wp\/v2\/product_cat?post=3417973"},{"taxonomy":"product_tag","embeddable":true,"href":"https:\/\/stoic-curie.212-227-153-4.plesk.page\/de\/wp-json\/wp\/v2\/product_tag?post=3417973"}],"curies":[{"name":"wp","href":"https:\/\/api.w.org\/{rel}","templated":true}]}}