{"id":3418076,"date":"2025-10-09T22:48:16","date_gmt":"2025-10-10T02:48:16","guid":{"rendered":"https:\/\/stoic-curie.212-227-153-4.plesk.page\/product\/guertelschneider-zubehoerklinge-fuer-seilschneider-fusion-pro\/"},"modified":"2026-02-24T23:34:58","modified_gmt":"2026-02-24T23:34:58","slug":"guertelschneider-zubehoerklinge-fuer-seilschneider-fusion-pro","status":"publish","type":"product","link":"https:\/\/stoic-curie.212-227-153-4.plesk.page\/de\/product\/guertelschneider-zubehoerklinge-fuer-seilschneider-fusion-pro\/","title":{"rendered":"G\u00fcrtelschneider Zubeh\u00f6rklinge f\u00fcr Seilschneider Fusion Pro"},"content":{"rendered":"<p>G\u00fcrtelschneider Zubeh\u00f6rklinge f\u00fcr Seilschneider Fusion Pro &#8211; <\/p>\n<p>Tragbarer kabelloser, wiederaufladbarer Akku-Seilenschneider. Erreicht in wenigen Sekunden 400\u00b0C und schneidet schnell auch dicke Seile, Schn\u00fcre und Kabel. Eignet sich auch zum Schneiden von Segeln, Markisen, G\u00fcrteln, B\u00e4ndern und jeder Art von synthetischem Gewebe. Komplett mit Klinge, Reinigungsb\u00fcrste, wiederaufladbarem Akku und Ladeger\u00e4t. Wird mit einer tragbaren Werkzeugkiste geliefert.<\/p>\n","protected":false},"excerpt":{"rendered":"<p>G\u00fcrtelschneider Zubeh\u00f6rklinge f\u00fcr Seilschneider Fusion Pro &#8211; Tragbarer kabelloser, wiederaufladbarer Akku-Seilenschneider. Erreicht in wenigen Sekunden 400\u00b0C und schneidet schnell auch<\/p>\n","protected":false},"featured_media":5939683,"comment_status":"closed","ping_status":"closed","template":"","meta":[],"product_brand":[3065],"product_cat":[1326],"product_tag":[],"class_list":{"0":"post-3418076","1":"product","2":"type-product","3":"status-publish","4":"has-post-thumbnail","6":"product_brand-liros-de","7":"product_cat-splicing-werkzeuge","9":"first","10":"instock","11":"shipping-taxable","12":"purchasable","13":"product-type-simple"},"_links":{"self":[{"href":"https:\/\/stoic-curie.212-227-153-4.plesk.page\/de\/wp-json\/wp\/v2\/product\/3418076","targetHints":{"allow":["GET"]}}],"collection":[{"href":"https:\/\/stoic-curie.212-227-153-4.plesk.page\/de\/wp-json\/wp\/v2\/product"}],"about":[{"href":"https:\/\/stoic-curie.212-227-153-4.plesk.page\/de\/wp-json\/wp\/v2\/types\/product"}],"replies":[{"embeddable":true,"href":"https:\/\/stoic-curie.212-227-153-4.plesk.page\/de\/wp-json\/wp\/v2\/comments?post=3418076"}],"version-history":[{"count":0,"href":"https:\/\/stoic-curie.212-227-153-4.plesk.page\/de\/wp-json\/wp\/v2\/product\/3418076\/revisions"}],"wp:featuredmedia":[{"embeddable":true,"href":"https:\/\/stoic-curie.212-227-153-4.plesk.page\/de\/wp-json\/wp\/v2\/media\/5939683"}],"wp:attachment":[{"href":"https:\/\/stoic-curie.212-227-153-4.plesk.page\/de\/wp-json\/wp\/v2\/media?parent=3418076"}],"wp:term":[{"taxonomy":"product_brand","embeddable":true,"href":"https:\/\/stoic-curie.212-227-153-4.plesk.page\/de\/wp-json\/wp\/v2\/product_brand?post=3418076"},{"taxonomy":"product_cat","embeddable":true,"href":"https:\/\/stoic-curie.212-227-153-4.plesk.page\/de\/wp-json\/wp\/v2\/product_cat?post=3418076"},{"taxonomy":"product_tag","embeddable":true,"href":"https:\/\/stoic-curie.212-227-153-4.plesk.page\/de\/wp-json\/wp\/v2\/product_tag?post=3418076"}],"curies":[{"name":"wp","href":"https:\/\/api.w.org\/{rel}","templated":true}]}}