{"id":3418116,"date":"2025-10-09T22:48:18","date_gmt":"2025-10-10T02:48:18","guid":{"rendered":"https:\/\/stoic-curie.212-227-153-4.plesk.page\/product\/sidepower-led-navigationslichter-paar\/"},"modified":"2026-02-24T23:34:58","modified_gmt":"2026-02-24T23:34:58","slug":"sidepower-led-navigationslichter-paar","status":"publish","type":"product","link":"https:\/\/stoic-curie.212-227-153-4.plesk.page\/de\/product\/sidepower-led-navigationslichter-paar\/","title":{"rendered":"SidePower LED-Navigationslichter, Paar"},"content":{"rendered":"<p>SidePower LED-Navigationslichter, Paar &#8211; <\/p>\n<p>Verst\u00e4rktes Kunststoffgeh\u00e4use f\u00fcr ein Paar Navigations-LED-Lichter. Entspricht den Anforderungen CE\/IMO\/COLREG 72\/ABYC\/NMMA. Abmessungen: 100 x 60 x H36 mm.<\/p>\n","protected":false},"excerpt":{"rendered":"<p>SidePower LED-Navigationslichter, Paar &#8211; Verst\u00e4rktes Kunststoffgeh\u00e4use f\u00fcr ein Paar Navigations-LED-Lichter. Entspricht den Anforderungen CE\/IMO\/COLREG 72\/ABYC\/NMMA. Abmessungen: 100 x 60 x<\/p>\n","protected":false},"featured_media":5942553,"comment_status":"closed","ping_status":"closed","template":"","meta":[],"product_brand":[3235],"product_cat":[1449],"product_tag":[],"class_list":{"0":"post-3418116","1":"product","2":"type-product","3":"status-publish","4":"has-post-thumbnail","6":"product_brand-osculati-de","7":"product_cat-led-navigationslichter","9":"first","10":"instock","11":"shipping-taxable","12":"purchasable","13":"product-type-simple"},"_links":{"self":[{"href":"https:\/\/stoic-curie.212-227-153-4.plesk.page\/de\/wp-json\/wp\/v2\/product\/3418116","targetHints":{"allow":["GET"]}}],"collection":[{"href":"https:\/\/stoic-curie.212-227-153-4.plesk.page\/de\/wp-json\/wp\/v2\/product"}],"about":[{"href":"https:\/\/stoic-curie.212-227-153-4.plesk.page\/de\/wp-json\/wp\/v2\/types\/product"}],"replies":[{"embeddable":true,"href":"https:\/\/stoic-curie.212-227-153-4.plesk.page\/de\/wp-json\/wp\/v2\/comments?post=3418116"}],"version-history":[{"count":0,"href":"https:\/\/stoic-curie.212-227-153-4.plesk.page\/de\/wp-json\/wp\/v2\/product\/3418116\/revisions"}],"wp:featuredmedia":[{"embeddable":true,"href":"https:\/\/stoic-curie.212-227-153-4.plesk.page\/de\/wp-json\/wp\/v2\/media\/5942553"}],"wp:attachment":[{"href":"https:\/\/stoic-curie.212-227-153-4.plesk.page\/de\/wp-json\/wp\/v2\/media?parent=3418116"}],"wp:term":[{"taxonomy":"product_brand","embeddable":true,"href":"https:\/\/stoic-curie.212-227-153-4.plesk.page\/de\/wp-json\/wp\/v2\/product_brand?post=3418116"},{"taxonomy":"product_cat","embeddable":true,"href":"https:\/\/stoic-curie.212-227-153-4.plesk.page\/de\/wp-json\/wp\/v2\/product_cat?post=3418116"},{"taxonomy":"product_tag","embeddable":true,"href":"https:\/\/stoic-curie.212-227-153-4.plesk.page\/de\/wp-json\/wp\/v2\/product_tag?post=3418116"}],"curies":[{"name":"wp","href":"https:\/\/api.w.org\/{rel}","templated":true}]}}