{"id":3418184,"date":"2025-10-09T22:48:20","date_gmt":"2025-10-10T02:48:20","guid":{"rendered":"https:\/\/stoic-curie.212-227-153-4.plesk.page\/product\/edelstahl-led-begruessungsleuchte-quick-tina-blau\/"},"modified":"2026-02-24T23:34:58","modified_gmt":"2026-02-24T23:34:58","slug":"edelstahl-led-begruessungsleuchte-quick-tina-blau","status":"publish","type":"product","link":"https:\/\/stoic-curie.212-227-153-4.plesk.page\/de\/product\/edelstahl-led-begruessungsleuchte-quick-tina-blau\/","title":{"rendered":"Edelstahl-LED-Begr\u00fc\u00dfungsleuchte Quick Tina Blau"},"content":{"rendered":"<p>Edelstahl-LED-Begr\u00fc\u00dfungsleuchte Quick Tina Blau &#8211; <\/p>\n<p>316 Edelstahl 0,24W IP65 Stahl LED Orientierungslicht f\u00fcr Innen- und Au\u00dfenbereiche. Unterputzmontage durch Druck. Universelle Spannung von 9-32V mit dimmbarem LED, das vor Spannungsspitzen und Verpolung gesch\u00fctzt ist.<\/p>\n","protected":false},"excerpt":{"rendered":"<p>Edelstahl-LED-Begr\u00fc\u00dfungsleuchte Quick Tina Blau &#8211; 316 Edelstahl 0,24W IP65 Stahl LED Orientierungslicht f\u00fcr Innen- und Au\u00dfenbereiche. Unterputzmontage durch Druck. Universelle<\/p>\n","protected":false},"featured_media":5940836,"comment_status":"closed","ping_status":"closed","template":"","meta":[],"product_brand":[3280],"product_cat":[1452,1443],"product_tag":[],"class_list":{"0":"post-3418184","1":"product","2":"type-product","3":"status-publish","4":"has-post-thumbnail","6":"product_brand-quick-de","7":"product_cat-bootsbeleuchtung","8":"product_cat-bootshinweislichter","10":"first","11":"instock","12":"shipping-taxable","13":"purchasable","14":"product-type-simple"},"_links":{"self":[{"href":"https:\/\/stoic-curie.212-227-153-4.plesk.page\/de\/wp-json\/wp\/v2\/product\/3418184","targetHints":{"allow":["GET"]}}],"collection":[{"href":"https:\/\/stoic-curie.212-227-153-4.plesk.page\/de\/wp-json\/wp\/v2\/product"}],"about":[{"href":"https:\/\/stoic-curie.212-227-153-4.plesk.page\/de\/wp-json\/wp\/v2\/types\/product"}],"replies":[{"embeddable":true,"href":"https:\/\/stoic-curie.212-227-153-4.plesk.page\/de\/wp-json\/wp\/v2\/comments?post=3418184"}],"version-history":[{"count":0,"href":"https:\/\/stoic-curie.212-227-153-4.plesk.page\/de\/wp-json\/wp\/v2\/product\/3418184\/revisions"}],"wp:featuredmedia":[{"embeddable":true,"href":"https:\/\/stoic-curie.212-227-153-4.plesk.page\/de\/wp-json\/wp\/v2\/media\/5940836"}],"wp:attachment":[{"href":"https:\/\/stoic-curie.212-227-153-4.plesk.page\/de\/wp-json\/wp\/v2\/media?parent=3418184"}],"wp:term":[{"taxonomy":"product_brand","embeddable":true,"href":"https:\/\/stoic-curie.212-227-153-4.plesk.page\/de\/wp-json\/wp\/v2\/product_brand?post=3418184"},{"taxonomy":"product_cat","embeddable":true,"href":"https:\/\/stoic-curie.212-227-153-4.plesk.page\/de\/wp-json\/wp\/v2\/product_cat?post=3418184"},{"taxonomy":"product_tag","embeddable":true,"href":"https:\/\/stoic-curie.212-227-153-4.plesk.page\/de\/wp-json\/wp\/v2\/product_tag?post=3418184"}],"curies":[{"name":"wp","href":"https:\/\/api.w.org\/{rel}","templated":true}]}}