{"id":3418186,"date":"2025-10-09T22:48:20","date_gmt":"2025-10-10T02:48:20","guid":{"rendered":"https:\/\/stoic-curie.212-227-153-4.plesk.page\/product\/led-hoeflichkeitsleuchte-quick-patricia-blau-19-x-h21-mm\/"},"modified":"2026-02-24T23:34:58","modified_gmt":"2026-02-24T23:34:58","slug":"led-hoeflichkeitsleuchte-quick-patricia-blau-19-x-h21-mm","status":"publish","type":"product","link":"https:\/\/stoic-curie.212-227-153-4.plesk.page\/de\/product\/led-hoeflichkeitsleuchte-quick-patricia-blau-19-x-h21-mm\/","title":{"rendered":"LED-H\u00f6flichkeitsleuchte Quick Patricia Blau 19 x H21 mm"},"content":{"rendered":"<p>LED-H\u00f6flichkeitsleuchte Quick Patricia Blau 19 x H21 mm &#8211; <\/p>\n<p>UV-stabilisiertes, schlagfestes Technopolymer-Geh\u00e4use, 0,24 W IP65 LED-Courtesy Light f\u00fcr Innen- und Au\u00dfenbereiche. Einbau mit Schrauben. Universelle Spannung von 9-32 V mit dimmbarer LED, die gegen Spannungsspitzen und -umkehrung gesch\u00fctzt ist.<\/p>\n","protected":false},"excerpt":{"rendered":"<p>LED-H\u00f6flichkeitsleuchte Quick Patricia Blau 19 x H21 mm &#8211; UV-stabilisiertes, schlagfestes Technopolymer-Geh\u00e4use, 0,24 W IP65 LED-Courtesy Light f\u00fcr Innen- und<\/p>\n","protected":false},"featured_media":5940840,"comment_status":"closed","ping_status":"closed","template":"","meta":[],"product_brand":[3280],"product_cat":[1452,1443],"product_tag":[],"class_list":{"0":"post-3418186","1":"product","2":"type-product","3":"status-publish","4":"has-post-thumbnail","6":"product_brand-quick-de","7":"product_cat-bootsbeleuchtung","8":"product_cat-bootshinweislichter","10":"first","11":"instock","12":"shipping-taxable","13":"purchasable","14":"product-type-simple"},"_links":{"self":[{"href":"https:\/\/stoic-curie.212-227-153-4.plesk.page\/de\/wp-json\/wp\/v2\/product\/3418186","targetHints":{"allow":["GET"]}}],"collection":[{"href":"https:\/\/stoic-curie.212-227-153-4.plesk.page\/de\/wp-json\/wp\/v2\/product"}],"about":[{"href":"https:\/\/stoic-curie.212-227-153-4.plesk.page\/de\/wp-json\/wp\/v2\/types\/product"}],"replies":[{"embeddable":true,"href":"https:\/\/stoic-curie.212-227-153-4.plesk.page\/de\/wp-json\/wp\/v2\/comments?post=3418186"}],"version-history":[{"count":0,"href":"https:\/\/stoic-curie.212-227-153-4.plesk.page\/de\/wp-json\/wp\/v2\/product\/3418186\/revisions"}],"wp:featuredmedia":[{"embeddable":true,"href":"https:\/\/stoic-curie.212-227-153-4.plesk.page\/de\/wp-json\/wp\/v2\/media\/5940840"}],"wp:attachment":[{"href":"https:\/\/stoic-curie.212-227-153-4.plesk.page\/de\/wp-json\/wp\/v2\/media?parent=3418186"}],"wp:term":[{"taxonomy":"product_brand","embeddable":true,"href":"https:\/\/stoic-curie.212-227-153-4.plesk.page\/de\/wp-json\/wp\/v2\/product_brand?post=3418186"},{"taxonomy":"product_cat","embeddable":true,"href":"https:\/\/stoic-curie.212-227-153-4.plesk.page\/de\/wp-json\/wp\/v2\/product_cat?post=3418186"},{"taxonomy":"product_tag","embeddable":true,"href":"https:\/\/stoic-curie.212-227-153-4.plesk.page\/de\/wp-json\/wp\/v2\/product_tag?post=3418186"}],"curies":[{"name":"wp","href":"https:\/\/api.w.org\/{rel}","templated":true}]}}