{"id":3418215,"date":"2025-10-09T22:48:21","date_gmt":"2025-10-10T02:48:21","guid":{"rendered":"https:\/\/stoic-curie.212-227-153-4.plesk.page\/product\/flexible-schwarze-schutzrohr-d50x120cm\/"},"modified":"2026-02-24T23:34:58","modified_gmt":"2026-02-24T23:34:58","slug":"flexible-schwarze-schutzrohr-d50x120cm","status":"publish","type":"product","link":"https:\/\/stoic-curie.212-227-153-4.plesk.page\/de\/product\/flexible-schwarze-schutzrohr-d50x120cm\/","title":{"rendered":"Flexible schwarze Schutzrohr D50x120cm"},"content":{"rendered":"<p>Flexible schwarze Schutzrohr D50x120cm &#8211; <\/p>\n<p>Helix-Spiralrohr f\u00fcr Durchf\u00fchrungen von flexiblen Steuerkabeln, Kabeln und Kraftstoffleitungen. Maximale Kr\u00fcmmungsradien von 15 cm.<\/p>\n","protected":false},"excerpt":{"rendered":"<p>Flexible schwarze Schutzrohr D50x120cm &#8211; Helix-Spiralrohr f\u00fcr Durchf\u00fchrungen von flexiblen Steuerkabeln, Kabeln und Kraftstoffleitungen. Maximale Kr\u00fcmmungsradien von 15 cm.<\/p>\n","protected":false},"featured_media":5942610,"comment_status":"closed","ping_status":"closed","template":"","meta":[],"product_brand":[3500],"product_cat":[1536,1541,1497],"product_tag":[],"class_list":{"0":"post-3418215","1":"product","2":"type-product","3":"status-publish","4":"has-post-thumbnail","6":"product_brand-ultraflex-uflex-de","7":"product_cat-hydraulische-lenkung","8":"product_cat-kabelsteuerung","9":"product_cat-morse-steuerkabel","11":"first","12":"instock","13":"shipping-taxable","14":"purchasable","15":"product-type-simple"},"_links":{"self":[{"href":"https:\/\/stoic-curie.212-227-153-4.plesk.page\/de\/wp-json\/wp\/v2\/product\/3418215","targetHints":{"allow":["GET"]}}],"collection":[{"href":"https:\/\/stoic-curie.212-227-153-4.plesk.page\/de\/wp-json\/wp\/v2\/product"}],"about":[{"href":"https:\/\/stoic-curie.212-227-153-4.plesk.page\/de\/wp-json\/wp\/v2\/types\/product"}],"replies":[{"embeddable":true,"href":"https:\/\/stoic-curie.212-227-153-4.plesk.page\/de\/wp-json\/wp\/v2\/comments?post=3418215"}],"version-history":[{"count":0,"href":"https:\/\/stoic-curie.212-227-153-4.plesk.page\/de\/wp-json\/wp\/v2\/product\/3418215\/revisions"}],"wp:featuredmedia":[{"embeddable":true,"href":"https:\/\/stoic-curie.212-227-153-4.plesk.page\/de\/wp-json\/wp\/v2\/media\/5942610"}],"wp:attachment":[{"href":"https:\/\/stoic-curie.212-227-153-4.plesk.page\/de\/wp-json\/wp\/v2\/media?parent=3418215"}],"wp:term":[{"taxonomy":"product_brand","embeddable":true,"href":"https:\/\/stoic-curie.212-227-153-4.plesk.page\/de\/wp-json\/wp\/v2\/product_brand?post=3418215"},{"taxonomy":"product_cat","embeddable":true,"href":"https:\/\/stoic-curie.212-227-153-4.plesk.page\/de\/wp-json\/wp\/v2\/product_cat?post=3418215"},{"taxonomy":"product_tag","embeddable":true,"href":"https:\/\/stoic-curie.212-227-153-4.plesk.page\/de\/wp-json\/wp\/v2\/product_tag?post=3418215"}],"curies":[{"name":"wp","href":"https:\/\/api.w.org\/{rel}","templated":true}]}}